{"id":9230,"date":"2024-09-17T14:29:44","date_gmt":"2024-09-17T12:29:44","guid":{"rendered":"https:\/\/antcube.shop\/en\/product\/antcube-arena-60x30x10-flach\/"},"modified":"2026-03-31T12:06:28","modified_gmt":"2026-03-31T10:06:28","slug":"antcube-arena-60x30x10-dzivoklis","status":"publish","type":"product","link":"https:\/\/antcube.shop\/lv\/products\/antcube-arena-60x30x10-dzivoklis\/","title":{"rendered":"ANTCUBE - Arena 60x30x10 - plakana"},"content":{"rendered":"<p><span data-text-color=\"alert\"><strong>Pieg\u0101de iesp\u0113jama tikai ar GO! iek\u0161pus\u0113 V\u0101cij\u0101 vai ar paletes iek\u0161pus\u0113 Eirop\u0101 (bez sal\u0101m)<\/strong><\/span><\/p>\n<p><strong>Izm\u0113ri:<\/strong> 600 x 300 x 300 mm; 4 mm stikla biezums<\/p>\n<p><strong>Materi\u0101ls:<\/strong> Peldo\u0161ais stikls<\/p>\n<p><strong>Savienojums:<\/strong> 2x caurums 50 mm<\/p>\n<p><strong>Apraksts:<\/strong><br \/>\nStikla izlietne 60x30x30 cm ar 2x 50 mm caurumu<br \/>\nCaurums (centra punkts) ir 3 cm augstum\u0101.<\/p>\n<p><strong>Piez\u012bme:<\/strong> Stikls tiek griezts saska\u0146\u0101 ar DIN 1249 ar pielaidi +\/;- 1 mm. \u012apa\u0161i maz\u0101m skudru sug\u0101m ir nepiecie\u0161ama papildu aizsardz\u012bba pret skudru izb\u0113g\u0161anu.<\/p>","protected":false},"excerpt":{"rendered":"<p><strong>Savienojums:<\/strong> 2x caurums 50 mm<br \/>\n<strong>Izm\u0113rs:<\/strong> S, M, L, XL<\/p>","protected":false},"featured_media":9520,"comment_status":"open","ping_status":"closed","template":"","meta":{"_acf_changed":false,"content-type":"","_monsterinsights_skip_tracking":false,"_monsterinsights_sitenote_active":false,"_monsterinsights_sitenote_note":"","_monsterinsights_sitenote_category":0},"product_brand":[],"product_cat":[85,86],"product_tag":[],"class_list":{"0":"post-9230","1":"product","2":"type-product","3":"status-publish","4":"has-post-thumbnail","6":"product_cat-ant-arenas","7":"product_cat-formicariums","8":"product_shipping_class-fragile","10":"first","11":"instock","12":"taxable","13":"shipping-taxable","14":"purchasable","15":"product-type-simple"},"acf":[],"aioseo_notices":[],"jetpack_sharing_enabled":true,"_links":{"self":[{"href":"https:\/\/antcube.shop\/lv\/wp-json\/wp\/v2\/product\/9230","targetHints":{"allow":["GET"]}}],"collection":[{"href":"https:\/\/antcube.shop\/lv\/wp-json\/wp\/v2\/product"}],"about":[{"href":"https:\/\/antcube.shop\/lv\/wp-json\/wp\/v2\/types\/product"}],"replies":[{"embeddable":true,"href":"https:\/\/antcube.shop\/lv\/wp-json\/wp\/v2\/comments?post=9230"}],"wp:featuredmedia":[{"embeddable":true,"href":"https:\/\/antcube.shop\/lv\/wp-json\/wp\/v2\/media\/9520"}],"wp:attachment":[{"href":"https:\/\/antcube.shop\/lv\/wp-json\/wp\/v2\/media?parent=9230"}],"wp:term":[{"taxonomy":"product_brand","embeddable":true,"href":"https:\/\/antcube.shop\/lv\/wp-json\/wp\/v2\/product_brand?post=9230"},{"taxonomy":"product_cat","embeddable":true,"href":"https:\/\/antcube.shop\/lv\/wp-json\/wp\/v2\/product_cat?post=9230"},{"taxonomy":"product_tag","embeddable":true,"href":"https:\/\/antcube.shop\/lv\/wp-json\/wp\/v2\/product_tag?post=9230"}],"curies":[{"name":"wp","href":"https:\/\/api.w.org\/{rel}","templated":true}]}}