{"id":9225,"date":"2024-09-17T14:27:37","date_gmt":"2024-09-17T12:27:37","guid":{"rendered":"https:\/\/antcube.shop\/en\/product\/antcube-ameisenarenaeinsatz-xl-30x30\/"},"modified":"2026-03-12T18:00:40","modified_gmt":"2026-03-12T17:00:40","slug":"antcube-skudru-arenas-ieliktnis-xl-30x30","status":"publish","type":"product","link":"https:\/\/antcube.shop\/lv\/products\/antcube-skudru-arenas-ieliktnis-xl-30x30\/","title":{"rendered":"ANTCUBE skudru ar\u0113nas ieliktnis - L - 30\u00d730"},"content":{"rendered":"<p><strong>Izm\u0113ri:<\/strong><br \/>\n\u0101r\u0113jais izm\u0113rs: 290 x 58 x 276 mm<br \/>\niek\u0161\u0113jais izm\u0113rs: 284 x 50 x 269 mm<\/p>\n<p><strong>Materi\u0101ls:<\/strong> float stikls<\/p>\n<p><strong>Kr\u0101sa:<\/strong> caursp\u012bd\u012bgs<\/p>\n<p><strong>Saturs:<\/strong><br \/>\n1x skudru ar\u0113nas ieliktnis<br \/>\n1x v\u0101ks<br \/>\n1x stiprin\u0101juma punkti 2 gab.<\/p>\n<p><strong>Apraksts:<\/strong><br \/>\n\u0160o ligzdas ieliktni var ievietot ANTCUBE skudru ar\u0113n\u0101 un piepild\u012bt ar materi\u0101lu, kas ir piem\u0113rots rak\u0161anai (piem\u0113ram, smil\u0161u\/m\u0101la mais\u012bjumu vai Digfix). \u012apa\u0161\u0101 iez\u012bme ir t\u0101, ka to var viegli iz\u0146emt no ar\u0113nas, piem\u0113ram, lai p\u0101rziemotu kop\u0101 ar skudr\u0101m. Apak\u0161\u0113j\u0101 da\u013c\u0101 ir divi 10 mm caurumi ieejai un izejai un ventil\u0101cijai. Tos var aiztais\u012bt ar 10 mm aizb\u0101\u017e\u0146iem ziemo\u0161anai (tie nav iek\u013cauti komplekt\u0101).<\/p>\n<p><strong>Piez\u012bme:<\/strong> Stikls tiek sagriezts atbilsto\u0161i izm\u0113ram saska\u0146\u0101 ar DIN 1249 ar pielaidi +\/- 1 mm. \u012apa\u0161i maz\u0101m skudru sug\u0101m ir nepiecie\u0161ama papildu aizsardz\u012bba pret izlau\u0161anos.<\/p>","protected":false},"excerpt":{"rendered":"<p>Izm\u0113rs: <span style=\"color: #ff0000;\"><strong>XL<\/strong><\/span><\/p>","protected":false},"featured_media":9531,"comment_status":"open","ping_status":"closed","template":"","meta":{"_acf_changed":false,"content-type":"","_monsterinsights_skip_tracking":false,"_monsterinsights_sitenote_active":false,"_monsterinsights_sitenote_note":"","_monsterinsights_sitenote_category":0},"product_brand":[],"product_cat":[91,94],"product_tag":[],"class_list":{"0":"post-9225","1":"product","2":"type-product","3":"status-publish","4":"has-post-thumbnail","6":"product_cat-formicarium-modules","7":"product_cat-arena-inset","9":"first","10":"instock","11":"taxable","12":"shipping-taxable","13":"purchasable","14":"product-type-simple"},"acf":[],"aioseo_notices":[],"jetpack_sharing_enabled":true,"_links":{"self":[{"href":"https:\/\/antcube.shop\/lv\/wp-json\/wp\/v2\/product\/9225","targetHints":{"allow":["GET"]}}],"collection":[{"href":"https:\/\/antcube.shop\/lv\/wp-json\/wp\/v2\/product"}],"about":[{"href":"https:\/\/antcube.shop\/lv\/wp-json\/wp\/v2\/types\/product"}],"replies":[{"embeddable":true,"href":"https:\/\/antcube.shop\/lv\/wp-json\/wp\/v2\/comments?post=9225"}],"wp:featuredmedia":[{"embeddable":true,"href":"https:\/\/antcube.shop\/lv\/wp-json\/wp\/v2\/media\/9531"}],"wp:attachment":[{"href":"https:\/\/antcube.shop\/lv\/wp-json\/wp\/v2\/media?parent=9225"}],"wp:term":[{"taxonomy":"product_brand","embeddable":true,"href":"https:\/\/antcube.shop\/lv\/wp-json\/wp\/v2\/product_brand?post=9225"},{"taxonomy":"product_cat","embeddable":true,"href":"https:\/\/antcube.shop\/lv\/wp-json\/wp\/v2\/product_cat?post=9225"},{"taxonomy":"product_tag","embeddable":true,"href":"https:\/\/antcube.shop\/lv\/wp-json\/wp\/v2\/product_tag?post=9225"}],"curies":[{"name":"wp","href":"https:\/\/api.w.org\/{rel}","templated":true}]}}