{"id":9222,"date":"2024-09-17T14:26:28","date_gmt":"2024-09-17T12:26:28","guid":{"rendered":"https:\/\/antcube.shop\/en\/product\/antcube-ameisenfarm-xl-40x20-stehend\/"},"modified":"2026-03-09T18:09:35","modified_gmt":"2026-03-09T17:09:35","slug":"antcube-skudru-ferma-xl-40x20-stavus","status":"publish","type":"product","link":"https:\/\/antcube.shop\/lv\/products\/antcube-skudru-ferma-xl-40x20-stavus\/","title":{"rendered":"ANTCUBE - Skudru ferma - XL - 40\u00d720 - vertik\u0101l\u0101 statne"},"content":{"rendered":"<p><strong>Izm\u0113ri (LxWxH):<\/strong><br \/>\n\u0101r\u0113jais izm\u0113rs: 390x58x299 mm<br \/>\niek\u0161\u0113jais izm\u0113rs: 384x50x190 mm<\/p>\n<p><strong>Materi\u0101ls:<\/strong><br \/>\nPeldo\u0161ais stikls, plastmasa<\/p>\n<p><strong>kr\u0101sa:<\/strong><br \/>\nkrist\u0101ldzidrs<\/p>\n<p><strong>Saturs:<\/strong><br \/>\n1x ANTCUBE skudru ferma - 52 mm att\u0101lums starp pl\u0101ksn\u0113m<br \/>\n1x skudru fermas v\u0101ks XL 40\u00d76<br \/>\n2x kontaktdak\u0161as 4 mm<\/p>\n<p><strong>Savienojums:<\/strong><br \/>\nAb\u0101s pus\u0113s ir 27 mm caurums, lai \u0161o fermu var\u0113tu savienot ar 28 mm \u0161\u013c\u016bteni vai m\u016bsu \"tvertnes savienot\u0101ju ar \u0161\u013c\u016bteni 27 mm caurumiem\".<br \/>\n2x 4 mm caurumi ar 4 mm aizb\u0101\u017e\u0146iem.<\/p>\n<p><strong>Apraksts:<\/strong><br \/>\n\u0160\u012b piln\u012bb\u0101 caursp\u012bd\u012bg\u0101 skudru ferma ir piem\u0113rota L izm\u0113ra skudru sug\u0101m.<\/p>\n<p><strong>Piez\u012bmes par ra\u017eo\u0161anu<\/strong><br \/>\nStikls tiek griezts saska\u0146\u0101 ar DIN 1249 ar pielaidi +\/;- 1 mm. \u012apa\u0161i maz\u0101m skudru sug\u0101m ir nepiecie\u0161ama papildu aizsardz\u012bba pret skudru izb\u0113g\u0161anu.<\/p>\n<p><strong>Piez\u012bme par saimniec\u012bbu<\/strong><br \/>\nPiestiprinot caurules, \u0146emiet v\u0113r\u0101 turpm\u0101k nor\u0101d\u012bto:<br \/>\nJa caurul\u012bti ir \u013coti gr\u016bti ievietot savienojuma ligzd\u0101, ligzda ir viegli j\u0101noberz\u0113 ar pilienu m\u016bsu e\u013c\u013cas vai pulvera aizsardz\u012bbai pret izlau\u0161anos. P\u0113c tam \u0161\u013c\u016btene j\u0101uzstumj uz savienojuma ligzdas, veicot pagrie\u017eamas vai skr\u016bv\u0113jamas kust\u012bbas, nesasprindzinot ligzdu ar kust\u012bb\u0101m uz aug\u0161u un uz leju.<\/p>","protected":false},"excerpt":{"rendered":"<p><strong>Savienojums:<\/strong> 27 mm caurums<br \/>\n<strong>Gr\u00f6\u00dfe<\/strong>: <span style=\"font-size: small;\"><span style=\"font-family: Arial;\"><strong>XL<\/strong><\/span><\/span><\/p>","protected":false},"featured_media":9537,"comment_status":"open","ping_status":"closed","template":"","meta":{"_acf_changed":false,"content-type":"","_monsterinsights_skip_tracking":false,"_monsterinsights_sitenote_active":false,"_monsterinsights_sitenote_note":"","_monsterinsights_sitenote_category":0},"product_brand":[],"product_cat":[80,84],"product_tag":[],"class_list":{"0":"post-9222","1":"product","2":"type-product","3":"status-publish","4":"has-post-thumbnail","6":"product_cat-antfarms","7":"product_cat-antfarms-xl","9":"first","10":"instock","11":"taxable","12":"shipping-taxable","13":"purchasable","14":"product-type-simple"},"acf":[],"aioseo_notices":[],"jetpack_sharing_enabled":true,"_links":{"self":[{"href":"https:\/\/antcube.shop\/lv\/wp-json\/wp\/v2\/product\/9222","targetHints":{"allow":["GET"]}}],"collection":[{"href":"https:\/\/antcube.shop\/lv\/wp-json\/wp\/v2\/product"}],"about":[{"href":"https:\/\/antcube.shop\/lv\/wp-json\/wp\/v2\/types\/product"}],"replies":[{"embeddable":true,"href":"https:\/\/antcube.shop\/lv\/wp-json\/wp\/v2\/comments?post=9222"}],"wp:featuredmedia":[{"embeddable":true,"href":"https:\/\/antcube.shop\/lv\/wp-json\/wp\/v2\/media\/9537"}],"wp:attachment":[{"href":"https:\/\/antcube.shop\/lv\/wp-json\/wp\/v2\/media?parent=9222"}],"wp:term":[{"taxonomy":"product_brand","embeddable":true,"href":"https:\/\/antcube.shop\/lv\/wp-json\/wp\/v2\/product_brand?post=9222"},{"taxonomy":"product_cat","embeddable":true,"href":"https:\/\/antcube.shop\/lv\/wp-json\/wp\/v2\/product_cat?post=9222"},{"taxonomy":"product_tag","embeddable":true,"href":"https:\/\/antcube.shop\/lv\/wp-json\/wp\/v2\/product_tag?post=9222"}],"curies":[{"name":"wp","href":"https:\/\/api.w.org\/{rel}","templated":true}]}}