{"id":9215,"date":"2024-09-17T14:23:32","date_gmt":"2024-09-17T12:23:32","guid":{"rendered":"https:\/\/antcube.shop\/en\/product\/rote-abdeckplatte-30x30-liegend\/"},"modified":"2026-03-19T18:11:45","modified_gmt":"2026-03-19T17:11:45","slug":"sarkana-vaka-plaksne-30x30-horizontali","status":"publish","type":"product","link":"https:\/\/antcube.shop\/lv\/products\/sarkana-vaka-plaksne-30x30-horizontali\/","title":{"rendered":"Sarkana v\u0101ka pl\u0101ksne 30\u00d730 - horizont\u0101la"},"content":{"rendered":"<p><strong>Izm\u0113ri:<\/strong> 280 x 280 mm,<br \/>\nBiezums: 3 mm<br \/>\n56 mm cauruma gredzena \u0101r\u0113jais izm\u0113rs - 33 mm cauruma iek\u0161\u0113jais izm\u0113rs<\/p>\n<p><strong>Materi\u0101ls:<\/strong> PMMA<\/p>\n<p><strong>Kr\u0101sa:<\/strong> tum\u0161i sarkans, caursp\u012bd\u012bgs<\/p>\n<p><strong>Saturs:<\/strong> 1 gab.<\/p>\n<p><strong>Apraksts:<\/strong> Sarkan\u0101 caursp\u012bd\u012bg\u0101 horizont\u0101l\u0101 p\u0101rsega pl\u0101ksne tiek izmantota, lai skudr\u0101m rad\u012btu pazemes saj\u016btu. T\u0101p\u0113c m\u0113s iesak\u0101m izmantot \u0161o produktu vismaz da\u013c\u0113ji ligzdas zon\u0101. Caur v\u0101ku var pat redz\u0113t skudras ligzd\u0101.<\/p>\n<p>\u0160\u012b p\u0101rsega pl\u0101ksne ir ide\u0101li piem\u0113rota m\u016bsu \"ANTCUBE - \u0123ip\u0161a ligzda 30\u00d730 - horizont\u0101la\".<\/p>","protected":false},"excerpt":{"rendered":"<p>Izm\u0113ri: 180 x 180 mm, biezums: Izm\u0113rs: 3 mm 56 mm \u0101r\u0113jais izm\u0113rs - 33 mm iek\u0161\u0113jais izm\u0113rs Materi\u0101ls: Materi\u0101ls: PMMA Kr\u0101sa: tum\u0161i sarkana, caursp\u012bd\u012bga Sast\u0101vs: Sast\u0101vs: 1 gab. Apraksts: Sarkan\u0101 caursp\u012bd\u012bg\u0101 horizont\u0101l\u0101 v\u0101ka pl\u0101ksne tiek izmantota, lai rad\u012btu skudr\u0101m pazemes saj\u016btu. T\u0101p\u0113c m\u0113s iesak\u0101m izmantot \u0161o izstr\u0101d\u0101jumu vismaz da\u013c\u0113ji.","protected":false},"featured_media":9552,"comment_status":"open","ping_status":"closed","template":"","meta":{"_acf_changed":false,"content-type":"","_monsterinsights_skip_tracking":false,"_monsterinsights_sitenote_active":false,"_monsterinsights_sitenote_note":"","_monsterinsights_sitenote_category":0},"product_brand":[],"product_cat":[119,239],"product_tag":[],"class_list":{"0":"post-9215","1":"product","2":"type-product","3":"status-publish","4":"has-post-thumbnail","6":"product_cat-formicarium-components","7":"product_cat-useful-additions","9":"first","10":"instock","11":"taxable","12":"shipping-taxable","13":"purchasable","14":"product-type-simple"},"acf":[],"aioseo_notices":[],"jetpack_sharing_enabled":true,"_links":{"self":[{"href":"https:\/\/antcube.shop\/lv\/wp-json\/wp\/v2\/product\/9215","targetHints":{"allow":["GET"]}}],"collection":[{"href":"https:\/\/antcube.shop\/lv\/wp-json\/wp\/v2\/product"}],"about":[{"href":"https:\/\/antcube.shop\/lv\/wp-json\/wp\/v2\/types\/product"}],"replies":[{"embeddable":true,"href":"https:\/\/antcube.shop\/lv\/wp-json\/wp\/v2\/comments?post=9215"}],"wp:featuredmedia":[{"embeddable":true,"href":"https:\/\/antcube.shop\/lv\/wp-json\/wp\/v2\/media\/9552"}],"wp:attachment":[{"href":"https:\/\/antcube.shop\/lv\/wp-json\/wp\/v2\/media?parent=9215"}],"wp:term":[{"taxonomy":"product_brand","embeddable":true,"href":"https:\/\/antcube.shop\/lv\/wp-json\/wp\/v2\/product_brand?post=9215"},{"taxonomy":"product_cat","embeddable":true,"href":"https:\/\/antcube.shop\/lv\/wp-json\/wp\/v2\/product_cat?post=9215"},{"taxonomy":"product_tag","embeddable":true,"href":"https:\/\/antcube.shop\/lv\/wp-json\/wp\/v2\/product_tag?post=9215"}],"curies":[{"name":"wp","href":"https:\/\/api.w.org\/{rel}","templated":true}]}}