{"id":9213,"date":"2024-09-17T14:22:15","date_gmt":"2024-09-17T12:22:15","guid":{"rendered":"https:\/\/antcube.shop\/en\/product\/tiger-aloe-10cm\/"},"modified":"2026-03-11T13:48:50","modified_gmt":"2026-03-11T12:48:50","slug":"tigera-alveja-10cm","status":"publish","type":"product","link":"https:\/\/antcube.shop\/lv\/products\/tigera-alveja-10cm\/","title":{"rendered":"T\u012b\u0123era alveja - 10cm"},"content":{"rendered":"<p><strong>Izm\u0113ri:<\/strong> 99 x 95 x 105 mm<\/p>\n<p><strong>Materi\u0101ls:<\/strong> polim\u0113rbetons, m\u0101ls, plastmasa<\/p>\n<p><strong>Kr\u0101sa:<\/strong><br \/>\nPamatne: pel\u0113ka-za\u013ca<br \/>\nAugs: za\u013c\u0161 ar sarkan\u012bgi br\u016bniem galiem<\/p>\n<p><strong>Saturs:<\/strong> 1 gab.<\/p>\n<p><strong>Apraksts:<\/strong> Tiger Aloe ir izgatavots no iztur\u012bgas plastmasas, un tam ir sint\u0113tisko sve\u0137u pamats ar akmens izskatu. Tas padara to \u012bpa\u0161i iztur\u012bgu, un to nevar saboj\u0101t skudras.<br \/>\nTom\u0113r tas izskat\u0101s \u013coti dabiski un pievilc\u012bgi, un to var viegli integr\u0113t formik\u0101rij\u0101.<\/p>\n<p><strong>Piez\u012bme:<\/strong> Pirms lieto\u0161anas not\u012briet zem teko\u0161a \u016bdens!<\/p>","protected":false},"excerpt":{"rendered":"<p>Izm\u0113ri: Materi\u0101ls: polim\u0113rbetons, m\u0101ls, plastmasa Kr\u0101sa: Pamatne: pel\u0113kza\u013ca Augs: za\u013c\u0161 ar sarkanbr\u016bniem galiem Saturs: 99 x 95 x 105 mm: Sast\u0101vs: 1 gab: T\u012b\u0123era alveja ir izgatavota no iztur\u012bgas plastmasas un tai ir sint\u0113tisk\u0101s sve\u0137u pamatne ar akmens izskatu. Tas padara to \u012bpa\u0161i iztur\u012bgu, un to nevar saboj\u0101t skudras. Tom\u0113r tas","protected":false},"featured_media":9662,"comment_status":"open","ping_status":"closed","template":"","meta":{"_acf_changed":false,"content-type":"","_monsterinsights_skip_tracking":false,"_monsterinsights_sitenote_active":false,"_monsterinsights_sitenote_note":"","_monsterinsights_sitenote_category":0},"product_brand":[],"product_cat":[98,99],"product_tag":[],"class_list":{"0":"post-9213","1":"product","2":"type-product","3":"status-publish","4":"has-post-thumbnail","6":"product_cat-decoration","7":"product_cat-desert","9":"first","10":"instock","11":"taxable","12":"shipping-taxable","13":"purchasable","14":"product-type-simple"},"acf":[],"aioseo_notices":[],"jetpack_sharing_enabled":true,"_links":{"self":[{"href":"https:\/\/antcube.shop\/lv\/wp-json\/wp\/v2\/product\/9213","targetHints":{"allow":["GET"]}}],"collection":[{"href":"https:\/\/antcube.shop\/lv\/wp-json\/wp\/v2\/product"}],"about":[{"href":"https:\/\/antcube.shop\/lv\/wp-json\/wp\/v2\/types\/product"}],"replies":[{"embeddable":true,"href":"https:\/\/antcube.shop\/lv\/wp-json\/wp\/v2\/comments?post=9213"}],"wp:featuredmedia":[{"embeddable":true,"href":"https:\/\/antcube.shop\/lv\/wp-json\/wp\/v2\/media\/9662"}],"wp:attachment":[{"href":"https:\/\/antcube.shop\/lv\/wp-json\/wp\/v2\/media?parent=9213"}],"wp:term":[{"taxonomy":"product_brand","embeddable":true,"href":"https:\/\/antcube.shop\/lv\/wp-json\/wp\/v2\/product_brand?post=9213"},{"taxonomy":"product_cat","embeddable":true,"href":"https:\/\/antcube.shop\/lv\/wp-json\/wp\/v2\/product_cat?post=9213"},{"taxonomy":"product_tag","embeddable":true,"href":"https:\/\/antcube.shop\/lv\/wp-json\/wp\/v2\/product_tag?post=9213"}],"curies":[{"name":"wp","href":"https:\/\/api.w.org\/{rel}","templated":true}]}}