{"id":9212,"date":"2024-09-17T14:21:53","date_gmt":"2024-09-17T12:21:53","guid":{"rendered":"https:\/\/antcube.shop\/en\/product\/agave-10cm\/"},"modified":"2026-03-11T13:48:49","modified_gmt":"2026-03-11T12:48:49","slug":"agave-10cm","status":"publish","type":"product","link":"https:\/\/antcube.shop\/lv\/products\/agave-10cm\/","title":{"rendered":"Agave - 10cm"},"content":{"rendered":"<p><strong>Izm\u0113ri:<\/strong> 104 x 97 x 103 mm<\/p>\n<p><strong>Materi\u0101ls:<\/strong> polim\u0113rbetons, m\u0101ls, plastmasa<\/p>\n<p><strong>Kr\u0101sa:<\/strong><br \/>\nPamatne: pel\u0113kbr\u016bna<br \/>\nAugs: tum\u0161i za\u013c\u0161-gai\u0161i za\u013c\u0161 ar pel\u0113ku malu<\/p>\n<p><strong>Saturs:<\/strong> 1 gab.<\/p>\n<p><strong>Apraksts:<\/strong> Maz\u0101 agave ir izgatavota no iztur\u012bgas plastmasas, un tai ir sint\u0113tiska sve\u0137u pamatne ar akmens izskatu. Tas padara to \u013coti iztur\u012bgu, un to nevar saboj\u0101t skudras.<br \/>\nTom\u0113r tas izskat\u0101s \u013coti dabiski un pievilc\u012bgi, un to var viegli integr\u0113t formik\u0101rij\u0101.<\/p>\n<p><strong>Piez\u012bme:<\/strong> Pirms lieto\u0161anas not\u012briet zem teko\u0161a \u016bdens!<\/p>","protected":false},"excerpt":{"rendered":"<p>Izm\u0113ri: Materi\u0101ls: polim\u0113rbetons, m\u0101ls, plastmasa Kr\u0101sa: Pamatne: pel\u0113kbr\u016bna Augs: tum\u0161i za\u013c\u0161, gai\u0161i za\u013c\u0161 ar pel\u0113ku malu Saturs: 104 x 97 x 103 mm: Sast\u0101vs: 1 gab: Maz\u0101 agave ir izgatavota no iztur\u012bgas plastmasas, un tai ir sint\u0113tisko sve\u0137u pamats ar akmens izskatu. Tas padara to \u012bpa\u0161i iztur\u012bgu, un to nevar saboj\u0101t skudras.","protected":false},"featured_media":9659,"comment_status":"open","ping_status":"closed","template":"","meta":{"_acf_changed":false,"content-type":"","_monsterinsights_skip_tracking":false,"_monsterinsights_sitenote_active":false,"_monsterinsights_sitenote_note":"","_monsterinsights_sitenote_category":0},"product_brand":[],"product_cat":[98,99],"product_tag":[],"class_list":{"0":"post-9212","1":"product","2":"type-product","3":"status-publish","4":"has-post-thumbnail","6":"product_cat-decoration","7":"product_cat-desert","9":"first","10":"instock","11":"taxable","12":"shipping-taxable","13":"purchasable","14":"product-type-simple"},"acf":[],"aioseo_notices":[],"jetpack_sharing_enabled":true,"_links":{"self":[{"href":"https:\/\/antcube.shop\/lv\/wp-json\/wp\/v2\/product\/9212","targetHints":{"allow":["GET"]}}],"collection":[{"href":"https:\/\/antcube.shop\/lv\/wp-json\/wp\/v2\/product"}],"about":[{"href":"https:\/\/antcube.shop\/lv\/wp-json\/wp\/v2\/types\/product"}],"replies":[{"embeddable":true,"href":"https:\/\/antcube.shop\/lv\/wp-json\/wp\/v2\/comments?post=9212"}],"wp:featuredmedia":[{"embeddable":true,"href":"https:\/\/antcube.shop\/lv\/wp-json\/wp\/v2\/media\/9659"}],"wp:attachment":[{"href":"https:\/\/antcube.shop\/lv\/wp-json\/wp\/v2\/media?parent=9212"}],"wp:term":[{"taxonomy":"product_brand","embeddable":true,"href":"https:\/\/antcube.shop\/lv\/wp-json\/wp\/v2\/product_brand?post=9212"},{"taxonomy":"product_cat","embeddable":true,"href":"https:\/\/antcube.shop\/lv\/wp-json\/wp\/v2\/product_cat?post=9212"},{"taxonomy":"product_tag","embeddable":true,"href":"https:\/\/antcube.shop\/lv\/wp-json\/wp\/v2\/product_tag?post=9212"}],"curies":[{"name":"wp","href":"https:\/\/api.w.org\/{rel}","templated":true}]}}