{"id":9209,"date":"2024-09-17T14:20:13","date_gmt":"2024-09-17T12:20:13","guid":{"rendered":"https:\/\/antcube.shop\/en\/product\/sumpfpflanze\/"},"modified":"2026-04-07T09:38:24","modified_gmt":"2026-04-07T07:38:24","slug":"purva-augs","status":"publish","type":"product","link":"https:\/\/antcube.shop\/lv\/products\/purva-augs\/","title":{"rendered":"purva augs"},"content":{"rendered":"<p><strong>Izm\u0113ri:<\/strong> apm. 90 x 30 x 125 mm<\/p>\n<p><strong>Materi\u0101ls:<\/strong> polim\u0113rbetons, m\u0101ls, plastmasa<\/p>\n<p><strong>Kr\u0101sa:<\/strong><br \/>\nPamatne: za\u013ca, gai\u0161i pel\u0113ka-tum\u0161i pel\u0113ka<br \/>\nAugs: gai\u0161i za\u013c\u0161-tum\u0161i za\u013c\u0161<\/p>\n<p><strong>Saturs:<\/strong> 1 gab.<\/p>\n<p><strong>Apraksts:<\/strong> \u0160ie augi ir izgatavoti no iztur\u012bgas plastmasas, un tiem ir sint\u0113tisko sve\u0137u pamats ar akmens izskatu. Tas padara tos \u013coti iztur\u012bgus, un tos nevar saboj\u0101t skudras. Tom\u0113r tie izskat\u0101s \u013coti dabiski un pievilc\u012bgi, un tos var viegli integr\u0113t formik\u0101rij\u0101.<\/p>\n<p><strong>Piez\u012bme:<\/strong> Pirms lieto\u0161anas not\u012briet zem teko\u0161a \u016bdens!<\/p>","protected":false},"excerpt":{"rendered":"<p>Izm\u0113ri: aptuveni 9 x 3 x 12,5 cm<\/p>","protected":false},"featured_media":9362,"comment_status":"open","ping_status":"closed","template":"","meta":{"_acf_changed":false,"content-type":"","_monsterinsights_skip_tracking":false,"_monsterinsights_sitenote_active":false,"_monsterinsights_sitenote_note":"","_monsterinsights_sitenote_category":0},"product_brand":[],"product_cat":[98,100],"product_tag":[],"class_list":{"0":"post-9209","1":"product","2":"type-product","3":"status-publish","4":"has-post-thumbnail","6":"product_cat-decoration","7":"product_cat-rainforest","9":"first","10":"instock","11":"taxable","12":"shipping-taxable","13":"purchasable","14":"product-type-simple"},"acf":[],"aioseo_notices":[],"jetpack_sharing_enabled":true,"_links":{"self":[{"href":"https:\/\/antcube.shop\/lv\/wp-json\/wp\/v2\/product\/9209","targetHints":{"allow":["GET"]}}],"collection":[{"href":"https:\/\/antcube.shop\/lv\/wp-json\/wp\/v2\/product"}],"about":[{"href":"https:\/\/antcube.shop\/lv\/wp-json\/wp\/v2\/types\/product"}],"replies":[{"embeddable":true,"href":"https:\/\/antcube.shop\/lv\/wp-json\/wp\/v2\/comments?post=9209"}],"wp:featuredmedia":[{"embeddable":true,"href":"https:\/\/antcube.shop\/lv\/wp-json\/wp\/v2\/media\/9362"}],"wp:attachment":[{"href":"https:\/\/antcube.shop\/lv\/wp-json\/wp\/v2\/media?parent=9209"}],"wp:term":[{"taxonomy":"product_brand","embeddable":true,"href":"https:\/\/antcube.shop\/lv\/wp-json\/wp\/v2\/product_brand?post=9209"},{"taxonomy":"product_cat","embeddable":true,"href":"https:\/\/antcube.shop\/lv\/wp-json\/wp\/v2\/product_cat?post=9209"},{"taxonomy":"product_tag","embeddable":true,"href":"https:\/\/antcube.shop\/lv\/wp-json\/wp\/v2\/product_tag?post=9209"}],"curies":[{"name":"wp","href":"https:\/\/api.w.org\/{rel}","templated":true}]}}