{"id":9208,"date":"2024-09-17T14:19:38","date_gmt":"2024-09-17T12:19:38","guid":{"rendered":"https:\/\/antcube.shop\/en\/product\/kleines-fettblatt\/"},"modified":"2026-04-13T09:34:47","modified_gmt":"2026-04-13T07:34:47","slug":"kleines-fettblatt","status":"publish","type":"product","link":"https:\/\/antcube.shop\/lv\/products\/kleines-fettblatt\/","title":{"rendered":"Maz\u0101 tauri\u0146ziede"},"content":{"rendered":"<p><strong>Izm\u0113ri:<\/strong> apm. 70 x 40 x 100 mm<\/p>\n<p><strong>Materi\u0101ls:<\/strong> polim\u0113rbetons, m\u0101ls, plastmasa<\/p>\n<p><strong>Kr\u0101sa:<\/strong><br \/>\nPamatne: za\u013ca, gai\u0161i pel\u0113ka-tum\u0161i pel\u0113ka<br \/>\nAugs: tum\u0161i za\u013c\u0161<\/p>\n<p><strong>Saturs:<\/strong> 1 gab.<\/p>\n<p><strong>Apraksts:<\/strong> Mazais tauri\u0146\u0161 ir izgatavots no iztur\u012bgas plastmasas, un tam ir sint\u0113tiska sve\u0137u pamatne ar akmens izskatu. Tas padara to \u013coti iztur\u012bgu, un to nevar saboj\u0101t skudras. Tom\u0113r tas izskat\u0101s \u013coti dabiski un pievilc\u012bgi, un to var viegli integr\u0113t formik\u0101rij\u0101.<\/p>\n<p><strong>Piez\u012bme:<\/strong> Pirms lieto\u0161anas not\u012briet zem teko\u0161a \u016bdens!<\/p>","protected":false},"excerpt":{"rendered":"<p>Izm\u0113ri: aptuveni 7 x 4 x 10 cm<\/p>","protected":false},"featured_media":9360,"comment_status":"open","ping_status":"closed","template":"","meta":{"_acf_changed":false,"content-type":"","_monsterinsights_skip_tracking":false,"_monsterinsights_sitenote_active":false,"_monsterinsights_sitenote_note":"","_monsterinsights_sitenote_category":0},"product_brand":[],"product_cat":[98,102,100],"product_tag":[],"class_list":{"0":"post-9208","1":"product","2":"type-product","3":"status-publish","4":"has-post-thumbnail","6":"product_cat-decoration","7":"product_cat-meadow","8":"product_cat-rainforest","10":"first","11":"outofstock","12":"taxable","13":"shipping-taxable","14":"purchasable","15":"product-type-simple"},"acf":[],"aioseo_notices":[],"jetpack_sharing_enabled":true,"_links":{"self":[{"href":"https:\/\/antcube.shop\/lv\/wp-json\/wp\/v2\/product\/9208","targetHints":{"allow":["GET"]}}],"collection":[{"href":"https:\/\/antcube.shop\/lv\/wp-json\/wp\/v2\/product"}],"about":[{"href":"https:\/\/antcube.shop\/lv\/wp-json\/wp\/v2\/types\/product"}],"replies":[{"embeddable":true,"href":"https:\/\/antcube.shop\/lv\/wp-json\/wp\/v2\/comments?post=9208"}],"wp:featuredmedia":[{"embeddable":true,"href":"https:\/\/antcube.shop\/lv\/wp-json\/wp\/v2\/media\/9360"}],"wp:attachment":[{"href":"https:\/\/antcube.shop\/lv\/wp-json\/wp\/v2\/media?parent=9208"}],"wp:term":[{"taxonomy":"product_brand","embeddable":true,"href":"https:\/\/antcube.shop\/lv\/wp-json\/wp\/v2\/product_brand?post=9208"},{"taxonomy":"product_cat","embeddable":true,"href":"https:\/\/antcube.shop\/lv\/wp-json\/wp\/v2\/product_cat?post=9208"},{"taxonomy":"product_tag","embeddable":true,"href":"https:\/\/antcube.shop\/lv\/wp-json\/wp\/v2\/product_tag?post=9208"}],"curies":[{"name":"wp","href":"https:\/\/api.w.org\/{rel}","templated":true}]}}