{"id":9207,"date":"2024-09-17T14:19:09","date_gmt":"2024-09-17T12:19:09","guid":{"rendered":"https:\/\/antcube.shop\/en\/product\/grasstein-3cm\/"},"modified":"2026-04-13T09:31:48","modified_gmt":"2026-04-13T07:31:48","slug":"grasstein-3cm","status":"publish","type":"product","link":"https:\/\/antcube.shop\/lv\/products\/grasstein-3cm\/","title":{"rendered":"Z\u0101les akmens - 3cm"},"content":{"rendered":"<p><strong>Izm\u0113ri:<\/strong> aptuveni 86 x 29 x 30 mm<\/p>\n<p><strong>Materi\u0101ls:<\/strong> polim\u0113rbetons, m\u0101ls, plastmasa<\/p>\n<p><strong>Kr\u0101sa:<\/strong><br \/>\nPamatne: za\u013ca, tum\u0161i pel\u0113ka<br \/>\nAugs: gai\u0161i za\u013c\u0161-tum\u0161i za\u013c\u0161<\/p>\n<p><strong>Saturs:<\/strong> 1 gab.<\/p>\n<p><strong>Apraksts:<\/strong> \u0160ie augi ir izgatavoti no iztur\u012bgas plastmasas, un tiem ir sint\u0113tisko sve\u0137u pamats ar akmens izskatu. Tas padara tos \u013coti iztur\u012bgus, un tos nevar saboj\u0101t skudras. Tom\u0113r tie izskat\u0101s \u013coti dabiski un pievilc\u012bgi, un tos var viegli integr\u0113t formik\u0101rij\u0101.<\/p>\n<p><strong>Piez\u012bme:<\/strong> Pirms lieto\u0161anas not\u012briet zem teko\u0161a \u016bdens!<\/p>\n<p>&nbsp;<\/p>","protected":false},"excerpt":{"rendered":"<p>Izm\u0113ri: aptuveni 86 x 29 x 30 mm Materi\u0101ls: polim\u0113rbetons, m\u0101ls, plastmasa Kr\u0101sa: Pamatne: za\u013ca, tum\u0161i pel\u0113ka Augs: gai\u0161i za\u013c\u0161-tum\u0161i za\u013c\u0161 Saturs: Sast\u0101vs: 1 gab. Apraksts: 1 gab: \u0160iem augiem ir izgatavoti no iztur\u012bgas plastmasas, un tiem ir sint\u0113tisko sve\u0137u pamats ar akmens izskatu. Tas padara tos \u012bpa\u0161i iztur\u012bgus, un tos nevar saboj\u0101t skudras.","protected":false},"featured_media":9356,"comment_status":"open","ping_status":"closed","template":"","meta":{"_acf_changed":false,"content-type":"","_monsterinsights_skip_tracking":false,"_monsterinsights_sitenote_active":false,"_monsterinsights_sitenote_note":"","_monsterinsights_sitenote_category":0},"product_brand":[],"product_cat":[98,102],"product_tag":[],"class_list":{"0":"post-9207","1":"product","2":"type-product","3":"status-publish","4":"has-post-thumbnail","6":"product_cat-decoration","7":"product_cat-meadow","9":"first","10":"instock","11":"taxable","12":"shipping-taxable","13":"purchasable","14":"product-type-simple"},"acf":[],"aioseo_notices":[],"jetpack_sharing_enabled":true,"_links":{"self":[{"href":"https:\/\/antcube.shop\/lv\/wp-json\/wp\/v2\/product\/9207","targetHints":{"allow":["GET"]}}],"collection":[{"href":"https:\/\/antcube.shop\/lv\/wp-json\/wp\/v2\/product"}],"about":[{"href":"https:\/\/antcube.shop\/lv\/wp-json\/wp\/v2\/types\/product"}],"replies":[{"embeddable":true,"href":"https:\/\/antcube.shop\/lv\/wp-json\/wp\/v2\/comments?post=9207"}],"wp:featuredmedia":[{"embeddable":true,"href":"https:\/\/antcube.shop\/lv\/wp-json\/wp\/v2\/media\/9356"}],"wp:attachment":[{"href":"https:\/\/antcube.shop\/lv\/wp-json\/wp\/v2\/media?parent=9207"}],"wp:term":[{"taxonomy":"product_brand","embeddable":true,"href":"https:\/\/antcube.shop\/lv\/wp-json\/wp\/v2\/product_brand?post=9207"},{"taxonomy":"product_cat","embeddable":true,"href":"https:\/\/antcube.shop\/lv\/wp-json\/wp\/v2\/product_cat?post=9207"},{"taxonomy":"product_tag","embeddable":true,"href":"https:\/\/antcube.shop\/lv\/wp-json\/wp\/v2\/product_tag?post=9207"}],"curies":[{"name":"wp","href":"https:\/\/api.w.org\/{rel}","templated":true}]}}