{"id":8975,"date":"2024-08-19T20:52:02","date_gmt":"2024-08-19T18:52:02","guid":{"rendered":"https:\/\/antcube.shop\/product\/abstandshalter-fur-50mm-rohr\/"},"modified":"2026-01-12T12:40:38","modified_gmt":"2026-01-12T11:40:38","slug":"starplikas-50-mm-caurulei","status":"publish","type":"product","link":"https:\/\/antcube.shop\/lv\/products\/starplikas-50-mm-caurulei\/","title":{"rendered":"Starplikas 50 mm caurulei"},"content":{"rendered":"<p><strong>Izstr\u0101d\u0101juma izm\u0113ri:<\/strong> 49x19x8 mm (starplikas)<\/p>\n<p><strong>Materi\u0101ls:<\/strong> akrila stikls, atsperu t\u0113rauds<\/p>\n<p><strong>Kr\u0101sa:<\/strong> balta, t\u0113rauda pel\u0113ka<\/p>\n<p><strong>Saturs:<\/strong><br \/>\n1x starplika<br \/>\n1x skavas tur\u0113t\u0101js - atsperu t\u0113rauds 50 mm<br \/>\n2x skr\u016bve un d\u012bbelis sienas mont\u0101\u017eai<br \/>\n2x maza skr\u016bve skavas tur\u0113t\u0101ja piestiprin\u0101\u0161anai pie starplikas<\/p>\n<p><strong>Apraksts:<\/strong><br \/>\nDistances akrila cauru\u013cu piestiprin\u0101\u0161anai pie sienas. Tie tika izstr\u0101d\u0101ti, lai savienotu m\u016bsu sienas ar\u0113nas un sienas skudru fermas sav\u0101 starp\u0101 vai ar citiem elementiem, izmantojot akrila caurules. Tas aizpilda spraugu starp sienu un akrila caurul\u0113m un \u013cauj akrila caurules dro\u0161i, stingri un vizu\u0101li pievilc\u012bgi nostiprin\u0101t ar skavu tur\u0113t\u0101jiem.<\/p>\n<p><strong>Piez\u012bme:<\/strong><br \/>\nPieg\u0101d\u0101ts atsevi\u0161\u0137\u0101s da\u013c\u0101s, un tas j\u0101pievieno, izmantojot Phillips skr\u016bvgriezi.<br \/>\nAb\u0101s starplikas pus\u0113s ir pl\u0101nas aizsargpl\u0113ves. Vienk\u0101r\u0161i no\u0146emiet t\u0101s.<\/p>\n<p><strong>Aizdare:<\/strong><br \/>\nLai piestiprin\u0101tu 2 \"S6\" sienas d\u012bbe\u013cus sien\u0101, ir nepiecie\u0161ams urbis ar 6 mm urbi (koka, akmens vai met\u0101la atkar\u012bb\u0101 no materi\u0101la).<br \/>\nSien\u0101 j\u0101izurbj 40 mm dzi\u013ci urbumi, lai var\u0113tu iedzi\u013cin\u0101t 6x30 mm d\u012bbe\u013cus ar 4,5x40 mm skr\u016bv\u0113m.<br \/>\n<strong>Nepiecie\u0161ams mont\u0101\u017eai:<\/strong><br \/>\n- Spirta l\u012bme\u0146r\u0101dis<br \/>\n- L\u012bmlente, lai nevajadz\u0113tu mar\u0137\u0113t zem\u0101k eso\u0161o sienu.<br \/>\n- Phillips skr\u016bvgriezis<br \/>\n- Urbis\/dzirvgriezis atkar\u012bb\u0101 no sienas<br \/>\n- 6 mm urbis (koka, akmens vai met\u0101la, atkar\u012bb\u0101 no virsmas)<\/p>","protected":false},"excerpt":{"rendered":"<p>Izstr\u0101d\u0101juma izm\u0113ri: Materi\u0101ls: akrila stikls, atsperu t\u0113rauds Kr\u0101sa: balta, t\u0113rauda pel\u0113ka Saturs: balta, t\u0113rauda pel\u0113ka: Sast\u0101vs: 1x starplika 1x skavas tur\u0113t\u0101js - atsperu t\u0113rauds 20 mm 2x skr\u016bve un d\u012bbelis sienas mont\u0101\u017eai 1x maza skr\u016bve skavas tur\u0113t\u0101ja piestiprin\u0101\u0161anai pie starplikas Apraksts: Starplikas akrila cauru\u013cu piestiprin\u0101\u0161anai pie sienas. Tie tika izstr\u0101d\u0101ti, lai","protected":false},"featured_media":8988,"comment_status":"open","ping_status":"closed","template":"","meta":{"_acf_changed":false,"content-type":"","_monsterinsights_skip_tracking":false,"_monsterinsights_sitenote_active":false,"_monsterinsights_sitenote_note":"","_monsterinsights_sitenote_category":0},"product_brand":[],"product_cat":[345,119,120],"product_tag":[],"class_list":{"0":"post-8975","1":"product","2":"type-product","3":"status-publish","4":"has-post-thumbnail","6":"product_cat-pipe-connectors","7":"product_cat-formicarium-components","8":"product_cat-hoses","10":"first","11":"instock","12":"taxable","13":"shipping-taxable","14":"purchasable","15":"product-type-simple"},"acf":[],"aioseo_notices":[],"jetpack_sharing_enabled":true,"_links":{"self":[{"href":"https:\/\/antcube.shop\/lv\/wp-json\/wp\/v2\/product\/8975","targetHints":{"allow":["GET"]}}],"collection":[{"href":"https:\/\/antcube.shop\/lv\/wp-json\/wp\/v2\/product"}],"about":[{"href":"https:\/\/antcube.shop\/lv\/wp-json\/wp\/v2\/types\/product"}],"replies":[{"embeddable":true,"href":"https:\/\/antcube.shop\/lv\/wp-json\/wp\/v2\/comments?post=8975"}],"wp:featuredmedia":[{"embeddable":true,"href":"https:\/\/antcube.shop\/lv\/wp-json\/wp\/v2\/media\/8988"}],"wp:attachment":[{"href":"https:\/\/antcube.shop\/lv\/wp-json\/wp\/v2\/media?parent=8975"}],"wp:term":[{"taxonomy":"product_brand","embeddable":true,"href":"https:\/\/antcube.shop\/lv\/wp-json\/wp\/v2\/product_brand?post=8975"},{"taxonomy":"product_cat","embeddable":true,"href":"https:\/\/antcube.shop\/lv\/wp-json\/wp\/v2\/product_cat?post=8975"},{"taxonomy":"product_tag","embeddable":true,"href":"https:\/\/antcube.shop\/lv\/wp-json\/wp\/v2\/product_tag?post=8975"}],"curies":[{"name":"wp","href":"https:\/\/api.w.org\/{rel}","templated":true}]}}