{"id":8971,"date":"2024-08-19T20:48:56","date_gmt":"2024-08-19T18:48:56","guid":{"rendered":"https:\/\/antcube.shop\/product\/bundle-offer-camponotus-ligniperdus\/"},"modified":"2026-03-16T16:48:12","modified_gmt":"2026-03-16T15:48:12","slug":"komplekts-piedavajums-camponotus-ligniperdus","status":"publish","type":"product","link":"https:\/\/antcube.shop\/lv\/products\/komplekts-piedavajums-camponotus-ligniperdus\/","title":{"rendered":"Komplekta pied\u0101v\u0101jums - Camponotus ligniperdus"},"content":{"rendered":"<p><span data-text-color=\"secondary\"><strong>Komplekta pied\u0101v\u0101jums, ieskaitot Camponotus ligniperdus skudru koloniju (karaliene ar 1-4 str\u0101dniekiem + mazu\u013ci)<\/strong><\/span><\/p>\n<p><span data-text-color=\"alert\"><strong>Tikai l\u012bdz kr\u0101jumu beig\u0101m.<\/strong><\/span><\/p>\n<p><strong>Viss nepiecie\u0161amais Camponotus ligniperdus skudru kolonijai:<\/strong><br \/>\n\u0160aj\u0101 komplekt\u0101 ir viss, kas nepiecie\u0161ams, lai veiksm\u012bgi izaudz\u0113tu Camponotus ligniperdus koloniju pirmajos m\u0113ne\u0161os. Tas ir elast\u012bgi papla\u0161in\u0101ms un ir p\u0101rbaud\u012bts vair\u0101ku gadu laik\u0101 ar \u0161o skudru sugu.<\/p>\n<p><strong>Skudru suga Camponotus ligniperdus:<\/strong><br \/>\nCamponotus ligniperdus ir viena no liel\u0101kaj\u0101m skudru sug\u0101m Eirop\u0101. To m\u0101t\u012btes sasniedz apm\u0113ram 18 mm lielumu. T\u0101s ra\u017eo t\u0101 sauktos mazos, vid\u0113jos un lielos (mazos, vid\u0113jos un lielos) str\u0101dniekus. Tie kolonij\u0101 veic da\u017e\u0101dus uzdevumus.<\/p>\n<p>T\u0101s bie\u017ei jauc ar Camponotus herculeanus, kas ir nedaudz tum\u0161\u0101kas un bl\u0101v\u0101kas. Camponotus ligniperdus v\u0113ders (gaster) ir nedaudz liel\u0101ks.<\/p>\n<p>Camponotus ligniperdus savva\u013c\u0101 ziemo no oktobra beig\u0101m l\u012bdz marta beig\u0101m aptuveni 5-8\u00b0 temperat\u016br\u0101.<\/p>\n<p><strong>Camponotus ligniperdus ligzda:<\/strong><br \/>\nSavva\u013c\u0101 Camponotus ligniperdus ligzdo zem akme\u0146iem, atmiru\u0161\u0101 koksn\u0113, k\u0101 ar\u012b augsn\u0113.<\/p>\n<p>\u0160aj\u0101 s\u0101kumkomplekt\u0101 k\u0101 ligzdas materi\u0101ls ir iek\u013cauta \u0123ip\u0161a ligzda. Tas imit\u0113 ligzdu zem vai starp akme\u0146iem. Tas ar\u012b nodro\u0161ina past\u0101v\u012bgu skaidru priek\u0161statu par kambar\u012b\u0161iem un ej\u0101m.<\/p>\n<p><strong>Camponotus ligniperdus bar\u012bba:<\/strong><br \/>\nCamponotus ligniperdus savva\u013c\u0101 barojas ar kukai\u0146iem un nekt\u0101ru. T\u0101pat k\u0101, piem\u0113ram, Lasius niger, ar\u012b Camponotus ligniperdus uztur un aizsarg\u0101 m\u0101r\u012b\u0161u kolonijas.<\/p>\n<p>\u0160aj\u0101 komplekt\u0101 k\u0101 bar\u012bba ir iek\u013cauti veseli blan\u0161\u0113ti c\u012brul\u012b\u0161i un medusrasa. Abas \u0161\u012bs bar\u012bbas vielas Camponotus ligniperdus \u013coti labi uz\u0146em un, pateicoties taj\u0101s eso\u0161aj\u0101m bar\u012bbas viel\u0101m, veicina dabisku un pozit\u012bvu kolonijas att\u012bst\u012bbu.<\/p>\n<p><strong>Optim\u0101lie klimatiskie apst\u0101k\u013ci Camponotus ligniperdus ir \u0161\u0101di:<\/strong><br \/>\nMitrums:<br \/>\nAr\u0113na: 30 - 50% Ligzdas plat\u012bba: 50 - 60%<br \/>\nTemperat\u016bra:<br \/>\nAr\u0113na: 18 - 28\u00b0C Ligzdas plat\u012bba: 21 - 24\u00b0C<\/p>\n<p><strong>Saturs:<\/strong><\/p>\n<p>1x Camponotus ligniperdus (m\u0101te + 1-4 str\u0101dnieki + mazu\u013ci)<br \/>\n1x Cricket Jam 25g<br \/>\n1x medus rasas mais\u012bjums (HT) - uzpildes iepakojums 10ml<br \/>\n1x formik\u0101rija spilventi\u0146\u0161 - 20x20cm<br \/>\n1x formicarium pad &#8211; 20x6cm<\/p>\n<p>1x ANTCUBE - ar\u0113na 20x20x10 - plakana<br \/>\n1x skudru ar\u0113nas r\u0101mis 20\u00d720<br \/>\n1x skudru ar\u0113nas v\u0101ks 20\u00d720<br \/>\n4x ar\u0113nas v\u0101ka stiprin\u0101juma punkts<br \/>\n1x ANTCUBE - skudru ferma - L - 20\u00d720 - vertik\u0101l\u0101 st\u0101vokl\u012b<\/p>\n<p>1x ANTCUBE - \u0123ip\u0161a ligzda 20\u00d720 - vertik\u0101l\u0101 st\u0101vokl\u012b<br \/>\n1x 0,5 m caursp\u012bd\u012bga \u0161\u013c\u016btene 20\/16 mm<br \/>\n2x ANTCUBE - Sarkana folija 20\u00d720 - filtrs<br \/>\n1x pa\u0161l\u012bm\u0113jo\u0161i klip\u0161i - caursp\u012bd\u012bgi 2 gab.<br \/>\n1x substr\u0101ts - me\u017es - 1kg<br \/>\n1x Formicarium granulas 200ml - melnas<\/p>\n<p>2x Grid insert acrylic &#8211; 50 mm with sealing ring<br \/>\n1x Grid insert acrylic &#8211; 27 mm with sealing ring<br \/>\n1x re\u017e\u0123a v\u0101ci\u0146\u0161 - 16 mm - ner\u016bs\u0113jo\u0161ais t\u0113rauds<\/p>\n<p>1x izlietnes \u0161\u013c\u016btenes savienot\u0101js 27-14,16,20 mm - caursp\u012bd\u012bgs<br \/>\n1x Foil thermometer &#8211; farm<br \/>\n1x Foil thermometer Display<br \/>\n1x drinking clear 5ml &#8211; sponge<br \/>\n1x Feeding dish white rectangle &#8211; 3 compartments<br \/>\n1x Drinking trough 2ml &#8211; 360 Degrees<br \/>\n1x E\u013c\u013ca aizsardz\u012bbai pret skudru izb\u0113g\u0161anu 10ml<br \/>\n1x Pincete atsperu t\u0113rauda - plata - m\u012bksta<br \/>\n1x Pincete plastmasas caursp\u012bd\u012bga<br \/>\n1x plastmasas pipete 3ml<br \/>\n1x rokas lupa - 2x - 30 mm<br \/>\n1x putu t\u012br\u012bt\u0101js 150x18x2,5mm<br \/>\n1x photo backwall &#8211; forest &#8211; 20&#215;10<\/p>\n<p><strong>Apraksts:<\/strong><br \/>\n\u0160is papla\u0161in\u0101mais starta komplekts Camponotus ligniperdus satur ne tikai optim\u0101li piel\u0101gotu formik\u0101riju, bet ar\u012b atbilsto\u0161us piederumus \u0161\u012bs skudru sugas audz\u0113\u0161anai. \"Caursp\u012bd\u012bgais 20 ml - s\u016bk\u013ca\" dzirdin\u0101t\u0101js ir paredz\u0113ts \u016bdenim, \"2 ml - 360 gr\u0101du\" dzirdin\u0101t\u0101js - medusrasas mais\u012bjumam.<\/p>\n<p><span data-text-color=\"alert\"><strong>Svar\u012bgi:<\/strong> <\/span>Pirms lieto\u0161anas substr\u0101tu samitriniet, lai mais\u012bjums var\u0113tu saist\u012bties. Turkl\u0101t sauss un putek\u013cains substr\u0101ts var izrais\u012bt skudru elpce\u013cu aizsprosto\u0161anos un, slikt\u0101kaj\u0101 gad\u012bjum\u0101, dz\u012bvnieku aizdusin\u0101\u0161anos.<\/p>\n<p><strong>Piez\u012bmes par ra\u017eo\u0161anu<\/strong><br \/>\nStikls tiek sagriezts atbilsto\u0161i izm\u0113ram saska\u0146\u0101 ar DIN 1249 ar pielaidi +\/- 1 mm. \u012apa\u0161i maz\u0101m skudru sug\u0101m ir nepiecie\u0161ama papildu aizsardz\u012bba pret izlau\u0161anos.<\/p>\n<p><strong>Piez\u012bme par blan\u0161\u0113tajiem c\u012brul\u012b\u0161iem:<\/strong><br \/>\nM\u016bsu blan\u0161\u0113tie cvingri ir vienk\u0101r\u0161s veids, k\u0101 nodro\u0161in\u0101t skudras ar svaigi konserv\u0113tu prote\u012bnu bar\u012bbu, nebarojot dz\u012bvus kukai\u0146us. Sast\u0101v\u0101 eso\u0161ie c\u012brusi (Acheta domesticus) ir saudz\u012bgi blan\u0161\u0113ti, lai nodro\u0161in\u0101tu uzturv\u0113rt\u012bbas, gar\u0161as un arom\u0101ta saglab\u0101\u0161anu. Turkl\u0101t \u0161\u0101d\u0101 veid\u0101 tiek m\u012bkstin\u0101ts kukai\u0146u hit\u012bna apvalks, lai tas b\u016btu viegl\u0101k sagremojams. Kolag\u0113na olbaltumvielu saites tiek sa\u0161\u0137eltas, lai skudras var\u0113tu t\u0101s lab\u0101k izmantot. Konserv\u0113tu Acheta domesticus konservu uzturv\u0113rt\u012bba ir t\u0101da pati k\u0101 dz\u012bviem c\u012brul\u012b\u0161iem, bet tie ir viegl\u0101k sagremojami.<\/p>\n<p>Blan\u0161\u0113tie cvingri nav piem\u0113roti t\u0101du skudru sugu med\u012bb\u0101m, kur\u0101m nepiecie\u0161ama dz\u012bva bar\u012bba (piem\u0113ram, poner\u012bni (liel\u0101s skudras), piem\u0113ram, Harpegnathos vai Odontomachus).<\/p>\n<p><strong>Papildu priek\u0161roc\u012bbas:<\/strong><br \/>\nGarant\u0113ti bez \u0113rc\u0113m<br \/>\nVar sadal\u012bt porcij\u0101s<br \/>\nSteriliz\u0113ts un vakuum\u0113ts<br \/>\nBez piedev\u0101m<br \/>\nVitikul\u012b\u0161i, kas ieg\u016bti ilgtsp\u0113j\u012bg\u0101, t\u012bri biolo\u0123isk\u0101 audz\u0113\u0161an\u0101 un baroti ar biolo\u0123iskiem atkritumiem.<\/p>\n<p><strong>L\u016bdzu, \u0146emiet v\u0113r\u0101:<\/strong><br \/>\nP\u0113c atv\u0113r\u0161anas var uzglab\u0101t ledusskap\u012b apm\u0113ram \u010detras dienas. Ilg\u0101ks der\u012bguma termi\u0146\u0161, ja sasald\u0113.<\/p>\n<p><strong>Piez\u012bme par medusrasu:<\/strong><br \/>\nSaturs: 10 ml<br \/>\nTas ir dab\u012bgs produkts, ko p\u0113c pla\u0161iem testiem laboratorij\u0101 esam pilnveidoju\u0161i un izveidoju\u0161i par bar\u012bbu, ko skudras \u013coti labi pie\u0146em. Iemesls ir t\u0101ds, ka neapstr\u0101d\u0101tu medus rasas medu t\u0101 koncentr\u0113taj\u0101 s\u0101kotn\u0113j\u0101 form\u0101 skudras un to vielmai\u0146a slikti pie\u0146em.<br \/>\nM\u016bsu medus rasa tika iev\u0101kta Bulg\u0101rijas nepies\u0101r\u0146otajos savva\u013cas kalnu me\u017eos. Medus rasas veido\u0161an\u0101s laiks ir \u013coti ierobe\u017eots - aptuveni divi m\u0113ne\u0161i vasar\u0101. T\u0101p\u0113c tas ir \u013coti reti sastopams. Me\u017eu augsnes un klimata \u012bpatn\u012bbu d\u0113\u013c svar\u012bg\u0101k\u0101s bar\u012bbas vielas uzkr\u0101jas koku lap\u0101s, ko absorb\u0113 medusrasa. T\u0101p\u0113c \u0161is medusrasas mais\u012bjums ir tik \u013coti v\u0113lams skudr\u0101m.<\/p>\n<p><strong>Pieteikums:<\/strong><br \/>\nP\u0101rtikas daudzums j\u0101pat\u0113r\u0113 apm\u0113ram 3 dienu laik\u0101.<\/p>\n<p><strong>Apraksts:<\/strong><br \/>\nMedusrasu at\u0161\u0137ir\u012bb\u0101 no ziedu medus ieg\u016bst no to kukai\u0146u izdal\u012bjumiem, kas s\u016bc augus, piem\u0113ram, no laput\u012bm. Medusrasa ir popul\u0101rs bar\u012bbas avots daudziem kukai\u0146iem, piem\u0113ram, skudr\u0101m, bit\u0113m un kamene\u013ciem. Bites un kamenes to laiza no da\u017e\u0101du koku lap\u0101m vai skujas. Skudras, piem\u0113ram, Lasius niger, burtiski uztur laputis. T\u0101s pat aizst\u0101v t\u0101s pret pl\u0113s\u0113jiem un p\u0101rn\u0113s\u0101 uz svaigiem dzinumiem.<\/p>\n<p>Medusrasa ir \u012bpa\u0161i iecien\u012bta skudru vid\u016b, jo t\u0101s sast\u0101vda\u013cas ir nedaudz at\u0161\u0137ir\u012bgas. Galvenie medusrasas cukuri ir saharoze un fruktoze, bet maz\u0101k\u0101 daudzum\u0101 ir ar\u012b maltoze, trehalozi, melezitoze, rafinozi un citi oligosahar\u012bdi. Papildus cukuram un \u016bdenim medus rasas sast\u0101v\u0101 ir ar\u012b neaizst\u0101jam\u0101s aminosk\u0101bes, miner\u0101lvielas, mikroelementi, adenoz\u012bni, fosf\u0101ti un citas sast\u0101vda\u013cas, piem\u0113ram, vitam\u012bni.<\/p>\n<p><strong>Lieto\u0161ana:<\/strong><br \/>\nMedus\u0113d\u0101ju skudru sug\u0101m (Meliphagidae)<br \/>\n\u0160\u012b ir papildbar\u012bba<br \/>\nTo var pied\u0101v\u0101t dz\u012bvniekiem k\u0101 pieg\u0101di. T\u0101 k\u0101 mitruma ietekm\u0113 samazin\u0101s cukura koncentr\u0101cija un s\u0101kas ferment\u0101cijas process, bar\u012bba j\u0101maina ik p\u0113c 3 dien\u0101m. Pirms atk\u0101rtotas lieto\u0161anas r\u016bp\u012bgi izt\u012briet barotavu\/caurul\u012bti.<br \/>\nKad iepakojums ir atv\u0113rts, tas j\u0101glab\u0101 cie\u0161i aizv\u0113rts l\u012bdz der\u012bguma termi\u0146a beig\u0101m.<\/p>\n<p><strong>Uzturv\u0113rt\u012bbas inform\u0101cija uz 100 g:<\/strong><br \/>\naptuveni 2,7 % tauku<br \/>\nno kuriem pies\u0101tin\u0101ts aptuveni 0,45 %<br \/>\naptuveni 95 % og\u013chidr\u0101tu<br \/>\nno kuriem aptuveni 71 % ir cukurs<br \/>\naptuveni 2,85% olbaltumvielu<\/p>\n<p>miner\u0101lvielas (k\u0101lijs, kalcijs, var\u0161, dzelzs, n\u0101trijs, magnijs, fosfors, cinks un citi mikroelementi). Aminosk\u0101bes (prol\u012bns, leic\u012bns, fenilalan\u012bns, alan\u012bns, histid\u012bns, izoleic\u012bns, glutam\u012bnsk\u0101be, argin\u012bns, asparag\u012bnsk\u0101be u. c.) Organisk\u0101s sk\u0101bes Fermenti (fermenti) Aromatiz\u0113t\u0101ji Inhib\u012bni (antibakteri\u0101las vielas) Ziedi Putek\u0161\u0146i<\/p>\n<p><strong>Uzglab\u0101\u0161ana:<\/strong><br \/>\nLai nodro\u0161in\u0101tu bar\u012bbas kvalit\u0101ti, bar\u012bba j\u0101uzglab\u0101 tum\u0161\u0101 un saus\u0101 viet\u0101.<\/p>\n<p><strong>Piez\u012bme:<\/strong><br \/>\nPapildu bar\u012bba medus\u0113d\u012bgaj\u0101m skudr\u0101m.<br \/>\nSast\u0101vs, anal\u012btisk\u0101s sast\u0101vda\u013cas, der\u012bguma termi\u0146\u0161 un partijas numurs ir nor\u0101d\u012bts iepakojuma informat\u012bvaj\u0101 materi\u0101l\u0101.<\/p>\n<p>Inform\u0101cijas t\u0101lrunis +49 30 439703870<\/p>\n<p><strong>Atbild\u012bg\u0101 veterin\u0101r\u0101 un p\u0101rtikas inspekcija:<\/strong><br \/>\nSteglitz veterin\u0101rais birojs<br \/>\nK\u00f6nigin-Luise-Str. 92<br \/>\n14195 Berl\u012bne<\/p>","protected":false},"excerpt":{"rendered":"<p>Komplekt\u0101 ir 35 da\u013cas<\/p>\n<p>Izm\u0113rs: <span style=\"color: #0000ff;\"><strong>L<\/strong><\/span><\/p>","protected":false},"featured_media":8984,"comment_status":"open","ping_status":"closed","template":"","meta":{"_acf_changed":false,"content-type":"","_monsterinsights_skip_tracking":false,"_monsterinsights_sitenote_active":false,"_monsterinsights_sitenote_note":"","_monsterinsights_sitenote_category":0},"product_brand":[],"product_cat":[355,73],"product_tag":[],"class_list":{"0":"post-8971","1":"product","2":"type-product","3":"status-publish","4":"has-post-thumbnail","6":"product_cat-bundle-offers","7":"product_cat-starter-sets","9":"first","10":"instock","11":"taxable","12":"shipping-taxable","13":"purchasable","14":"product-type-simple"},"acf":[],"aioseo_notices":[],"jetpack_sharing_enabled":true,"_links":{"self":[{"href":"https:\/\/antcube.shop\/lv\/wp-json\/wp\/v2\/product\/8971","targetHints":{"allow":["GET"]}}],"collection":[{"href":"https:\/\/antcube.shop\/lv\/wp-json\/wp\/v2\/product"}],"about":[{"href":"https:\/\/antcube.shop\/lv\/wp-json\/wp\/v2\/types\/product"}],"replies":[{"embeddable":true,"href":"https:\/\/antcube.shop\/lv\/wp-json\/wp\/v2\/comments?post=8971"}],"wp:featuredmedia":[{"embeddable":true,"href":"https:\/\/antcube.shop\/lv\/wp-json\/wp\/v2\/media\/8984"}],"wp:attachment":[{"href":"https:\/\/antcube.shop\/lv\/wp-json\/wp\/v2\/media?parent=8971"}],"wp:term":[{"taxonomy":"product_brand","embeddable":true,"href":"https:\/\/antcube.shop\/lv\/wp-json\/wp\/v2\/product_brand?post=8971"},{"taxonomy":"product_cat","embeddable":true,"href":"https:\/\/antcube.shop\/lv\/wp-json\/wp\/v2\/product_cat?post=8971"},{"taxonomy":"product_tag","embeddable":true,"href":"https:\/\/antcube.shop\/lv\/wp-json\/wp\/v2\/product_tag?post=8971"}],"curies":[{"name":"wp","href":"https:\/\/api.w.org\/{rel}","templated":true}]}}