{"id":8970,"date":"2024-08-19T20:48:32","date_gmt":"2024-08-19T18:48:32","guid":{"rendered":"https:\/\/antcube.shop\/product\/wand-formicarien-set\/"},"modified":"2026-03-04T17:24:31","modified_gmt":"2026-03-04T16:24:31","slug":"sienas-formikarija-komplekts","status":"publish","type":"product","link":"https:\/\/antcube.shop\/lv\/products\/sienas-formikarija-komplekts\/","title":{"rendered":"Pie sienas stiprin\u0101ms formik\u0101rija komplekts"},"content":{"rendered":"<p><strong>Ietver:<\/strong><br \/>\n1x pie sienas stiprin\u0101ms skudru skv\u0113rs - 30x15x15<br \/>\n1x sienas skudru ferma - L - 30\u00d730 - stikls<br \/>\n1x skudru ar\u0113nas r\u0101mis 30\u00d715<br \/>\n1x skudru ar\u0113nas p\u0101rsegs 30\u00d715<\/p>\n<p>3x caurul\u012btes savienot\u0101js krist\u0101ldzidrs 20 mm - L<br \/>\n1x caurul\u012btes savienot\u0101js caursp\u012bd\u012bgs krist\u0101ldzidrs 20 mm - I<br \/>\n1x savienot\u0101js no 3\/4\u2033 l\u012bdz 20 mm - krist\u0101ldzidrs<br \/>\n1x skudru caurule - krist\u0101ldzidra 20 mm (3x3 cm un 1x30 cm)<br \/>\n1x starplika ar 20 mm skavas tur\u0113t\u0101ju<br \/>\n1x re\u017e\u0123a v\u0101ci\u0146\u0161 - 16 mm - ner\u016bs\u0113jo\u0161ais t\u0113rauds<br \/>\n2x Grid insert acrylic &#8211; 50 mm with sealing ring<br \/>\n1x Grid insert acrylic &#8211; 27 mm with sealing ring<br \/>\n1x formik\u0101rija uzgrieznis 3\/4 collas - krist\u0101ldzidrs<br \/>\n8x gumijas ieliktnis urbumiem k\u0101 aizsardz\u012bba<br \/>\n8x papl\u0101ksnes<br \/>\nar 8x skr\u016bv\u0113m un d\u012bbe\u013ciem<\/p>\n<p><strong>Apraksts:<\/strong><br \/>\n\u0160is sienas formik\u0101rija komplekts ir paredz\u0113ts mont\u0101\u017eai pie sienas, un to ir viegli uzst\u0101d\u012bt uz koka un akmens sien\u0101m. Gan ar\u0113na, gan skudru ferma ir piln\u012bb\u0101 caursp\u012bd\u012bgas, kas \u013cauj labi p\u0101rredz\u0113t ligzdu. K\u0101 ligzdu materi\u0101lu skudr\u0101m var izmantot smiltis un m\u0101lu vai k\u0101du no m\u016bsu atbilsto\u0161ajiem kor\u0137a vai Digfix ligzdu ielikt\u0146iem. Lai savienotu skudru fermu un ar\u0113nu, m\u0113s komplekt\u0101 esam pievienoju\u0161i akrila caurules, kas izgrieztas atbilsto\u0161i izm\u0113ram. Komplekt\u0101 ir iek\u013cautas ar\u012b skr\u016bves un aizb\u0101\u017e\u0146i piestiprin\u0101\u0161anai pie sienas.<\/p>\n<p><strong>Uzst\u0101d\u012b\u0161anas instrukcijas:<\/strong><\/p>\n<p><strong>T\u0101 k\u0101 stikla panelis ir aizmugur\u0113j\u0101 siena, zem t\u0101 eso\u0161ajai sienai j\u0101b\u016bt piln\u012bgi taisnai.<\/strong><br \/>\nLai piestiprin\u0101tu 8 \"S6\" d\u012bbe\u013cus sien\u0101, ir nepiecie\u0161ams urbis ar 6 mm urbi (koka, akmens vai met\u0101la atkar\u012bb\u0101 no materi\u0101la). Sien\u0101 j\u0101izurbj 45 mm dzi\u013ci caurumi, lai 6x30 mm d\u012bbe\u013cus var\u0113tu ieurbt ar 4,5x40 mm skr\u016bv\u0113m.<br \/>\n<strong>Nepiecie\u0161ams mont\u0101\u017eai:<\/strong><br \/>\n- l\u012bme\u0146r\u0101di<br \/>\n- L\u012bmlente, lai izvair\u012btos no mar\u0137\u0113\u0161anas uz apak\u0161\u0113j\u0101s sienas.<br \/>\n- Phillips skr\u016bvgriezis<br \/>\n- Urbis\/dzirvgriezis atkar\u012bb\u0101 no sienas<br \/>\n- 6 mm urbis (koka, akmens vai met\u0101la, atkar\u012bb\u0101 no virsmas)<br \/>\n- Ir ar\u012b noder\u012bgi izgatavot urbumu \u0161ablonu no pap\u012bra lapas. Vienk\u0101r\u0161i novietojiet to zem aizmugur\u0113j\u0101s sienas un atz\u012bm\u0113jiet caurumus.<\/p>\n<p><strong>S\u012bk\u0101ka inform\u0101cija par skudru fermu:<\/strong><br \/>\nIzm\u0113ri (LxH):<br \/>\nAizmugur\u0113j\u0101 siena (6 mm bieza): 400x293 mm<\/p>\n<p>\u0100rpuse (bez aizmugur\u0113j\u0101 pane\u013ca)<br \/>\n334x28x296 mm<\/p>\n<p>Iek\u0161pus\u0113<br \/>\n284x20x290 mm<\/p>\n<p><strong>Materi\u0101ls:<\/strong><br \/>\nPeldo\u0161ais stikls<\/p>\n<p><strong>kr\u0101sa:<\/strong><br \/>\nkrist\u0101ldzidrs<\/p>\n<p><strong>S\u012bk\u0101ka inform\u0101cija par skudru ar\u0113nu:<\/strong><br \/>\nIzm\u0113ri (LxWxH):<br \/>\nAizmugur\u0113j\u0101 siena (6 mm): 400x150 mm<\/p>\n<p>Ar\u0113na (bez aizmugur\u0113j\u0101s sienas): 300x146x150 mm<\/p>\n<p><strong>materi\u0101ls:<\/strong><br \/>\nPeldo\u0161ais stikls<\/p>\n<p><strong>Kr\u0101sa:<\/strong><br \/>\nkrist\u0101ldzidrs<\/p>\n<p><strong>Izm\u0113ri (LxWxH):<\/strong><br \/>\nAizmugur\u0113j\u0101 siena (6 mm): 400x150 mm<\/p>\n<p>Ar\u0113na (bez aizmugur\u0113j\u0101 pane\u013ca): 300x146x150 mm<\/p>\n<p><strong>materi\u0101ls:<\/strong><br \/>\nPeldo\u0161ais stikls<\/p>\n<p><strong>Kr\u0101sa:<\/strong><br \/>\nkrist\u0101ldzidrs<\/p>\n<p><strong>Piez\u012bmes par ra\u017eo\u0161anu<\/strong><br \/>\nStikls tiek sagriezts atbilsto\u0161i izm\u0113ram saska\u0146\u0101 ar DIN 1249 ar pielaidi +\/- 1 mm. \u012apa\u0161i maz\u0101m skudru sug\u0101m ir nepiecie\u0161ama papildu aizsardz\u012bba pret izlau\u0161anos.<br \/>\nT\u0101 k\u0101 m\u016bsu izstr\u0101d\u0101jumi tiek ra\u017eoti ar rok\u0101m, var rasties minim\u0101las novirzes, neraugoties uz visliel\u0101ko r\u016bp\u012bbu.<\/p>\n<p><strong>Piez\u012bme par saimniec\u012bbu<\/strong><br \/>\n<strong>Pievienojot vai atvienojot \u0161\u013c\u016btenes, \u0146emiet v\u0113r\u0101 \u0161\u0101dus nor\u0101d\u012bjumus:<\/strong><br \/>\nJa caurul\u012bti ir \u013coti gr\u016bti ievietot savienojuma ligzd\u0101, ligzda ir viegli j\u0101noberz\u0113 ar pilienu m\u016bsu e\u013c\u013cas vai pulvera aizsardz\u012bbai pret izlau\u0161anos. P\u0113c tam \u0161\u013c\u016btene j\u0101uzstumj uz savienojuma ligzdas, veicot pagrie\u017eamas vai skr\u016bv\u0113jamas kust\u012bbas, nesasprindzinot ligzdu ar kust\u012bb\u0101m uz aug\u0161u un uz leju. Tas pats attiecas ar\u012b uz \u0161\u013c\u016bte\u0146u no\u0146em\u0161anu no saimniec\u012bbas savienojuma ligzdas. L\u016bdzu, vienk\u0101r\u0161i neno\u0146emiet to!<\/p>","protected":false},"excerpt":{"rendered":"<p>\u0160is komplekts sast\u0101v no 21 da\u013cas<\/p>\n<p>Izm\u0113rs: <span style=\"color: #0000ff;\"><strong>L<\/strong> <\/span><\/p>","protected":false},"featured_media":8995,"comment_status":"open","ping_status":"closed","template":"","meta":{"_acf_changed":false,"content-type":"","_monsterinsights_skip_tracking":false,"_monsterinsights_sitenote_active":false,"_monsterinsights_sitenote_note":"","_monsterinsights_sitenote_category":0},"product_brand":[],"product_cat":[257,73,86],"product_tag":[],"class_list":{"0":"post-8970","1":"product","2":"type-product","3":"status-publish","4":"has-post-thumbnail","6":"product_cat-new-innovatve-products","7":"product_cat-starter-sets","8":"product_cat-formicariums","10":"first","11":"instock","12":"taxable","13":"shipping-taxable","14":"purchasable","15":"product-type-simple"},"acf":[],"aioseo_notices":[],"jetpack_sharing_enabled":true,"_links":{"self":[{"href":"https:\/\/antcube.shop\/lv\/wp-json\/wp\/v2\/product\/8970","targetHints":{"allow":["GET"]}}],"collection":[{"href":"https:\/\/antcube.shop\/lv\/wp-json\/wp\/v2\/product"}],"about":[{"href":"https:\/\/antcube.shop\/lv\/wp-json\/wp\/v2\/types\/product"}],"replies":[{"embeddable":true,"href":"https:\/\/antcube.shop\/lv\/wp-json\/wp\/v2\/comments?post=8970"}],"wp:featuredmedia":[{"embeddable":true,"href":"https:\/\/antcube.shop\/lv\/wp-json\/wp\/v2\/media\/8995"}],"wp:attachment":[{"href":"https:\/\/antcube.shop\/lv\/wp-json\/wp\/v2\/media?parent=8970"}],"wp:term":[{"taxonomy":"product_brand","embeddable":true,"href":"https:\/\/antcube.shop\/lv\/wp-json\/wp\/v2\/product_brand?post=8970"},{"taxonomy":"product_cat","embeddable":true,"href":"https:\/\/antcube.shop\/lv\/wp-json\/wp\/v2\/product_cat?post=8970"},{"taxonomy":"product_tag","embeddable":true,"href":"https:\/\/antcube.shop\/lv\/wp-json\/wp\/v2\/product_tag?post=8970"}],"curies":[{"name":"wp","href":"https:\/\/api.w.org\/{rel}","templated":true}]}}