{"id":8969,"date":"2024-08-19T20:48:04","date_gmt":"2024-08-19T18:48:04","guid":{"rendered":"https:\/\/antcube.shop\/product\/wand-ameisenarena-30x15x30\/"},"modified":"2026-04-09T14:37:42","modified_gmt":"2026-04-09T12:37:42","slug":"sienas-skudru-arena-30x15x30","status":"publish","type":"product","link":"https:\/\/antcube.shop\/lv\/products\/sienas-skudru-arena-30x15x30\/","title":{"rendered":"Sienas skudru ar\u0113na - 30x15x30"},"content":{"rendered":"<p><strong>Izm\u0113ri (LxH):<\/strong><br \/>\nAizmugur\u0113j\u0101 siena (6 mm): 400x300 mm<\/p>\n<p><strong>Arena ( bez aizmugur\u0113j\u0101 pane\u013ca):<\/strong> 300x146x300 mm<\/p>\n<p><strong>Materi\u0101ls:<\/strong><br \/>\nPeldo\u0161ais stikls<\/p>\n<p><strong>Kr\u0101sa:<\/strong><br \/>\nkrist\u0101ldzidrs<\/p>\n<p><strong>Saturs:<\/strong><br \/>\n1x sienas skudru ar\u0113na - 30x15x30<br \/>\n4x gumijas ieliktnis urbumiem k\u0101 aizsardz\u012bba<br \/>\n4x papl\u0101ksne urbumiem<br \/>\n4x spraud\u0146i un skr\u016bves<\/p>\n<p><strong>Savienojums:<\/strong><br \/>\n<strong>UZMAN\u012aBU Pieg\u0101des komplekt\u0101cij\u0101 nav iek\u013cautas 2x kontaktdak\u0161as\/re\u017e\u0123a ielikt\u0146i\/ savienot\u0101ji (p\u0113c vajadz\u012bbas) s\u0101nu 27 mm caurumiem.<\/strong><br \/>\n2x 50 mm caurums apak\u0161\u0101 (cauruma centrs 4 cm no apak\u0161\u0113j\u0101s malas)<br \/>\n2x 50 mm caurums aug\u0161pus\u0113 (cauruma centrs 4 cm no aug\u0161\u0113j\u0101s malas)<\/p>\n<p><strong>Apraksts:<\/strong><br \/>\n\u0160\u012b skudru man\u0113\u017ea ir izstr\u0101d\u0101ta mont\u0101\u017eai pie sienas, un to ir viegli uzst\u0101d\u012bt uz koka un akmens sien\u0101m. Papildu skudru fermas un ar\u0113nas var pievienot, izmantojot 27 mm atveres s\u0101nos. K\u0101 savienojumu var izmantot \u0161\u013c\u016bteni, caursp\u012bd\u012bgu akrila cauruli vai \"skudru k\u0101pnes\". M\u0113s pied\u0101v\u0101jam ar\u012b sienas skudru fermu, kas sader ar sienas skudru ar\u0113nu.<br \/>\nAtbilsto\u0161ie izstr\u0101d\u0101jumi Ant arena v\u0101ks 30\u00d715 un Ant arena r\u0101mis 30\u00d715 ir j\u0101piesaka atsevi\u0161\u0137i.<\/p>\n<p><strong>Uzst\u0101d\u012b\u0161anas instrukcijas:<\/strong><br \/>\n<strong>T\u0101 k\u0101 stikla panelis ir aizmugur\u0113j\u0101 siena, zem t\u0101 eso\u0161ajai sienai j\u0101b\u016bt piln\u012bgi taisnai.<\/strong><br \/>\nLai piestiprin\u0101tu 4 \"S6\" d\u012bbe\u013cus sien\u0101, ir nepiecie\u0161ams urbis ar 6 mm urbi (koka, akmens vai met\u0101la (atkar\u012bb\u0101 no materi\u0101la).<br \/>\nSien\u0101 j\u0101izurbj 45 mm dzi\u013ci caurumi, lai ieurbtu 6x30 mm d\u012bbe\u013cus ar 4,5x40 mm skr\u016bv\u0113m.<br \/>\n<strong>Nepiecie\u0161ams mont\u0101\u017eai:<\/strong><br \/>\n- l\u012bme\u0146r\u0101di<br \/>\n- L\u012bmlente, lai izvair\u012btos no mar\u0137\u0113\u0161anas uz apak\u0161\u0113j\u0101s sienas.<br \/>\n- Phillips skr\u016bvgriezis<br \/>\n- Urbis\/dzirvgriezis atkar\u012bb\u0101 no sienas<br \/>\n- 6 mm urbis (koka, akmens vai met\u0101la, atkar\u012bb\u0101 no virsmas)<br \/>\n- Ir ar\u012b noder\u012bgi izgatavot urbumu \u0161ablonu no pap\u012bra lapas. Vienk\u0101r\u0161i novietojiet to zem aizmugur\u0113j\u0101s sienas un atz\u012bm\u0113jiet caurumus.<\/p>\n<p><strong>Piez\u012bmes par ra\u017eo\u0161anu<\/strong><br \/>\nStikls tiek griezts saska\u0146\u0101 ar DIN 1249 ar pielaidi +\/;- 1 mm. \u012apa\u0161i maz\u0101m skudru sug\u0101m ir nepiecie\u0161ama papildu aizsardz\u012bba pret skudru izb\u0113g\u0161anu.<br \/>\nT\u0101 k\u0101 m\u016bsu izstr\u0101d\u0101jumi tiek ra\u017eoti ar rok\u0101m, var rasties minim\u0101las novirzes, neskatoties uz visliel\u0101ko r\u016bp\u012bbu.<\/p>\n<p><strong>Piez\u012bme par saimniec\u012bbu<\/strong><br \/>\nPievienojot vai atvienojot \u0161\u013c\u016btenes, \u0146emiet v\u0113r\u0101 \u0161\u0101dus nor\u0101d\u012bjumus:<br \/>\nJa caurul\u012bti ir \u013coti gr\u016bti ievietot savienojuma ligzd\u0101, ligzda ir viegli j\u0101noberz\u0113 ar pilienu m\u016bsu e\u013c\u013cas vai pulvera aizsardz\u012bbai pret izlau\u0161anos. P\u0113c tam \u0161\u013c\u016btene j\u0101uzstumj uz savienojuma ligzdas, veicot pagrie\u017eamas vai skr\u016bv\u0113jamas kust\u012bbas, nesasprindzinot ligzdu ar kust\u012bb\u0101m uz aug\u0161u un uz leju. Tas pats attiecas ar\u012b uz \u0161\u013c\u016bte\u0146u no\u0146em\u0161anu no saimniec\u012bbas savienojuma ligzdas. L\u016bdzu, vienk\u0101r\u0161i neno\u0146emiet to!<\/p>","protected":false},"excerpt":{"rendered":"<p>Savienojums: Caurums 4x 50 mm<\/p>","protected":false},"featured_media":9001,"comment_status":"open","ping_status":"closed","template":"","meta":{"_acf_changed":false,"content-type":"","_monsterinsights_skip_tracking":false,"_monsterinsights_sitenote_active":false,"_monsterinsights_sitenote_note":"","_monsterinsights_sitenote_category":0},"product_brand":[],"product_cat":[257,85,86],"product_tag":[],"class_list":{"0":"post-8969","1":"product","2":"type-product","3":"status-publish","4":"has-post-thumbnail","6":"product_cat-new-innovatve-products","7":"product_cat-ant-arenas","8":"product_cat-formicariums","10":"first","11":"instock","12":"taxable","13":"shipping-taxable","14":"purchasable","15":"product-type-simple"},"acf":[],"aioseo_notices":[],"jetpack_sharing_enabled":true,"_links":{"self":[{"href":"https:\/\/antcube.shop\/lv\/wp-json\/wp\/v2\/product\/8969","targetHints":{"allow":["GET"]}}],"collection":[{"href":"https:\/\/antcube.shop\/lv\/wp-json\/wp\/v2\/product"}],"about":[{"href":"https:\/\/antcube.shop\/lv\/wp-json\/wp\/v2\/types\/product"}],"replies":[{"embeddable":true,"href":"https:\/\/antcube.shop\/lv\/wp-json\/wp\/v2\/comments?post=8969"}],"wp:featuredmedia":[{"embeddable":true,"href":"https:\/\/antcube.shop\/lv\/wp-json\/wp\/v2\/media\/9001"}],"wp:attachment":[{"href":"https:\/\/antcube.shop\/lv\/wp-json\/wp\/v2\/media?parent=8969"}],"wp:term":[{"taxonomy":"product_brand","embeddable":true,"href":"https:\/\/antcube.shop\/lv\/wp-json\/wp\/v2\/product_brand?post=8969"},{"taxonomy":"product_cat","embeddable":true,"href":"https:\/\/antcube.shop\/lv\/wp-json\/wp\/v2\/product_cat?post=8969"},{"taxonomy":"product_tag","embeddable":true,"href":"https:\/\/antcube.shop\/lv\/wp-json\/wp\/v2\/product_tag?post=8969"}],"curies":[{"name":"wp","href":"https:\/\/api.w.org\/{rel}","templated":true}]}}