{"id":8968,"date":"2024-08-19T20:47:21","date_gmt":"2024-08-19T18:47:21","guid":{"rendered":"https:\/\/antcube.shop\/product\/wand-ameisenfarm-l-30x30-glas\/"},"modified":"2026-01-12T12:39:31","modified_gmt":"2026-01-12T11:39:31","slug":"sienas-skudru-ferma-l-30x30-stikls","status":"publish","type":"product","link":"https:\/\/antcube.shop\/lv\/products\/sienas-skudru-ferma-l-30x30-stikls\/","title":{"rendered":"Sienas skudru ferma - L - 30\u00d730 - Stikls"},"content":{"rendered":"<p><strong>Izm\u0113ri (LxH):<\/strong><br \/>\nAizmugur\u0113j\u0101 siena (6 mm bieza): 400x293 mm<\/p>\n<p>\u0100rpuse (bez aizmugur\u0113j\u0101 pane\u013ca)<br \/>\n334x28x296 mm<\/p>\n<p>Iek\u0161pus\u0113<br \/>\n284x20x290 mm<\/p>\n<p><strong>Materi\u0101ls:<\/strong><br \/>\nPeldo\u0161ais stikls<\/p>\n<p><strong>Kr\u0101sa:<\/strong><br \/>\nkrist\u0101ldzidrs<\/p>\n<p><strong>Saturs:<\/strong><br \/>\nSienas skudru ferma - L - 30\u00d730 - Stikls<br \/>\n1x segums skudru ferma<br \/>\n4x gumijas ieliktnis urbumiem k\u0101 aizsardz\u012bba<br \/>\n4x papl\u0101ksne urbumiem<br \/>\n4x spraud\u0146i un skr\u016bves<\/p>\n<p><strong>Savienojums:<\/strong><br \/>\n2x 14\/16\/18\/20 x 20 mm ligzda<\/p>\n<p>14\/10 \u0161\u013c\u016btene ir stingri ievietota 14 mm ligzd\u0101.<br \/>\n20\/16 \u0161\u013c\u016btene ir stingri piestiprin\u0101ta pie pirm\u0101 16 mm so\u013ca.<\/p>\n<p><strong>Apraksts:<\/strong><br \/>\n\u0160\u012b skudru ferma ir izstr\u0101d\u0101ta mont\u0101\u017eai pie sienas, un to ir viegli uzst\u0101d\u012bt uz koka un akmens sien\u0101m. T\u0101 ir piln\u012bb\u0101 caursp\u012bd\u012bga un \u013cauj labi p\u0101rredz\u0113t ligzdu. K\u0101 ligzdu materi\u0101lu skudr\u0101m var izmantot smiltis un m\u0101lu vai k\u0101du no m\u016bsu atbilsto\u0161ajiem ligzdu ielikt\u0146iem, kas izgatavoti no kor\u0137a vai Digfix. Turkl\u0101t pie s\u0101nu savienojuma ligzd\u0101m var pievienot \u0161\u013c\u016bteni, caursp\u012bd\u012bgu akrila caurul\u012bti vai \"skudru k\u0101pnes\". M\u0113s pied\u0101v\u0101jam ar\u012b sienas skudru ar\u0113nas ar izm\u0113riem 30\u00d715 vai 30\u00d730, lai t\u0101s atbilstu sienas skudru fermai.<\/p>\n<p><strong>Uzst\u0101d\u012b\u0161anas instrukcijas:<\/strong><br \/>\n<strong>T\u0101 k\u0101 stikla panelis ir aizmugur\u0113j\u0101 siena, zem t\u0101 eso\u0161ajai sienai j\u0101b\u016bt piln\u012bgi taisnai.<\/strong><br \/>\nLai piestiprin\u0101tu 4 \"S6\" d\u012bbe\u013cus sien\u0101, ir nepiecie\u0161ams urbis ar 6 mm urbi (koka, akmens vai met\u0101la (atkar\u012bb\u0101 no materi\u0101la).<br \/>\nSien\u0101 j\u0101izurbj 45 mm dzi\u013ci caurumi, lai ieurbtu 6x30 mm d\u012bbe\u013cus ar 4,5x40 mm skr\u016bv\u0113m.<br \/>\n<strong>Nepiecie\u0161ams mont\u0101\u017eai:<\/strong><br \/>\n- l\u012bme\u0146r\u0101di<br \/>\n- L\u012bmlente, lai izvair\u012btos no mar\u0137\u0113\u0161anas uz apak\u0161\u0113j\u0101s sienas.<br \/>\n- Phillips skr\u016bvgriezis<br \/>\n- Urbis\/dzirvgriezis atkar\u012bb\u0101 no sienas<br \/>\n- 6 mm urbis (koka, akmens vai met\u0101la, atkar\u012bb\u0101 no virsmas)<br \/>\n- Ir ar\u012b noder\u012bgi izgatavot urbumu \u0161ablonu no pap\u012bra lapas. Vienk\u0101r\u0161i novietojiet to zem aizmugur\u0113j\u0101s sienas un atz\u012bm\u0113jiet caurumus.<\/p>\n<p><strong>Piez\u012bmes par ra\u017eo\u0161anu<\/strong><br \/>\nStikls tiek griezts saska\u0146\u0101 ar DIN 1249 ar pielaidi +\/;- 1 mm. \u012apa\u0161i maz\u0101m skudru sug\u0101m ir nepiecie\u0161ama papildu aizsardz\u012bba pret skudru izb\u0113g\u0161anu.<br \/>\nT\u0101 k\u0101 m\u016bsu izstr\u0101d\u0101jumi tiek ra\u017eoti ar rok\u0101m, var rasties minim\u0101las novirzes, neraugoties uz visliel\u0101ko r\u016bp\u012bbu.<\/p>\n<p><strong>Piez\u012bme par saimniec\u012bbu<\/strong><br \/>\nPievienojot vai atvienojot \u0161\u013c\u016btenes, \u0146emiet v\u0113r\u0101 \u0161\u0101dus nor\u0101d\u012bjumus:<br \/>\nJa caurul\u012bti ir \u013coti gr\u016bti ievietot savienojuma ligzd\u0101, ligzda ir viegli j\u0101noberz\u0113 ar pilienu m\u016bsu e\u013c\u013cas vai pulvera aizsardz\u012bbai pret izlau\u0161anos. P\u0113c tam \u0161\u013c\u016btene j\u0101uzstumj uz savienojuma ligzdas, veicot pagrie\u017eamas vai skr\u016bv\u0113jamas kust\u012bbas, nesasprindzinot ligzdu ar kust\u012bb\u0101m uz aug\u0161u un uz leju. Tas pats attiecas ar\u012b uz \u0161\u013c\u016bte\u0146u no\u0146em\u0161anu no saimniec\u012bbas savienojuma ligzdas. L\u016bdzu, vienk\u0101r\u0161i neno\u0146emiet to!<\/p>","protected":false},"excerpt":{"rendered":"<p>Savienojums: Kontaktligzda 2x 14\/16 x 20 mm; Plates att\u0101lums: Iek\u0161\u0113jais 20 mm<\/p>\n<p>Izm\u0113rs: <span style=\"color: #0000ff;\"><strong>L<\/strong> <\/span><\/p>","protected":false},"featured_media":8997,"comment_status":"open","ping_status":"closed","template":"","meta":{"_acf_changed":false,"content-type":"","_monsterinsights_skip_tracking":false,"_monsterinsights_sitenote_active":false,"_monsterinsights_sitenote_note":"","_monsterinsights_sitenote_category":0},"product_brand":[],"product_cat":[257,80,83,86],"product_tag":[],"class_list":{"0":"post-8968","1":"product","2":"type-product","3":"status-publish","4":"has-post-thumbnail","6":"product_cat-new-innovatve-products","7":"product_cat-antfarms","8":"product_cat-antfarms-l","9":"product_cat-formicariums","11":"first","12":"instock","13":"taxable","14":"shipping-taxable","15":"purchasable","16":"product-type-simple"},"acf":[],"aioseo_notices":[],"jetpack_sharing_enabled":true,"_links":{"self":[{"href":"https:\/\/antcube.shop\/lv\/wp-json\/wp\/v2\/product\/8968","targetHints":{"allow":["GET"]}}],"collection":[{"href":"https:\/\/antcube.shop\/lv\/wp-json\/wp\/v2\/product"}],"about":[{"href":"https:\/\/antcube.shop\/lv\/wp-json\/wp\/v2\/types\/product"}],"replies":[{"embeddable":true,"href":"https:\/\/antcube.shop\/lv\/wp-json\/wp\/v2\/comments?post=8968"}],"wp:featuredmedia":[{"embeddable":true,"href":"https:\/\/antcube.shop\/lv\/wp-json\/wp\/v2\/media\/8997"}],"wp:attachment":[{"href":"https:\/\/antcube.shop\/lv\/wp-json\/wp\/v2\/media?parent=8968"}],"wp:term":[{"taxonomy":"product_brand","embeddable":true,"href":"https:\/\/antcube.shop\/lv\/wp-json\/wp\/v2\/product_brand?post=8968"},{"taxonomy":"product_cat","embeddable":true,"href":"https:\/\/antcube.shop\/lv\/wp-json\/wp\/v2\/product_cat?post=8968"},{"taxonomy":"product_tag","embeddable":true,"href":"https:\/\/antcube.shop\/lv\/wp-json\/wp\/v2\/product_tag?post=8968"}],"curies":[{"name":"wp","href":"https:\/\/api.w.org\/{rel}","templated":true}]}}