{"id":8854,"date":"2024-08-01T15:37:58","date_gmt":"2024-08-01T13:37:58","guid":{"rendered":"https:\/\/antcube.shop\/product\/bundle-offer-myrmica-rubra\/"},"modified":"2026-04-22T18:27:59","modified_gmt":"2026-04-22T16:27:59","slug":"komplekta-piedavajums-myrmica-rubra","status":"publish","type":"product","link":"https:\/\/antcube.shop\/lv\/products\/komplekta-piedavajums-myrmica-rubra\/","title":{"rendered":"Komplekta pied\u0101v\u0101jums - Myrmica rubra"},"content":{"rendered":"<p><span data-text-color=\"secondary\"><strong>Komplekta pied\u0101v\u0101jums, ieskaitot Myrmica rubra skudru koloniju (karaliene ar 11-25 str\u0101dniekiem + mazu\u013ci)<\/strong><\/span><\/p>\n<p><span data-text-color=\"alert\"><strong>Tikai l\u012bdz kr\u0101jumu beig\u0101m.<\/strong><\/span><\/p>\n<p><strong>Viss nepiecie\u0161amais skudru kolonijai Myrmica rubra:<\/strong><br \/>\n\u0160aj\u0101 komplekt\u0101 ir viss nepiecie\u0161amais, lai veiksm\u012bgi izaudz\u0113tu Myrmica rubra koloniju pirmajos m\u0113ne\u0161os. Tas ir elast\u012bgi papla\u0161in\u0101ms un ir p\u0101rbaud\u012bts vair\u0101ku gadu garum\u0101 ar \u0161o skudru sugu.<\/p>\n<p><strong>Myrmica rubra skudru suga - Eiropas uguns skudras:<\/strong><br \/>\nMyrmica rubra ir Eirop\u0101 \u013coti pla\u0161i izplat\u012bta skudru suga. T\u0101 ir paz\u012bstama ar\u012b k\u0101 sarkan\u0101 d\u0101rza skudra vai Eiropas uguns skudra. T\u0101 m\u012bl mitras un da\u013c\u0113ji \u0113nainas vietas, t\u0101p\u0113c galvenok\u0101rt sastopama d\u0101rzos, p\u013cav\u0101s un me\u017eos. T\u0101 ir sastopama ar\u012b da\u017eviet Kan\u0101d\u0101 un ASV, bet tur t\u0101 ir invaz\u012bva, t. i., nav viet\u0113ja. T\u0101pat k\u0101 liel\u0101k\u0101 da\u013ca invaz\u012bvo skudru sugu, t\u0101 tur tika ievesta kop\u0101 ar augiem ap 1900. gadu.<\/p>\n<p>Myrmica rubra ir polig\u0113niska suga, kas noz\u012bm\u0113, ka savva\u013c\u0101 tai parasti ir vair\u0101kas m\u0101tes. Ir zi\u0146as pat par t\u0101 sauktaj\u0101m superkolonij\u0101m, kur\u0101s ir l\u012bdz pat 600 m\u0101t\u012bt\u0113m un aptuveni 20 000 str\u0101dnieku. Myrmica rubra agres\u012bvi aizst\u0101v savu ligzdu, un t\u0101s aizsardz\u012bbai ir dzelo\u0146stieples. Tom\u0113r t\u0101s inde ir nekait\u012bga, iz\u0146emot aler\u0123ijas slimniekiem.<\/p>\n<p>Myrmica rubra savva\u013c\u0101 ziemo no oktobra beig\u0101m l\u012bdz marta beig\u0101m aptuveni 5-8\u00b0 temperat\u016br\u0101.<\/p>\n<p><strong>Myrmica rubra ligzda:<\/strong><br \/>\nDab\u0101 Myrmica rubra ligzdo zem s\u016bnu spilveniem, akme\u0146iem laukos un p\u013cav\u0101s zem\u0113, kur tie b\u016bv\u0113 pilskalnus, vai pat sapuvu\u0161\u0101 kok\u0101. Svar\u012bg\u0101kais t\u0101m ir mitra ligzdo\u0161anas vieta.<\/p>\n<p>\u0160aj\u0101 s\u0101kumkomplekt\u0101 m\u0113s esam iek\u013c\u0101vu\u0161i vienu no m\u016bsu Digfix pl\u0101ksn\u0113m k\u0101 ligzdo\u0161anas materi\u0101lu. Tas imit\u0113 dabisku zemes ligzdu, un to var tur\u0113t \u013coti mitru. Turkl\u0101t dz\u012bvnieki rak\u0161anas laik\u0101 nevar aizskart skudru fermas logus, kas \u013cauj past\u0101v\u012bgi labi p\u0101rredz\u0113t kameras un ejas. \u0160is materi\u0101ls skudru ferm\u0101 ir ar\u012b daudz stabil\u0101ks nek\u0101 parastais smil\u0161u un m\u0101la mais\u012bjums, kas ne\u013cauj kamer\u0101m un tune\u013ciem sabrukt.<\/p>\n<p><strong>Myrmica rubra bar\u012bba:<\/strong><br \/>\nMyrmica rubra ir vis\u0113d\u0101js un savva\u013c\u0101 barojas ar l\u012b\u0137iem, kukai\u0146iem un nekt\u0101ru. T\u0101pat k\u0101, piem\u0113ram, Lasius niger, ar\u012b Myrmica rubra uztur un aizsarg\u0101 m\u0101r\u012b\u0161u kolonijas.<\/p>\n<p>\u0160aj\u0101 komplekt\u0101 k\u0101 bar\u012bba ir iek\u013cauti veseli blan\u0161\u0113ti c\u012brul\u012b\u0161i un medusrasa. Abas \u0161\u012bs bar\u012bbas vielas Myrmica rubra \u013coti labi uz\u0146em un veicina dabisku un pozit\u012bvu kolonijas att\u012bst\u012bbu, jo t\u0101s satur bar\u012bbas vielas.<\/p>\n<p><strong>Myrmica rubra optim\u0101lie klimatiskie apst\u0101k\u013ci ir \u0161\u0101di:<\/strong><br \/>\nMitrums:<br \/>\nAr\u0113na: 30 - 50% Ligzdas plat\u012bba: 50 - 70%<br \/>\nTemperat\u016bra:<br \/>\nAr\u0113na: 18 - 28\u00b0C Ligzdas plat\u012bba: 21 - 24\u00b0C<\/p>\n<p><strong>Saturs:<\/strong><\/p>\n<p>1x Myrmica rubra m\u0101te + 11-25 str\u0101dnieki un mazu\u013ci<br \/>\n1x Cricket Jam 25g<br \/>\n1x medus rasas mais\u012bjums (HT) - uzpildes iepakojums 10ml<br \/>\n1x Formik\u0101rija pamatne - 20x20cm<br \/>\n1x formik\u0101rija pamatne - 20x6cm<\/p>\n<p>1x ANTCUBE - ar\u0113na 20x20x10 - plakana<br \/>\n1x skudru ar\u0113nas r\u0101mis 20\u00d720<br \/>\n1x skudru ar\u0113nas v\u0101ks 20\u00d720<br \/>\n4x ar\u0113nas v\u0101ka stiprin\u0101juma punkts<br \/>\n2x ANTCUBE - skudru ferma - L - 20\u00d720 - vertik\u0101l\u0101 st\u0101vokl\u012b<br \/>\n1x ANTCUBE - Digfix plate 20\u00d720 - M<\/p>\n<p>1x 0,5 m caursp\u012bd\u012bga caurule 14\/10 mm<br \/>\n2x ANTCUBE - Sarkana folija 20\u00d720 - filtrs<br \/>\n1x l\u012bmes skavas - caursp\u012bd\u012bgas 2 gab.<br \/>\n1x substr\u0101ts - smil\u0161m\u0101la smil\u0161m\u0101la b\u0113\u0161s - 200g<\/p>\n<p>1x Grid cap &#8211; 10mm &#8211; stainless steel<br \/>\n2x Grid insert acrylic &#8211; 50 mm with sealing ring<br \/>\n1x Grid insert acrylic &#8211; 27 mm with sealing ring<\/p>\n<p>1x tvertnes \u0161\u013c\u016btenes savienot\u0101js 27-14,16,20 mm - caursp\u012bd\u012bgs<br \/>\n1x Foil thermometer &#8211; farm<br \/>\n1x Foil thermometer Display<br \/>\n1x drinking clear 5ml &#8211; sponge<br \/>\n1x Feeding dish white rectangle &#8211; 3 compartments<br \/>\n1x Drinking trough 2ml &#8211; 360 Degrees<br \/>\n1x E\u013c\u013ca aizsardz\u012bbai pret skudru izb\u0113g\u0161anu 10ml<br \/>\n1x Pincete atsperu t\u0113rauda - plata - m\u012bksta<br \/>\n1x Pincete plastmasas caursp\u012bd\u012bga<br \/>\n1x plastmasas pipete 3ml<br \/>\n1x rokas lupa - 2x - 30 mm<br \/>\n1x putu t\u012br\u012bt\u0101js 150x18x2,5mm<br \/>\n1x foto mugura - p\u013cava - 20\u00d710<\/p>\n<p>&nbsp;<\/p>\n<p><strong>Apraksts:<\/strong><br \/>\n\u0160aj\u0101 papla\u0161in\u0101maj\u0101 starta komplekt\u0101 Myrmica rubra ir ne tikai optim\u0101li piel\u0101gots formik\u0101rijs, bet ar\u012b piem\u0113roti piederumi \u0161\u012bs skudru sugas audz\u0113\u0161anai. \"Dzirdin\u0101t\u0101js caursp\u012bd\u012bgs 20 ml - s\u016bklis\" ir paredz\u0113ts \u016bdenim, \"Dzirdin\u0101t\u0101js 2 ml - 360 gr\u0101di\" - medusrasas mais\u012bjumam.<\/p>\n<p><span data-text-color=\"alert\"><strong>Svar\u012bgi:<\/strong><\/span> Pirms lieto\u0161anas samitriniet tuksne\u0161a substr\u0101tu, lai mais\u012bjums var\u0113tu savienoties un nostiprin\u0101ties skudru ferm\u0101. Turkl\u0101t, ja substr\u0101ts ir sauss un putek\u013cains, skudr\u0101m var aizsprostoties elpo\u0161anas ce\u013ci un slikt\u0101kaj\u0101 gad\u012bjum\u0101 dz\u012bvnieki var aizdusa.<\/p>\n<p><strong>Piez\u012bmes par ra\u017eo\u0161anu<\/strong><br \/>\nStikls tiek sagriezts atbilsto\u0161i izm\u0113ram saska\u0146\u0101 ar DIN 1249 ar pielaidi +\/- 1 mm. \u012apa\u0161i maz\u0101m skudru sug\u0101m ir nepiecie\u0161ama papildu aizsardz\u012bba pret izlau\u0161anos.<\/p>\n<p><strong>Piez\u012bme par blan\u0161\u0113tajiem c\u012brul\u012b\u0161iem:<\/strong><br \/>\nM\u016bsu blan\u0161\u0113tie cvingri ir vienk\u0101r\u0161s veids, k\u0101 nodro\u0161in\u0101t skudras ar svaigi konserv\u0113tu prote\u012bnu bar\u012bbu, nebarojot dz\u012bvus kukai\u0146us. Sast\u0101v\u0101 eso\u0161ie c\u012brusi (Acheta domesticus) ir saudz\u012bgi blan\u0161\u0113ti, lai nodro\u0161in\u0101tu uzturv\u0113rt\u012bbas, gar\u0161as un arom\u0101ta saglab\u0101\u0161anu. Turkl\u0101t \u0161\u0101d\u0101 veid\u0101 tiek m\u012bkstin\u0101ts kukai\u0146u hit\u012bna apvalks, lai tas b\u016btu viegl\u0101k sagremojams. Kolag\u0113na olbaltumvielu saites tiek sa\u0161\u0137eltas, lai skudras var\u0113tu t\u0101s lab\u0101k izmantot. Konserv\u0113tu Acheta domesticus konservu uzturv\u0113rt\u012bba ir t\u0101da pati k\u0101 dz\u012bviem c\u012brul\u012b\u0161iem, bet tie ir viegl\u0101k sagremojami.<\/p>\n<p>Blan\u0161\u0113tie cvingri nav piem\u0113roti t\u0101du skudru sugu med\u012bb\u0101m, kur\u0101m nepiecie\u0161ama dz\u012bva bar\u012bba (piem\u0113ram, poner\u012bni (liel\u0101s skudras), piem\u0113ram, Harpegnathos vai Odontomachus).<\/p>\n<p><strong>Papildu priek\u0161roc\u012bbas:<\/strong><br \/>\nGarant\u0113ti bez \u0113rc\u0113m<br \/>\nVar sadal\u012bt porcij\u0101s<br \/>\nSteriliz\u0113ts un vakuum\u0113ts<br \/>\nBez piedev\u0101m<br \/>\nVitikul\u012b\u0161i, kas ieg\u016bti ilgtsp\u0113j\u012bg\u0101, t\u012bri biolo\u0123isk\u0101 audz\u0113\u0161an\u0101 un baroti ar biolo\u0123iskiem atkritumiem.<\/p>\n<p><strong>L\u016bdzu, \u0146emiet v\u0113r\u0101:<\/strong><br \/>\nP\u0113c atv\u0113r\u0161anas var uzglab\u0101t ledusskap\u012b apm\u0113ram \u010detras dienas. Ilg\u0101ks der\u012bguma termi\u0146\u0161, ja sasald\u0113.<\/p>\n<p><strong>Piez\u012bme par medusrasu:<\/strong><br \/>\nSaturs: 10 ml<br \/>\nTas ir dab\u012bgs produkts, ko p\u0113c pla\u0161iem testiem laboratorij\u0101 esam pilnveidoju\u0161i un izveidoju\u0161i par bar\u012bbu, ko skudras \u013coti labi pie\u0146em. Iemesls ir t\u0101ds, ka neapstr\u0101d\u0101tu medus rasas medu t\u0101 koncentr\u0113taj\u0101 s\u0101kotn\u0113j\u0101 form\u0101 skudras un to vielmai\u0146a slikti pie\u0146em.<br \/>\nM\u016bsu medus rasa tika iev\u0101kta Bulg\u0101rijas nepies\u0101r\u0146otajos savva\u013cas kalnu me\u017eos. Medus rasas veido\u0161an\u0101s laiks ir \u013coti ierobe\u017eots - aptuveni divi m\u0113ne\u0161i vasar\u0101. T\u0101p\u0113c tas ir \u013coti reti sastopams. Me\u017eu augsnes un klimata \u012bpatn\u012bbu d\u0113\u013c svar\u012bg\u0101k\u0101s bar\u012bbas vielas uzkr\u0101jas koku lap\u0101s, ko absorb\u0113 medusrasa. T\u0101p\u0113c \u0161is medusrasas mais\u012bjums ir tik \u013coti v\u0113lams skudr\u0101m.<\/p>\n<p><strong>Pieteikums:<\/strong><br \/>\nP\u0101rtikas daudzums j\u0101pat\u0113r\u0113 apm\u0113ram 3 dienu laik\u0101.<\/p>\n<p><strong>Apraksts:<\/strong><br \/>\nMedusrasu at\u0161\u0137ir\u012bb\u0101 no ziedu medus ieg\u016bst no to kukai\u0146u izdal\u012bjumiem, kas s\u016bc augus, piem\u0113ram, no laput\u012bm. Medusrasa ir popul\u0101rs bar\u012bbas avots daudziem kukai\u0146iem, piem\u0113ram, skudr\u0101m, bit\u0113m un kamene\u013ciem. Bites un kamenes to laiza no da\u017e\u0101du koku lap\u0101m vai skujas. Skudras, piem\u0113ram, Lasius niger, burtiski uztur laputis. T\u0101s pat aizst\u0101v t\u0101s pret pl\u0113s\u0113jiem un p\u0101rn\u0113s\u0101 uz svaigiem dzinumiem.<\/p>\n<p>Medusrasa ir \u012bpa\u0161i iecien\u012bta skudru vid\u016b, jo t\u0101s sast\u0101vda\u013cas ir nedaudz at\u0161\u0137ir\u012bgas. Galvenie medusrasas cukuri ir saharoze un fruktoze, bet maz\u0101k\u0101 daudzum\u0101 ir ar\u012b maltoze, trehalozi, melezitoze, rafinozi un citi oligosahar\u012bdi. Papildus cukuram un \u016bdenim medus rasas sast\u0101v\u0101 ir ar\u012b neaizst\u0101jam\u0101s aminosk\u0101bes, miner\u0101lvielas, mikroelementi, adenoz\u012bni, fosf\u0101ti un citas sast\u0101vda\u013cas, piem\u0113ram, vitam\u012bni.<\/p>\n<p><strong>Lieto\u0161ana:<\/strong><br \/>\nMedus\u0113d\u0101ju skudru sug\u0101m (Meliphagidae)<br \/>\n\u0160\u012b ir papildbar\u012bba<br \/>\nTo var pied\u0101v\u0101t dz\u012bvniekiem k\u0101 pieg\u0101di. T\u0101 k\u0101 mitruma ietekm\u0113 samazin\u0101s cukura koncentr\u0101cija un s\u0101kas ferment\u0101cijas process, bar\u012bba j\u0101maina ik p\u0113c 3 dien\u0101m. Pirms atk\u0101rtotas lieto\u0161anas r\u016bp\u012bgi izt\u012briet barotavu\/caurul\u012bti.<br \/>\nKad iepakojums ir atv\u0113rts, tas j\u0101glab\u0101 cie\u0161i aizv\u0113rts l\u012bdz der\u012bguma termi\u0146a beig\u0101m.<\/p>\n<p><strong>Uzturv\u0113rt\u012bbas inform\u0101cija uz 100 g:<\/strong><br \/>\naptuveni 2,7 % tauku<br \/>\nno kuriem pies\u0101tin\u0101ts aptuveni 0,45 %<br \/>\naptuveni 95 % og\u013chidr\u0101tu<br \/>\nno kuriem aptuveni 71 % ir cukurs<br \/>\naptuveni 2,85% olbaltumvielu<\/p>\n<p>miner\u0101lvielas (k\u0101lijs, kalcijs, var\u0161, dzelzs, n\u0101trijs, magnijs, fosfors, cinks un citi mikroelementi). Aminosk\u0101bes (prol\u012bns, leic\u012bns, fenilalan\u012bns, alan\u012bns, histid\u012bns, izoleic\u012bns, glutam\u012bnsk\u0101be, argin\u012bns, asparag\u012bnsk\u0101be u. c.) Organisk\u0101s sk\u0101bes Fermenti (fermenti) Aromatiz\u0113t\u0101ji Inhib\u012bni (antibakteri\u0101las vielas) Ziedi Putek\u0161\u0146i<\/p>\n<p><strong>Uzglab\u0101\u0161ana:<\/strong><br \/>\nLai nodro\u0161in\u0101tu bar\u012bbas kvalit\u0101ti, bar\u012bba j\u0101uzglab\u0101 tum\u0161\u0101 un saus\u0101 viet\u0101.<\/p>\n<p><strong>Piez\u012bme:<\/strong><br \/>\nPapildu bar\u012bba medus\u0113d\u012bgaj\u0101m skudr\u0101m.<br \/>\nSast\u0101vs, anal\u012btisk\u0101s sast\u0101vda\u013cas, der\u012bguma termi\u0146\u0161 un partijas numurs ir nor\u0101d\u012bts iepakojuma informat\u012bvaj\u0101 materi\u0101l\u0101.<\/p>\n<p>Inform\u0101cijas t\u0101lrunis +49 30 439703870<\/p>\n<p><strong>Atbild\u012bg\u0101 veterin\u0101r\u0101 un p\u0101rtikas inspekcija:<\/strong><br \/>\nSteglitz veterin\u0101rais birojs<br \/>\nK\u00f6nigin-Luise-Str. 92<br \/>\n14195 Berl\u012bne<\/p>","protected":false},"excerpt":{"rendered":"<p>Komplekt\u0101 ir 34 da\u013cas<\/p>","protected":false},"featured_media":8856,"comment_status":"open","ping_status":"closed","template":"","meta":{"_acf_changed":false,"content-type":"","_monsterinsights_skip_tracking":false,"_monsterinsights_sitenote_active":false,"_monsterinsights_sitenote_note":"","_monsterinsights_sitenote_category":0},"product_brand":[],"product_cat":[355,73],"product_tag":[],"class_list":{"0":"post-8854","1":"product","2":"type-product","3":"status-publish","4":"has-post-thumbnail","6":"product_cat-bundle-offers","7":"product_cat-starter-sets","9":"first","10":"instock","11":"taxable","12":"shipping-taxable","13":"purchasable","14":"product-type-simple"},"acf":[],"aioseo_notices":[],"jetpack_sharing_enabled":true,"_links":{"self":[{"href":"https:\/\/antcube.shop\/lv\/wp-json\/wp\/v2\/product\/8854","targetHints":{"allow":["GET"]}}],"collection":[{"href":"https:\/\/antcube.shop\/lv\/wp-json\/wp\/v2\/product"}],"about":[{"href":"https:\/\/antcube.shop\/lv\/wp-json\/wp\/v2\/types\/product"}],"replies":[{"embeddable":true,"href":"https:\/\/antcube.shop\/lv\/wp-json\/wp\/v2\/comments?post=8854"}],"wp:featuredmedia":[{"embeddable":true,"href":"https:\/\/antcube.shop\/lv\/wp-json\/wp\/v2\/media\/8856"}],"wp:attachment":[{"href":"https:\/\/antcube.shop\/lv\/wp-json\/wp\/v2\/media?parent=8854"}],"wp:term":[{"taxonomy":"product_brand","embeddable":true,"href":"https:\/\/antcube.shop\/lv\/wp-json\/wp\/v2\/product_brand?post=8854"},{"taxonomy":"product_cat","embeddable":true,"href":"https:\/\/antcube.shop\/lv\/wp-json\/wp\/v2\/product_cat?post=8854"},{"taxonomy":"product_tag","embeddable":true,"href":"https:\/\/antcube.shop\/lv\/wp-json\/wp\/v2\/product_tag?post=8854"}],"curies":[{"name":"wp","href":"https:\/\/api.w.org\/{rel}","templated":true}]}}