{"id":8718,"date":"2024-07-22T15:43:52","date_gmt":"2024-07-22T13:43:52","guid":{"rendered":"https:\/\/antcube.shop\/product\/bonsai-tree-deko\/"},"modified":"2026-01-20T18:00:36","modified_gmt":"2026-01-20T17:00:36","slug":"bonsai-koku-deko","status":"publish","type":"product","link":"https:\/\/antcube.shop\/lv\/products\/bonsai-koku-deko\/","title":{"rendered":"Bonsai koki"},"content":{"rendered":"<p>Izm\u0113rs \/ augstums 20 cm l\u012bdz 28 cm<br \/>\nDiametrs ~ 10 cm -20 cm, ide\u0101li piem\u0113rots 30x30x30 cm un liel\u0101k\u0101m ar\u0113n\u0101m.<br \/>\nSvars sv\u0101rst\u0101s no 250 l\u012bdz 400 gramiem.<\/p>\n<p>M\u016bsu bonsai koks ir ide\u0101ls j\u016bsu formik\u0101rija rot\u0101jums. To var izmantot gan br\u012bvi st\u0101vo\u0161\u0101 fromik\u0101rij\u0101, gan dabiski apst\u0101d\u012btos viv\u0101rijos. T\u0101 k\u0101 skudras var pasl\u0113pties zem bonsai vai bonsaj\u0101, m\u0113s iesak\u0101m to izmantot tikai tad, kad skudru kolonija jau ir p\u0101rc\u0113lusies uz savu ligzdu. Pret\u0113j\u0101 gad\u012bjum\u0101 t\u0101s var dot priek\u0161roku \u0161ai ligzdo\u0161anas vietai, un j\u016bs pazaud\u0113siet ligzdu no redzesloka.<\/p>\n<p><strong>UZMAN\u012aBU:<\/strong> L\u016bdzu, nenovietojiet \u013coti mitr\u0101 formik\u0101rij\u0101 (vair\u0101k nek\u0101 60% mitruma). Bonsai var s\u0101kt pel\u0113t. Ar \u013coti labu ventil\u0101ciju bonsai var novietot ar\u012b mitr\u0101kos formik\u0101ros.<\/p>\n<p><span data-text-color=\"alert\"><strong>SVAR\u012aGA PIEZ\u012aME PAR RAKSTU:<\/strong><\/span><br \/>\nT\u0101 k\u0101 \u0161is ir dabisks produkts \/ unik\u0101ls, \u0161eit redzamie att\u0113li nav piln\u012bgi identiski tam, ko j\u016bs sa\u0146emsiet. Past\u0101v vari\u0101cijas attiec\u012bb\u0101 uz mini egl\u012btes izm\u0113ru, formu un kr\u0101su, k\u0101 ar\u012b karjera sl\u0101nek\u013ca pamatpl\u0101ksni. M\u0113s garant\u0113jam tikai izstr\u0101d\u0101juma maksim\u0101lo augstumu.<\/p>\n<p>Pas\u016btot \u0161o preci, j\u016bs piekr\u012btat un piekr\u012btat iepriek\u0161 min\u0113taj\u0101m iesp\u0113jam\u0101m preces izm\u0113ra, formas un kr\u0101sas vari\u0101cij\u0101m pirkuma br\u012bd\u012b.<\/p>","protected":false},"excerpt":{"rendered":"<p>Izm\u0113ri: 20-28 cm augstums<\/p>","protected":false},"featured_media":8721,"comment_status":"open","ping_status":"closed","template":"","meta":{"_acf_changed":false,"content-type":"","_monsterinsights_skip_tracking":false,"_monsterinsights_sitenote_active":false,"_monsterinsights_sitenote_note":"","_monsterinsights_sitenote_category":0},"product_brand":[],"product_cat":[95,98],"product_tag":[],"class_list":{"0":"post-8718","1":"product","2":"type-product","3":"status-publish","4":"has-post-thumbnail","6":"product_cat-accessories-for-ants","7":"product_cat-decoration","9":"first","10":"outofstock","11":"taxable","12":"shipping-taxable","13":"purchasable","14":"product-type-simple"},"acf":[],"aioseo_notices":[],"jetpack_sharing_enabled":true,"_links":{"self":[{"href":"https:\/\/antcube.shop\/lv\/wp-json\/wp\/v2\/product\/8718","targetHints":{"allow":["GET"]}}],"collection":[{"href":"https:\/\/antcube.shop\/lv\/wp-json\/wp\/v2\/product"}],"about":[{"href":"https:\/\/antcube.shop\/lv\/wp-json\/wp\/v2\/types\/product"}],"replies":[{"embeddable":true,"href":"https:\/\/antcube.shop\/lv\/wp-json\/wp\/v2\/comments?post=8718"}],"wp:featuredmedia":[{"embeddable":true,"href":"https:\/\/antcube.shop\/lv\/wp-json\/wp\/v2\/media\/8721"}],"wp:attachment":[{"href":"https:\/\/antcube.shop\/lv\/wp-json\/wp\/v2\/media?parent=8718"}],"wp:term":[{"taxonomy":"product_brand","embeddable":true,"href":"https:\/\/antcube.shop\/lv\/wp-json\/wp\/v2\/product_brand?post=8718"},{"taxonomy":"product_cat","embeddable":true,"href":"https:\/\/antcube.shop\/lv\/wp-json\/wp\/v2\/product_cat?post=8718"},{"taxonomy":"product_tag","embeddable":true,"href":"https:\/\/antcube.shop\/lv\/wp-json\/wp\/v2\/product_tag?post=8718"}],"curies":[{"name":"wp","href":"https:\/\/api.w.org\/{rel}","templated":true}]}}