{"id":8717,"date":"2024-07-22T15:37:55","date_gmt":"2024-07-22T13:37:55","guid":{"rendered":"https:\/\/antcube.shop\/product\/bundle-offer-harpegnathos-venator\/"},"modified":"2026-03-04T16:55:50","modified_gmt":"2026-03-04T15:55:50","slug":"saisku-piedavajums-harpegnathos-venator","status":"publish","type":"product","link":"https:\/\/antcube.shop\/lv\/products\/saisku-piedavajums-harpegnathos-venator\/","title":{"rendered":"Komplekta pied\u0101v\u0101jums - Harpegnathos venator"},"content":{"rendered":"<p><span data-text-color=\"secondary\"><strong>Komplekta pied\u0101v\u0101jums, ieskaitot Harpegnathos venator skudru koloniju (karaliene ar 11-25 str\u0101dniekiem + mazu\u013ci)<\/strong><\/span><\/p>\n<p><span data-text-color=\"alert\"><strong>Tikai l\u012bdz kr\u0101jumu beig\u0101m. <\/strong><\/span><\/p>\n<p><span data-text-color=\"alert\"><strong>Pieg\u0101de iesp\u0113jama tikai ar GO! iek\u0161pus\u0113 V\u0101cij\u0101.<\/strong><\/span><\/p>\n<p>1x Harpegnathos venator karaliene + 11-25 str\u0101dnieki + mazu\u013ci<\/p>\n<p>1x Ytong ligzda - 40\u00d720 ar ar\u0113nu<br \/>\n1x stikla vanna 40\u00d720<br \/>\n1x formik\u0101rija spilventi\u0146\u0161 - 40x20cm<br \/>\n1x sarkana v\u0101ka pl\u0101ksne 20\u00d720 - horizont\u0101la<\/p>\n<p>1x M\u0101la kr\u0101sa - b\u0113\u0161s - 100ml<br \/>\n1x substr\u0101ts - lietus me\u017es - 1kg<br \/>\n1x Formicarium granulas 200 ml - melnas<br \/>\n1x foto aizmugur\u0113jais panelis - lietus me\u017es - 20\u00d710<\/p>\n<p>2x Grid insert acrylic &#8211; 50 mm with sealing ring<br \/>\n1x Grid insert acrylic &#8211; 27 mm with sealing ring<\/p>\n<p>1x Cricket Jam 25g<br \/>\n1x Honeydew Mix (HT) - uzpildes iepakojums 10ml<\/p>\n<p>1x drinking clear 5ml &#8211; sponge<br \/>\n1x Feeding dish white rectangle &#8211; 3 compartments<br \/>\n1x Drinking trough 2ml &#8211; 360 Degrees<\/p>\n<p>1x Foil thermometer Display<\/p>\n<p>1x Aizsardz\u012bbas e\u013c\u013ca pret skudr\u0101m 10ml<br \/>\n1x Pincete atsperu t\u0113rauda - plata - m\u012bksta<br \/>\n1x Pincete plastmasas caursp\u012bd\u012bga<br \/>\n1x plastmasas pipete 3ml<br \/>\n1x rokas lupa - 2x - 30 mm<br \/>\n1x putu t\u012br\u012bt\u0101js 150x18x2,5mm<\/p>\n<p><strong>Skudru suga Harpegnathos venator:<\/strong><br \/>\nHarpegnathos venator ir \u013coti skaista un \u013coti liela skudru suga no Dienvidaustrum\u0101zijas. T\u0101s galvenok\u0101rt ir akt\u012bvas nakt\u012b, bet parasti zem\u0101kas gaismas intensit\u0101tes d\u0113\u013c m\u0101jokl\u012b t\u0101s ir akt\u012bvas ar\u012b dien\u0101. \u0160\u012b skudru suga sp\u0113j l\u0113kt aptuveni 8 - 10 cm augstum\u0101, staig\u0101t atpaka\u013cgait\u0101 un tai ir \u013coti laba redze. Redzot no profila, apak\u0161\u017eok\u013ci ir veidoti k\u0101 zobenzobi. Med\u012bb\u0101s t\u0101s uzvedas interesanti, pirms uzbrukuma vicinot gasterus.<\/p>\n<p>T\u0101s var barot ar cukura un medus \u0161\u0137\u012bdumu, medu un olbaltumvielu bar\u012bbu vai, v\u0113lams, ar maziem dz\u012bviem kukai\u0146iem, piem\u0113ram, c\u012brul\u012b\u0161iem un aug\u013cu mu\u0161\u0101m. Harpegnathos venator ir \u013coti izteikta med\u012bbu uzved\u012bba, t\u0101p\u0113c daudz lab\u0101k pie\u0146em dz\u012bvu bar\u012bbu.<\/p>\n<p>Mitrumu un temperat\u016bru m\u012btn\u0113 dr\u012bkst palielin\u0101t tikai nedaudz, bet ligzdai vienm\u0113r j\u0101b\u016bt mitrai. Dz\u012bvnieki dod priek\u0161roku at\u0161\u0137ir\u012bgi mitr\u0101m viet\u0101m ligzd\u0101.<\/p>\n<p>Saliekam\u0101s kameras un ejas var izmantot tie\u0161i kolonija. Ytong ligzdu var viegli samitrin\u0101t, izmantojot komplekt\u0101 iek\u013cauto paliktni. Vienk\u0101r\u0161i ielieciet nedaudz \u016bdens papl\u0101t\u0113 un pagaidiet, l\u012bdz Ytong akmens pats uzs\u016bc \u016bdeni.<\/p>\n<p><strong>Inform\u0101cija par Ytong ligzdu ar ar\u0113nu:<\/strong><br \/>\nSatur:<br \/>\nMateri\u0101ls: g\u0101zbetons, stikls, PMMA plastmasa un PVC.<\/p>\n<p><strong>Savienojums:<\/strong> 1x 14 mm atv\u0113rums; 1x 27 mm atv\u0113rums<\/p>\n<p><strong>Saturs:<\/strong><br \/>\n1x g\u0101zbetona bloks 40x20x5 cm ar 20 mm dzi\u013c\u0101m kamer\u0101m.<br \/>\n1x stikla pl\u0101ksne 40\u00d720 cm ar 50 mm atv\u0113rumu un ar\u0113na 20\u00d720 cm<br \/>\n1x skudru ar\u0113nas r\u0101mis 20\u00d720<br \/>\n1x skudru ar\u0113nas v\u0101ks 20\u00d720<br \/>\n1x 50 mm gredzens ar 27 mm atveri<br \/>\n1x formik\u0101rija kontaktdak\u0161a 13 mm<br \/>\n2x formik\u0101rija aizb\u0101\u017e\u0146i 27 mm<br \/>\n2x 50 mm formik\u0101rija aizb\u0101\u017e\u0146i<\/p>\n<p>Pateicoties t\u0101 \u016bdens aizturo\u0161aj\u0101m \u012bpa\u0161\u012bb\u0101m, materi\u0101ls ir labi piem\u0113rots skudru tur\u0113\u0161anai. To var izmantot, lai tur\u0113tu daudzas zem\u0113 ligzdojo\u0161as sugas gan no saus\u0101m, gan mitr\u0101m dz\u012bvotn\u0113m. Atkar\u012bb\u0101 no skudru sugas ieteicams kameru dibenu nokl\u0101t ar m\u0101lainu kr\u0101su un augsnes substr\u0101tu. Da\u017eas sugas \u0161\u0101d\u0101 veid\u0101 j\u016btas komfortabl\u0101k, un, piem\u0113ram, Ponerinae sug\u0101m ir nepiecie\u0161ama augsne, lai to k\u0101puri var\u0113tu pien\u0101c\u012bgi ieperin\u0101ties. T\u0101 k\u0101 \u0161aj\u0101 ligzd\u0101 jau ir ar\u0113na, to var izmantot k\u0101 piln\u012bgu formik\u0101riju sist\u0113mu.<\/p>\n<p><strong>Piez\u012bme:<\/strong><br \/>\nLai nov\u0113rstu \u016bdens nopl\u016bdi no Ytong ligzdas p\u0113c t\u0101s samitrin\u0101\u0161anas un uzkr\u0101\u0161anos uz zem t\u0101s eso\u0161\u0101s m\u0113beles virsmas vai lai nov\u0113rstu, ka raupjais materi\u0101ls saskr\u0101p\u0113 virsmu, m\u0113s iesak\u0101m m\u016bsu Ytong ligzd\u0101m izmantot vienu no m\u016bsu atbilsto\u0161aj\u0101m stikla papl\u0101t\u0113m. Tie ir \u016bdensnecaurlaid\u012bgi un efekt\u012bvi aizsarg\u0101 virsmas zem tiem no \u016bdens un skr\u0101p\u0113jumiem.<\/p>\n<p><strong>Lieto\u0161ana:<\/strong><br \/>\nM - L lieluma skudru sug\u0101m<br \/>\nG\u0101zbetons ir \u013coti trausls un trausls materi\u0101ls. T\u0101p\u0113c ra\u017eo\u0161anas laik\u0101 nav iesp\u0113jams nov\u0113rst st\u016bru un malu l\u016b\u0161anu un nelielas nel\u012bdzenumain\u012bbas. \u0160\u0101 iemesla d\u0113\u013c Ytong ligzdas nav piem\u0113rotas \u013coti maz\u0101m S izm\u0113ra skudru sug\u0101m, jo \u0161\u012bs sugas var viegli izlauzties.<\/p>\n<p><span data-text-color=\"alert\"><strong>Svar\u012bgi:<\/strong><\/span> Pirms lieto\u0161anas samitriniet substr\u0101tu, lai mais\u012bjums var\u0113tu saist\u012bties un nostiprin\u0101ties skudru ferm\u0101. Ja substr\u0101ts ir p\u0101r\u0101k sauss un putek\u013cains, tas var blo\u0137\u0113t skudru elpo\u0161anas ce\u013cus un slikt\u0101kaj\u0101 gad\u012bjum\u0101 izrais\u012bt to nosmak\u0161anu.<\/p>\n<p><strong>Ieteikums:<\/strong> M\u0113s iesak\u0101m izmantot 2 mm augstu substr\u0101ta sl\u0101ni, lai dz\u012bvnieki nevar\u0113tu ierakt ar\u0113n\u0101 un t\u0101 viet\u0101 izmantotu \u0161im nol\u016bkam paredz\u0113to fermu. M\u0113s ar\u012b iesak\u0101m, lai ligzdu materi\u0101ls ferm\u0101 (smiltis\/m\u0101ls, Digfix u. c.) b\u016btu viegli uzb\u0113rts vien\u0101 viet\u0101, lai dz\u012bvniekiem b\u016btu viegl\u0101k rakt.<\/p>\n<p><strong>Piez\u012bmes par ra\u017eo\u0161anu<\/strong><br \/>\nStikls tiek sagriezts atbilsto\u0161i izm\u0113ram saska\u0146\u0101 ar DIN 1249 ar pielaidi +\/- 1 mm. \u012apa\u0161i maz\u0101m skudru sug\u0101m ir nepiecie\u0161ama papildu aizsardz\u012bba pret izlau\u0161anos.<\/p>\n<p><strong>Piez\u012bme M\u0101la kr\u0101sa:<\/strong><\/p>\n<p><strong>Apraksts:<\/strong> \u0160is mais\u012bjums nav toksisks un ir relat\u012bvi \u016bdensiztur\u012bgs uz \u0123ip\u0161a un betona, bet cit\u0101di ir \u016bden\u012b \u0161\u0137\u012bsto\u0161s.<\/p>\n<p><strong>Lieto\u0161anas instrukcija:<\/strong><br \/>\n\u0160is mais\u012bjums ir gatavs lieto\u0161anai, un to var uzkl\u0101t uz apmetuma vai g\u0101zbetona ar otu uzreiz.<br \/>\n100 ml pietiek apm\u0113ram 1\/4m\u00b2 g\u0101zbetona vai 1\/2m\u00b2 apmetuma.<br \/>\nKad virsma ir mitra, to var apkais\u012bt, piem\u0113ram, ar smilt\u012bm, lai ieg\u016btu v\u0113l dabisk\u0101ku izskatu.<\/p>","protected":false},"excerpt":{"rendered":"<p>Savienojums: 1x14mm 1x27mm<br \/>\nIzm\u0113rs: <strong><span style=\"color: #339966;\">M<\/span><\/strong><strong> &#8211; <span style=\"color: #0000ff;\">L<\/span><\/strong><\/p>","protected":false},"featured_media":8720,"comment_status":"open","ping_status":"closed","template":"","meta":{"_acf_changed":false,"content-type":"","_monsterinsights_skip_tracking":false,"_monsterinsights_sitenote_active":false,"_monsterinsights_sitenote_note":"","_monsterinsights_sitenote_category":0},"product_brand":[],"product_cat":[355,73],"product_tag":[],"class_list":{"0":"post-8717","1":"product","2":"type-product","3":"status-publish","4":"has-post-thumbnail","6":"product_cat-bundle-offers","7":"product_cat-starter-sets","8":"product_shipping_class-germany-only","10":"first","11":"outofstock","12":"taxable","13":"shipping-taxable","14":"purchasable","15":"product-type-simple"},"acf":[],"aioseo_notices":[],"jetpack_sharing_enabled":true,"_links":{"self":[{"href":"https:\/\/antcube.shop\/lv\/wp-json\/wp\/v2\/product\/8717","targetHints":{"allow":["GET"]}}],"collection":[{"href":"https:\/\/antcube.shop\/lv\/wp-json\/wp\/v2\/product"}],"about":[{"href":"https:\/\/antcube.shop\/lv\/wp-json\/wp\/v2\/types\/product"}],"replies":[{"embeddable":true,"href":"https:\/\/antcube.shop\/lv\/wp-json\/wp\/v2\/comments?post=8717"}],"wp:featuredmedia":[{"embeddable":true,"href":"https:\/\/antcube.shop\/lv\/wp-json\/wp\/v2\/media\/8720"}],"wp:attachment":[{"href":"https:\/\/antcube.shop\/lv\/wp-json\/wp\/v2\/media?parent=8717"}],"wp:term":[{"taxonomy":"product_brand","embeddable":true,"href":"https:\/\/antcube.shop\/lv\/wp-json\/wp\/v2\/product_brand?post=8717"},{"taxonomy":"product_cat","embeddable":true,"href":"https:\/\/antcube.shop\/lv\/wp-json\/wp\/v2\/product_cat?post=8717"},{"taxonomy":"product_tag","embeddable":true,"href":"https:\/\/antcube.shop\/lv\/wp-json\/wp\/v2\/product_tag?post=8717"}],"curies":[{"name":"wp","href":"https:\/\/api.w.org\/{rel}","templated":true}]}}