{"id":8518,"date":"2024-06-10T10:41:37","date_gmt":"2024-06-10T08:41:37","guid":{"rendered":"https:\/\/antcube.shop\/product\/poster\/"},"modified":"2025-09-30T10:22:23","modified_gmt":"2025-09-30T08:22:23","slug":"plakata-anatomija","status":"publish","type":"product","link":"https:\/\/antcube.shop\/lv\/products\/plakata-anatomija\/","title":{"rendered":"Plak\u0101ta anatomija"},"content":{"rendered":"<p>Muzeja kvalit\u0101tes plak\u0101ti uz bieza mat\u0113ta pap\u012bra. Pievienojiet br\u012bni\u0161\u0137\u012bgu akcentu savai istabai un birojam ar \u0161iem plak\u0101tiem, kas noteikti uzlabos jebkuru vidi.<\/p>\n<p>- Pap\u012bra biezums: 10,3 mil<br \/>\n- Pap\u012bra svars: 189 g\/m\u00b2<br \/>\n- Necaursp\u012bd\u012bgums: 94%<br \/>\n- ISO spilgtums: 104%<br \/>\n- Pap\u012bra izcelsme ir Jap\u0101na<\/p>\n<p>\u0160is produkts tiek izgatavots \u012bpa\u0161i jums, tikl\u012bdz j\u016bs veicat pas\u016bt\u012bjumu, t\u0101p\u0113c t\u0101 pieg\u0101de jums aiz\u0146em nedaudz ilg\u0101ku laiku. Produktu izgatavo\u0161ana p\u0113c piepras\u012bjuma, nevis vairum\u0101 pal\u012bdz samazin\u0101t p\u0101rprodukciju, t\u0101p\u0113c paldies, ka pie\u0146emat p\u0101rdom\u0101tus l\u0113mumus par pirkumu!<\/p>","protected":false},"excerpt":{"rendered":"<p>Muzeja kvalit\u0101tes plak\u0101ti uz bieza mat\u0113ta pap\u012bra. Pievienojiet br\u012bni\u0161\u0137\u012bgu akcentu savai istabai un birojam ar \u0161iem plak\u0101tiem, kas noteikti uzlabos jebkuru vidi. - Pap\u012bra biezums: 10,3 mil - Pap\u012bra svars: 189 g\/m\u00b2 - Necaursp\u012bd\u012bgums: 94% - ISO spilgtums: 104% - Pap\u012bra izcelsme ir Jap\u0101na \u0160is produkts ir \u012bpa\u0161i izgatavots","protected":false},"featured_media":8523,"comment_status":"open","ping_status":"closed","template":"","meta":{"_acf_changed":false,"content-type":"","_monsterinsights_skip_tracking":false,"_monsterinsights_sitenote_active":false,"_monsterinsights_sitenote_note":"","_monsterinsights_sitenote_category":0},"product_brand":[],"product_cat":[245],"product_tag":[],"class_list":{"0":"post-8518","1":"product","2":"type-product","3":"status-publish","4":"has-post-thumbnail","6":"product_cat-merchandise","8":"first","9":"instock","10":"taxable","11":"shipping-taxable","12":"purchasable","13":"product-type-variable"},"acf":[],"aioseo_notices":[],"jetpack_sharing_enabled":true,"_links":{"self":[{"href":"https:\/\/antcube.shop\/lv\/wp-json\/wp\/v2\/product\/8518","targetHints":{"allow":["GET"]}}],"collection":[{"href":"https:\/\/antcube.shop\/lv\/wp-json\/wp\/v2\/product"}],"about":[{"href":"https:\/\/antcube.shop\/lv\/wp-json\/wp\/v2\/types\/product"}],"replies":[{"embeddable":true,"href":"https:\/\/antcube.shop\/lv\/wp-json\/wp\/v2\/comments?post=8518"}],"wp:featuredmedia":[{"embeddable":true,"href":"https:\/\/antcube.shop\/lv\/wp-json\/wp\/v2\/media\/8523"}],"wp:attachment":[{"href":"https:\/\/antcube.shop\/lv\/wp-json\/wp\/v2\/media?parent=8518"}],"wp:term":[{"taxonomy":"product_brand","embeddable":true,"href":"https:\/\/antcube.shop\/lv\/wp-json\/wp\/v2\/product_brand?post=8518"},{"taxonomy":"product_cat","embeddable":true,"href":"https:\/\/antcube.shop\/lv\/wp-json\/wp\/v2\/product_cat?post=8518"},{"taxonomy":"product_tag","embeddable":true,"href":"https:\/\/antcube.shop\/lv\/wp-json\/wp\/v2\/product_tag?post=8518"}],"curies":[{"name":"wp","href":"https:\/\/api.w.org\/{rel}","templated":true}]}}