{"id":8505,"date":"2024-06-10T10:40:55","date_gmt":"2024-06-10T08:40:55","guid":{"rendered":"https:\/\/antcube.shop\/product\/sports-water-bottle\/"},"modified":"2025-12-03T21:47:07","modified_gmt":"2025-12-03T20:47:07","slug":"sporta-udens-pudele","status":"publish","type":"product","link":"https:\/\/antcube.shop\/lv\/products\/sporta-udens-pudele\/","title":{"rendered":"Sporta \u016bdens pudele"},"content":{"rendered":"<p>Ieg\u0101d\u0101jieties personaliz\u0113tu un sportisku \u016bdens pudeli, kas izgatavota no 50% p\u0101rstr\u0101d\u0101tas plastmasas, lai saglab\u0101tu hidrat\u0101ciju stil\u012bg\u0101 veid\u0101. T\u0101 ir notur\u012bga pret traipiem, sadrup\u0161anu un smak\u0101m, t\u0101p\u0113c dz\u0113rieni saglab\u0101sies svaigi, bet pret izlie\u0161anu dro\u0161ais v\u0101ci\u0146\u0161 un koduma v\u0101rsts nov\u0113rs\u012bs nopl\u016bdes. \u0160\u012bs pudeles \u012bpa\u0161i lielais izm\u0113rs ir piem\u0113rots ar\u012b gar\u0101m sporta z\u0101les, darba vai m\u0101c\u012bbu sesij\u0101m! - 25<\/p>\n<p>- 25 oz (739 ml) <br \/>\n- Izm\u0113ri: 10\u2033 \u00d7 3\u2033 (25,4 \u00d7 7,62 cm)<br \/>\n- BPA nesaturo\u0161s Eastman Tritan\u2122 Renew 50% p\u0101rstr\u0101d\u0101ts materi\u0101ls <br \/>\n- Notur\u012bgs pret traipiem, sadrupumiem un smak\u0101m.<br \/>\n- No izlie\u0161anas dro\u0161s uzskr\u016bv\u0113jams v\u0101ks ar ieskr\u016bv\u0113jamu v\u0101rstu<br \/>\n- Rokas rokturis ar vienu pirkstu<\/p>","protected":false},"excerpt":{"rendered":"<p>Ieg\u0101d\u0101jieties personaliz\u0113tu un sportisku \u016bdens pudeli, kas izgatavota no 50% p\u0101rstr\u0101d\u0101tas plastmasas, lai saglab\u0101tu hidrat\u0101ciju stil\u012bg\u0101 veid\u0101. T\u0101 ir notur\u012bga pret traipiem, sadrup\u0161anu un smak\u0101m, t\u0101p\u0113c dz\u0113rieni saglab\u0101sies svaigi, bet pret izlie\u0161anu dro\u0161ais v\u0101ci\u0146\u0161 un koduma v\u0101rsts nov\u0113rs\u012bs nopl\u016bdes. \u0160\u012bs pudeles \u012bpa\u0161i lielais izm\u0113rs ir piem\u0113rots ar\u012b gar\u0101m sporta z\u0101les, darba vai m\u0101c\u012bbu sesij\u0101m! - 25","protected":false},"featured_media":0,"comment_status":"open","ping_status":"closed","template":"","meta":{"_acf_changed":false,"content-type":"","_monsterinsights_skip_tracking":false,"_monsterinsights_sitenote_active":false,"_monsterinsights_sitenote_note":"","_monsterinsights_sitenote_category":0},"product_brand":[],"product_cat":[245],"product_tag":[],"class_list":{"0":"post-8505","1":"product","2":"type-product","3":"status-publish","5":"product_cat-merchandise","7":"first","8":"outofstock","9":"taxable","10":"shipping-taxable","11":"product-type-variable"},"acf":[],"aioseo_notices":[],"jetpack_sharing_enabled":true,"_links":{"self":[{"href":"https:\/\/antcube.shop\/lv\/wp-json\/wp\/v2\/product\/8505","targetHints":{"allow":["GET"]}}],"collection":[{"href":"https:\/\/antcube.shop\/lv\/wp-json\/wp\/v2\/product"}],"about":[{"href":"https:\/\/antcube.shop\/lv\/wp-json\/wp\/v2\/types\/product"}],"replies":[{"embeddable":true,"href":"https:\/\/antcube.shop\/lv\/wp-json\/wp\/v2\/comments?post=8505"}],"wp:attachment":[{"href":"https:\/\/antcube.shop\/lv\/wp-json\/wp\/v2\/media?parent=8505"}],"wp:term":[{"taxonomy":"product_brand","embeddable":true,"href":"https:\/\/antcube.shop\/lv\/wp-json\/wp\/v2\/product_brand?post=8505"},{"taxonomy":"product_cat","embeddable":true,"href":"https:\/\/antcube.shop\/lv\/wp-json\/wp\/v2\/product_cat?post=8505"},{"taxonomy":"product_tag","embeddable":true,"href":"https:\/\/antcube.shop\/lv\/wp-json\/wp\/v2\/product_tag?post=8505"}],"curies":[{"name":"wp","href":"https:\/\/api.w.org\/{rel}","templated":true}]}}