{"id":8320,"date":"2024-06-10T10:36:48","date_gmt":"2024-06-10T08:36:48","guid":{"rendered":"https:\/\/antcube.shop\/product\/unisex-t-shirt-2\/"},"modified":"2024-12-12T11:08:12","modified_gmt":"2024-12-12T10:08:12","slug":"unisex-t-krekls-2","status":"publish","type":"product","link":"https:\/\/antcube.shop\/lv\/products\/unisex-t-krekls-2\/","title":{"rendered":"Unisex krekli\u0146\u0161"},"content":{"rendered":"<p>\u0160is t-krekls ir viss, par ko esat sap\u0146ojis, un v\u0113l vair\u0101k. Tas ir m\u012bksts un viegls, ar atbilsto\u0161u elast\u012bbas pak\u0101pi. Tas ir \u0113rts un piem\u0113rots visiem. <\/p>\n<p>- 100% \u0137emm\u0113ta kokvilna un kokvilna ar gredzenveida v\u0113rp\u0161anu (Heather kr\u0101s\u0101s ir poliesteris)<br \/>\n- Auduma svars: 4,2 oz.\/yd.\u00b2 (142 g\/m\u00b2)<br \/>\n- Iepriek\u0161 iz\u017euvis audums<br \/>\n- Konstrukcija ar s\u0101nu \u0161uv\u0113m<br \/>\n- Pleca-pleca lentu apl\u012bm\u0113\u0161ana<br \/>\n- Tuk\u0161s izstr\u0101d\u0101jums, kura izcelsme ir Nikaragv\u0101, Meksik\u0101, Honduras\u0101 vai ASV.<\/p>\n<p>\u0160is produkts tiek izgatavots \u012bpa\u0161i jums, tikl\u012bdz j\u016bs veicat pas\u016bt\u012bjumu, t\u0101p\u0113c t\u0101 pieg\u0101de jums aiz\u0146em nedaudz ilg\u0101ku laiku. Produktu izgatavo\u0161ana p\u0113c piepras\u012bjuma, nevis vairum\u0101 pal\u012bdz samazin\u0101t p\u0101rprodukciju, t\u0101p\u0113c paldies, ka pie\u0146emat p\u0101rdom\u0101tus l\u0113mumus par pirkumu!<\/p>","protected":false},"excerpt":{"rendered":"<p>\u0160is t-krekls ir viss, par ko esat sap\u0146ojis, un v\u0113l vair\u0101k. Tas ir m\u012bksts un viegls, ar atbilsto\u0161u elast\u012bbas pak\u0101pi. Tas ir \u0113rts un piem\u0113rots visiem. - 100% \u0137emm\u0113ta kokvilna un kokvilna ar gredzenveida v\u0113rp\u0161anu (Heather kr\u0101s\u0101s ir poliesteris) - Auduma svars: 4,2 oz.\/yd.\u00b2 (142 g\/m\u00b2) - Iepriek\u0161 iz\u017e\u0101v\u0113ts audums - Konstrukcija ar s\u0101nu \u0161uv\u0113m - Lentes no pleca l\u012bdz plecam - Tuk\u0161s izstr\u0101d\u0101jums","protected":false},"featured_media":8423,"comment_status":"open","ping_status":"closed","template":"","meta":{"_acf_changed":false,"content-type":"","_monsterinsights_skip_tracking":false,"_monsterinsights_sitenote_active":false,"_monsterinsights_sitenote_note":"","_monsterinsights_sitenote_category":0},"product_brand":[],"product_cat":[245],"product_tag":[],"class_list":{"0":"post-8320","1":"product","2":"type-product","3":"status-publish","4":"has-post-thumbnail","6":"product_cat-merchandise","8":"first","9":"instock","10":"taxable","11":"shipping-taxable","12":"purchasable","13":"product-type-variable"},"acf":[],"aioseo_notices":[],"jetpack_sharing_enabled":true,"_links":{"self":[{"href":"https:\/\/antcube.shop\/lv\/wp-json\/wp\/v2\/product\/8320","targetHints":{"allow":["GET"]}}],"collection":[{"href":"https:\/\/antcube.shop\/lv\/wp-json\/wp\/v2\/product"}],"about":[{"href":"https:\/\/antcube.shop\/lv\/wp-json\/wp\/v2\/types\/product"}],"replies":[{"embeddable":true,"href":"https:\/\/antcube.shop\/lv\/wp-json\/wp\/v2\/comments?post=8320"}],"wp:featuredmedia":[{"embeddable":true,"href":"https:\/\/antcube.shop\/lv\/wp-json\/wp\/v2\/media\/8423"}],"wp:attachment":[{"href":"https:\/\/antcube.shop\/lv\/wp-json\/wp\/v2\/media?parent=8320"}],"wp:term":[{"taxonomy":"product_brand","embeddable":true,"href":"https:\/\/antcube.shop\/lv\/wp-json\/wp\/v2\/product_brand?post=8320"},{"taxonomy":"product_cat","embeddable":true,"href":"https:\/\/antcube.shop\/lv\/wp-json\/wp\/v2\/product_cat?post=8320"},{"taxonomy":"product_tag","embeddable":true,"href":"https:\/\/antcube.shop\/lv\/wp-json\/wp\/v2\/product_tag?post=8320"}],"curies":[{"name":"wp","href":"https:\/\/api.w.org\/{rel}","templated":true}]}}