{"id":8197,"date":"2024-06-10T10:30:29","date_gmt":"2024-06-10T08:30:29","guid":{"rendered":"https:\/\/antcube.shop\/product\/unisex-hoodie-2\/"},"modified":"2024-12-12T11:08:24","modified_gmt":"2024-12-12T10:08:24","slug":"unisex-jaka-ar-kapuci-2","status":"publish","type":"product","link":"https:\/\/antcube.shop\/lv\/products\/unisex-jaka-ar-kapuci-2\/","title":{"rendered":"Unisex jaka ar kapuci"},"content":{"rendered":"<p>Ikvienam ir nepiecie\u0161ama m\u0101j\u012bga, \u0113rta un \u0113rta jaka ar kapuci, kur\u0101 sat\u012bties, t\u0101p\u0113c izv\u0113lieties t\u0101du, kas ir m\u012bksta, gluda un stil\u012bga. T\u0101 ir lieliska izv\u0113le v\u0113s\u0101kiem vakariem!<\/p>\n<p>- 50% iepriek\u0161 saraukta kokvilna, 50% poliesteris<br \/>\n- Auduma svars: 8,0 oz\/yd\u00b2 (271,25 g\/m\u00b2)<br \/>\n- Gaisa str\u016bklas v\u0113rpta dzija ar maigu saj\u016btu un samazin\u0101tu p\u012blings veido\u0161anos.<br \/>\n- Kapuce ar dubultu oder\u0113jumu un atbilsto\u0161u aukli\u0146u<br \/>\n- Ceturtda\u013c\u0113ji pagriezts korpuss, lai izvair\u012btos no krok\u0101m pa vidu<br \/>\n- 1 \u00d7 1 sportiskas ribas, ad\u012btas aproces un jostasvieta ar spandeksu<br \/>\n- Priek\u0161\u0113j\u0101 kabatas kabati\u0146a<br \/>\n- Apkakles, plecu, roku izgriezumu, apro\u010du un apak\u0161malas aproces dubult\u0101 \u0161\u016b\u0161ana.<br \/>\n- Tuk\u0161s izstr\u0101d\u0101jums, kura izcelsme ir Banglade\u0161\u0101, Nikaragv\u0101, Honduras\u0101 vai Salvador\u0101.<\/p>\n<p>\u0160is produkts tiek izgatavots \u012bpa\u0161i jums, tikl\u012bdz j\u016bs veicat pas\u016bt\u012bjumu, t\u0101p\u0113c t\u0101 pieg\u0101de jums aiz\u0146em nedaudz ilg\u0101ku laiku. Produktu izgatavo\u0161ana p\u0113c piepras\u012bjuma, nevis vairum\u0101 pal\u012bdz samazin\u0101t p\u0101rprodukciju, t\u0101p\u0113c paldies, ka pie\u0146emat p\u0101rdom\u0101tus l\u0113mumus par pirkumu!<\/p>","protected":false},"excerpt":{"rendered":"<p>Ikvienam ir nepiecie\u0161ama m\u0101j\u012bga, \u0113rta jaka ar kapuci, kur\u0101 sat\u012bties, t\u0101p\u0113c izv\u0113lieties t\u0101du, kas ir m\u012bksta, gluda un stil\u012bga. T\u0101 ir lieliska izv\u0113le v\u0113s\u0101kiem vakariem! - 50% kokvilna, 50% poliesteris - Auduma svars: 8,0 oz\/yd\u00b2 (271,25 g\/m\u00b2) - Gaisa str\u016bklas v\u0113rpta dzija ar maigu saj\u016btu un samazin\u0101tu p\u012blings - Divk\u0101r\u0161a kapuce ar atbilsto\u0161u apdari","protected":false},"featured_media":8290,"comment_status":"open","ping_status":"closed","template":"","meta":{"_acf_changed":false,"content-type":"","_monsterinsights_skip_tracking":false,"_monsterinsights_sitenote_active":false,"_monsterinsights_sitenote_note":"","_monsterinsights_sitenote_category":0},"product_brand":[],"product_cat":[245],"product_tag":[],"class_list":{"0":"post-8197","1":"product","2":"type-product","3":"status-publish","4":"has-post-thumbnail","6":"product_cat-merchandise","8":"first","9":"instock","10":"taxable","11":"shipping-taxable","12":"purchasable","13":"product-type-variable"},"acf":[],"aioseo_notices":[],"jetpack_sharing_enabled":true,"_links":{"self":[{"href":"https:\/\/antcube.shop\/lv\/wp-json\/wp\/v2\/product\/8197","targetHints":{"allow":["GET"]}}],"collection":[{"href":"https:\/\/antcube.shop\/lv\/wp-json\/wp\/v2\/product"}],"about":[{"href":"https:\/\/antcube.shop\/lv\/wp-json\/wp\/v2\/types\/product"}],"replies":[{"embeddable":true,"href":"https:\/\/antcube.shop\/lv\/wp-json\/wp\/v2\/comments?post=8197"}],"wp:featuredmedia":[{"embeddable":true,"href":"https:\/\/antcube.shop\/lv\/wp-json\/wp\/v2\/media\/8290"}],"wp:attachment":[{"href":"https:\/\/antcube.shop\/lv\/wp-json\/wp\/v2\/media?parent=8197"}],"wp:term":[{"taxonomy":"product_brand","embeddable":true,"href":"https:\/\/antcube.shop\/lv\/wp-json\/wp\/v2\/product_brand?post=8197"},{"taxonomy":"product_cat","embeddable":true,"href":"https:\/\/antcube.shop\/lv\/wp-json\/wp\/v2\/product_cat?post=8197"},{"taxonomy":"product_tag","embeddable":true,"href":"https:\/\/antcube.shop\/lv\/wp-json\/wp\/v2\/product_tag?post=8197"}],"curies":[{"name":"wp","href":"https:\/\/api.w.org\/{rel}","templated":true}]}}