{"id":8185,"date":"2024-06-10T10:28:06","date_gmt":"2024-06-10T08:28:06","guid":{"rendered":"https:\/\/antcube.shop\/product\/boxer-briefs\/"},"modified":"2024-12-12T11:08:38","modified_gmt":"2024-12-12T10:08:38","slug":"bokseru-apaksbikses","status":"publish","type":"product","link":"https:\/\/antcube.shop\/lv\/products\/bokseru-apaksbikses\/","title":{"rendered":"Bokseru biks\u012btes"},"content":{"rendered":"<p>\u0160\u012bs bokseru biks\u012btes ir izgatavotas no m\u012bksta un elast\u012bga materi\u0101la, kas nodro\u0161ina komfortu visas dienas garum\u0101. Bokseru biks\u012bt\u0113m nav aizmugur\u0113j\u0101s \u0161uves, un t\u0101m ir oder\u0113ts priek\u0161\u0113jais maisi\u0146\u0161, kas nodro\u0161ina papildu komfortu un atbalstu. <\/p>\n<p>- 95% poliesteris, 5% elast\u0101ns (auduma sast\u0101vs var at\u0161\u0137irties 1%).<br \/>\n- Vid\u0113ja augstuma<br \/>\n- Priek\u0161\u0113jais maci\u0146\u0161 ar oder\u0113jumu papildu atbalstam<br \/>\n- 4 cm plata elast\u012bga josta, p\u0101rkl\u0101ta ar audumu<br \/>\n- K\u0101jstarpes panelis <br \/>\n- Overloks un aptvero\u0161ais valdzi\u0146\u0161 <br \/>\n- Nav aizmugur\u0113j\u0101s \u0161uves papildu komfortam<br \/>\n- Tuk\u0161o izstr\u0101d\u0101jumu komponenti ES, kuru izcelsme ir Lietuv\u0101<br \/>\n- Mehiko ra\u017eojumu tuk\u0161\u0101s da\u013cas, kuru izcelsme ir ASV un \u0136\u012bn\u0101.<\/p>","protected":false},"excerpt":{"rendered":"<p>\u0160\u012bs bokseru biks\u012btes ir izgatavotas no m\u012bksta un elast\u012bga materi\u0101la, kas nodro\u0161ina komfortu visas dienas garum\u0101. Bokseru biks\u012bt\u0113m nav aizmugur\u0113j\u0101s \u0161uves, un t\u0101m ir oder\u0113ts priek\u0161\u0113jais maisi\u0146\u0161, kas nodro\u0161ina papildu komfortu un atbalstu. - 95% poliesteris, 5% elast\u0101ns (auduma sast\u0101vs var at\u0161\u0137irties 1%) - Vid\u0113ja auguma paaugstin\u0101jums - Priek\u0161\u0113jais maisi\u0146\u0161 ar oder\u0113jumu papildu elast\u012bgumam.","protected":false},"featured_media":8195,"comment_status":"open","ping_status":"closed","template":"","meta":{"_acf_changed":false,"content-type":"","_monsterinsights_skip_tracking":false,"_monsterinsights_sitenote_active":false,"_monsterinsights_sitenote_note":"","_monsterinsights_sitenote_category":0},"product_brand":[],"product_cat":[245],"product_tag":[],"class_list":{"0":"post-8185","1":"product","2":"type-product","3":"status-publish","4":"has-post-thumbnail","6":"product_cat-merchandise","8":"first","9":"instock","10":"taxable","11":"shipping-taxable","12":"purchasable","13":"product-type-variable"},"acf":[],"aioseo_notices":[],"jetpack_sharing_enabled":true,"_links":{"self":[{"href":"https:\/\/antcube.shop\/lv\/wp-json\/wp\/v2\/product\/8185","targetHints":{"allow":["GET"]}}],"collection":[{"href":"https:\/\/antcube.shop\/lv\/wp-json\/wp\/v2\/product"}],"about":[{"href":"https:\/\/antcube.shop\/lv\/wp-json\/wp\/v2\/types\/product"}],"replies":[{"embeddable":true,"href":"https:\/\/antcube.shop\/lv\/wp-json\/wp\/v2\/comments?post=8185"}],"wp:featuredmedia":[{"embeddable":true,"href":"https:\/\/antcube.shop\/lv\/wp-json\/wp\/v2\/media\/8195"}],"wp:attachment":[{"href":"https:\/\/antcube.shop\/lv\/wp-json\/wp\/v2\/media?parent=8185"}],"wp:term":[{"taxonomy":"product_brand","embeddable":true,"href":"https:\/\/antcube.shop\/lv\/wp-json\/wp\/v2\/product_brand?post=8185"},{"taxonomy":"product_cat","embeddable":true,"href":"https:\/\/antcube.shop\/lv\/wp-json\/wp\/v2\/product_cat?post=8185"},{"taxonomy":"product_tag","embeddable":true,"href":"https:\/\/antcube.shop\/lv\/wp-json\/wp\/v2\/product_tag?post=8185"}],"curies":[{"name":"wp","href":"https:\/\/api.w.org\/{rel}","templated":true}]}}