{"id":7590,"date":"2024-04-04T16:24:13","date_gmt":"2024-04-04T14:24:13","guid":{"rendered":"https:\/\/antcube.shop\/product\/thermo-hygrometer-analog-display-43mm-hangend\/"},"modified":"2026-01-15T16:08:58","modified_gmt":"2026-01-15T15:08:58","slug":"termo-higrometrs-analogais-displejs-43mm-piekaramais","status":"publish","type":"product","link":"https:\/\/antcube.shop\/lv\/products\/termo-higrometrs-analogais-displejs-43mm-piekaramais\/","title":{"rendered":"Termo- higrometrs analogais - displejs - 43mm - piekaramais"},"content":{"rendered":"<p><strong>Izm\u0113ri:<\/strong> 73 mm x 63 mm, 20 mm dzi\u013c\u0161<\/p>\n<p><strong>Materi\u0101ls:<\/strong> met\u0101ls \/ akrils<\/p>\n<p><strong>Kr\u0101sa:<\/strong> met\u0101ls, sudraba \/ caursp\u012bd\u012bgs<\/p>\n<p><strong>Saturs:<\/strong> 1x termohigrometra analogais met\u0101la termometrs - 43 mm, 1x akrila stikla tur\u0113t\u0101js ar padzi\u013cin\u0101jumu m\u0113rinstrumentam - 73x59 mm, 1x akrila stikla pamatne - 73x20 mm, 2x caursp\u012bd\u012bgi l\u012bmlentes spilventi\u0146i - 30x20 mm.<\/p>\n<p><strong>Apraksts:<\/strong><br \/>\nKomplekt\u0101 ietilpst analogais termometrs un higrometrs, kas izgatavoti no met\u0101la (43 mm), kas ievietots akrila stikla pl\u0101ksn\u0113 (73x59 mm). Displejs ir piestiprin\u0101ts, izmantojot divas caursp\u012bd\u012bgas l\u012bmpl\u0101ksn\u012btes, kuras var izmantot, lai pamatni (73x20 mm) virs galvas piestiprin\u0101tu pie ar\u0113nas v\u0101kiem vai r\u0101mjiem.<\/p>\n<p><strong>Svar\u012bgi:<\/strong><br \/>\nM\u0113rier\u012bces aizmugur\u0113jai da\u013cai j\u0101b\u016bt t\u012brai, pret\u0113j\u0101 gad\u012bjum\u0101 var rasties m\u0113r\u012bjumu k\u013c\u016bdas.<\/p>\n<p><strong>Precizit\u0101tes termometrs:<\/strong> +\/- 2\u00b0C , +\/- 4\u00b0F<br \/>\n<strong>Higrometra precizit\u0101te:<\/strong> +\/- 5%<\/p>","protected":false},"excerpt":{"rendered":"<p>Termometra un higrometra komplekts no met\u0101la (43 mm), kas ievietots akrila stikla pl\u0101ksn\u0113 (73x63 mm).<\/p>","protected":false},"featured_media":7580,"comment_status":"open","ping_status":"closed","template":"","meta":{"_acf_changed":false,"content-type":"","_monsterinsights_skip_tracking":false,"_monsterinsights_sitenote_active":false,"_monsterinsights_sitenote_note":"","_monsterinsights_sitenote_category":0},"product_brand":[],"product_cat":[359,119],"product_tag":[],"class_list":{"0":"post-7590","1":"product","2":"type-product","3":"status-publish","4":"has-post-thumbnail","6":"product_cat-light-heat-humidity","7":"product_cat-formicarium-components","9":"first","10":"instock","11":"taxable","12":"shipping-taxable","13":"purchasable","14":"product-type-simple"},"acf":[],"aioseo_notices":[],"jetpack_sharing_enabled":true,"_links":{"self":[{"href":"https:\/\/antcube.shop\/lv\/wp-json\/wp\/v2\/product\/7590","targetHints":{"allow":["GET"]}}],"collection":[{"href":"https:\/\/antcube.shop\/lv\/wp-json\/wp\/v2\/product"}],"about":[{"href":"https:\/\/antcube.shop\/lv\/wp-json\/wp\/v2\/types\/product"}],"replies":[{"embeddable":true,"href":"https:\/\/antcube.shop\/lv\/wp-json\/wp\/v2\/comments?post=7590"}],"wp:featuredmedia":[{"embeddable":true,"href":"https:\/\/antcube.shop\/lv\/wp-json\/wp\/v2\/media\/7580"}],"wp:attachment":[{"href":"https:\/\/antcube.shop\/lv\/wp-json\/wp\/v2\/media?parent=7590"}],"wp:term":[{"taxonomy":"product_brand","embeddable":true,"href":"https:\/\/antcube.shop\/lv\/wp-json\/wp\/v2\/product_brand?post=7590"},{"taxonomy":"product_cat","embeddable":true,"href":"https:\/\/antcube.shop\/lv\/wp-json\/wp\/v2\/product_cat?post=7590"},{"taxonomy":"product_tag","embeddable":true,"href":"https:\/\/antcube.shop\/lv\/wp-json\/wp\/v2\/product_tag?post=7590"}],"curies":[{"name":"wp","href":"https:\/\/api.w.org\/{rel}","templated":true}]}}