{"id":7589,"date":"2024-04-04T16:24:06","date_gmt":"2024-04-04T14:24:06","guid":{"rendered":"https:\/\/antcube.shop\/product\/mini-thermo-hygrometer-analog-metall-43mm\/"},"modified":"2026-03-31T18:19:20","modified_gmt":"2026-03-31T16:19:20","slug":"mini-termo-higrometrs-analogais-metala-43mm","status":"publish","type":"product","link":"https:\/\/antcube.shop\/lv\/products\/mini-termo-higrometrs-analogais-metala-43mm\/","title":{"rendered":"Mini termohigrometrs analogais met\u0101la - 43mm"},"content":{"rendered":"<p><strong>Izm\u0113rs:<\/strong> 43 mm (40 mm caurumam)<\/p>\n<p><strong>Materi\u0101ls \/ kr\u0101sa:<\/strong> met\u0101ls, sudrabs<\/p>\n<p><strong>M\u0113r\u012b\u0161ana:<\/strong><\/p>\n<p><strong>Termometrs:<\/strong> -20 l\u012bdz +50\u00b0C \/ -10 l\u012bdz +130\u00b0F<br \/>\n<strong>Precizit\u0101te:<\/strong> +\/- 2\u00b0C , +\/- 4\u00b0F<\/p>\n<p><strong>Higrometrs:<\/strong> 0 l\u012bdz 100%<br \/>\n<strong>Precizit\u0101te:<\/strong> +\/- 5%<\/p>\n<p><strong>Apraksts:<\/strong><br \/>\nAnalogais termo\/higrometrs, kas ir \u012bpa\u0161i piem\u0113rots \u013coti maziem formik\u0101rijiem.<\/p>\n<p><strong>Piez\u012bme:<\/strong><br \/>\nM\u0113rinstrumentiem aizmugur\u0113j\u0101 pus\u0113 j\u0101b\u016bt br\u012bviem, pret\u0113j\u0101 gad\u012bjum\u0101 var rasties m\u0113r\u012bjumu k\u013c\u016bdas.<\/p>","protected":false},"excerpt":{"rendered":"<p>Izm\u0113rs: 43 mm (40 mm caurumam) Materi\u0101ls \/ Kr\u0101sa: met\u0101ls, sudraba Izm\u0113rs: Termometrs: -20 l\u012bdz +50\u00b0C \/ -10 l\u012bdz +130\u00b0F Precizit\u0101te: +\/- 2\u00b0C , +\/- 4\u00b0F Higrometrs: no 0 l\u012bdz 100% Precizit\u0101te: +\/- 2\u00b0C , +\/- 4\u00b0F Precizit\u0101te: +\/- 5% Apraksts: Analogais termo\/ higrometrs, kas ir \u012bpa\u0161i piem\u0113rots \u013coti maziem formik\u0101rijiem. Piez\u012bme: M\u0113rinstrumentiem aizmugur\u0113 j\u0101b\u016bt br\u012bviem, cit\u0101di m\u0113r\u012bjumi var notikt tikai tad, ja","protected":false},"featured_media":7581,"comment_status":"open","ping_status":"closed","template":"","meta":{"_acf_changed":false,"content-type":"","_monsterinsights_skip_tracking":false,"_monsterinsights_sitenote_active":false,"_monsterinsights_sitenote_note":"","_monsterinsights_sitenote_category":0},"product_brand":[],"product_cat":[359,119],"product_tag":[],"class_list":{"0":"post-7589","1":"product","2":"type-product","3":"status-publish","4":"has-post-thumbnail","6":"product_cat-light-heat-humidity","7":"product_cat-formicarium-components","9":"first","10":"instock","11":"taxable","12":"shipping-taxable","13":"purchasable","14":"product-type-simple"},"acf":[],"aioseo_notices":[],"jetpack_sharing_enabled":true,"_links":{"self":[{"href":"https:\/\/antcube.shop\/lv\/wp-json\/wp\/v2\/product\/7589","targetHints":{"allow":["GET"]}}],"collection":[{"href":"https:\/\/antcube.shop\/lv\/wp-json\/wp\/v2\/product"}],"about":[{"href":"https:\/\/antcube.shop\/lv\/wp-json\/wp\/v2\/types\/product"}],"replies":[{"embeddable":true,"href":"https:\/\/antcube.shop\/lv\/wp-json\/wp\/v2\/comments?post=7589"}],"wp:featuredmedia":[{"embeddable":true,"href":"https:\/\/antcube.shop\/lv\/wp-json\/wp\/v2\/media\/7581"}],"wp:attachment":[{"href":"https:\/\/antcube.shop\/lv\/wp-json\/wp\/v2\/media?parent=7589"}],"wp:term":[{"taxonomy":"product_brand","embeddable":true,"href":"https:\/\/antcube.shop\/lv\/wp-json\/wp\/v2\/product_brand?post=7589"},{"taxonomy":"product_cat","embeddable":true,"href":"https:\/\/antcube.shop\/lv\/wp-json\/wp\/v2\/product_cat?post=7589"},{"taxonomy":"product_tag","embeddable":true,"href":"https:\/\/antcube.shop\/lv\/wp-json\/wp\/v2\/product_tag?post=7589"}],"curies":[{"name":"wp","href":"https:\/\/api.w.org\/{rel}","templated":true}]}}