{"id":7588,"date":"2024-04-04T16:18:04","date_gmt":"2024-04-04T14:18:04","guid":{"rendered":"https:\/\/antcube.shop\/product\/saugnapfhalter-16mm-2-stk\/"},"modified":"2026-04-13T09:29:41","modified_gmt":"2026-04-13T07:29:41","slug":"piesucekna-turetajs-16-mm","status":"publish","type":"product","link":"https:\/\/antcube.shop\/lv\/products\/piesucekna-turetajs-16-mm\/","title":{"rendered":"Pies\u016bcek\u0146a tur\u0113t\u0101js 16 mm - 2 gab."},"content":{"rendered":"<p><strong>Saturs:<\/strong><br \/>\n2x pies\u016bcek\u0146a stiprin\u0101jums 16 mm<\/p>\n<p><strong>Apraksts:<\/strong><br \/>\nSkavas tur\u0113t\u0101js 16 mm un 18 mm m\u0113\u0123en\u0113m.<br \/>\nVar izmantot, lai piestiprin\u0101tu ligzdas m\u0113\u0123enes \/ m\u0113\u0123enes pie formik\u0101rija stikla vai lai piestiprin\u0101tu atbilsto\u0161a izm\u0113ra \u0161\u013c\u016btenes.<\/p>","protected":false},"excerpt":{"rendered":"<p>Saturs: Sast\u0101vs: 2x pies\u016bceknis 16 mm Apraksts: Piestiprin\u0101\u0161anas stiprin\u0101jums 16 mm un 18 mm m\u0113\u0123en\u0113m. Var izmantot, lai piestiprin\u0101tu ligzdas m\u0113\u0123enes \/ m\u0113\u0123enes pie formik\u0101ra stikla vai lai piestiprin\u0101tu atbilsto\u0161a izm\u0113ra \u0161\u013c\u016btenes.<\/p>","protected":false},"featured_media":7585,"comment_status":"open","ping_status":"closed","template":"","meta":{"_acf_changed":false,"content-type":"","_monsterinsights_skip_tracking":false,"_monsterinsights_sitenote_active":false,"_monsterinsights_sitenote_note":"","_monsterinsights_sitenote_category":0},"product_brand":[],"product_cat":[119,239,237],"product_tag":[],"class_list":{"0":"post-7588","1":"product","2":"type-product","3":"status-publish","4":"has-post-thumbnail","6":"product_cat-formicarium-components","7":"product_cat-useful-additions","8":"product_cat-tools","10":"first","11":"instock","12":"taxable","13":"shipping-taxable","14":"purchasable","15":"product-type-simple"},"acf":[],"aioseo_notices":[],"jetpack_sharing_enabled":true,"_links":{"self":[{"href":"https:\/\/antcube.shop\/lv\/wp-json\/wp\/v2\/product\/7588","targetHints":{"allow":["GET"]}}],"collection":[{"href":"https:\/\/antcube.shop\/lv\/wp-json\/wp\/v2\/product"}],"about":[{"href":"https:\/\/antcube.shop\/lv\/wp-json\/wp\/v2\/types\/product"}],"replies":[{"embeddable":true,"href":"https:\/\/antcube.shop\/lv\/wp-json\/wp\/v2\/comments?post=7588"}],"wp:featuredmedia":[{"embeddable":true,"href":"https:\/\/antcube.shop\/lv\/wp-json\/wp\/v2\/media\/7585"}],"wp:attachment":[{"href":"https:\/\/antcube.shop\/lv\/wp-json\/wp\/v2\/media?parent=7588"}],"wp:term":[{"taxonomy":"product_brand","embeddable":true,"href":"https:\/\/antcube.shop\/lv\/wp-json\/wp\/v2\/product_brand?post=7588"},{"taxonomy":"product_cat","embeddable":true,"href":"https:\/\/antcube.shop\/lv\/wp-json\/wp\/v2\/product_cat?post=7588"},{"taxonomy":"product_tag","embeddable":true,"href":"https:\/\/antcube.shop\/lv\/wp-json\/wp\/v2\/product_tag?post=7588"}],"curies":[{"name":"wp","href":"https:\/\/api.w.org\/{rel}","templated":true}]}}