{"id":7502,"date":"2024-04-04T11:27:29","date_gmt":"2024-04-04T09:27:29","guid":{"rendered":"https:\/\/antcube.shop\/product\/folien-thermometer-arena\/"},"modified":"2026-04-02T09:54:51","modified_gmt":"2026-04-02T07:54:51","slug":"folijas-termometra-arena","status":"publish","type":"product","link":"https:\/\/antcube.shop\/lv\/products\/folijas-termometra-arena\/","title":{"rendered":"Folijas termometrs - ar\u0113na"},"content":{"rendered":"<p><strong>Izm\u0113rs:<\/strong> 30 mm x 36,5 mm<\/p>\n<p><strong>M\u0113r\u012b\u0161anas diapazons:<\/strong> +12\u00b0C l\u012bdz +34\u00b0C<\/p>\n<p><strong>Precizit\u0101te:<\/strong> +\/- 1\u00b0C<\/p>\n<p><strong>Apraksts:<\/strong><br \/>\nFolijas termometrs, ko var piestiprin\u0101t pie skudru novietnes\/formik\u0101rija stikla no iek\u0161puses. L\u012bm\u0113jo\u0161\u0101 virsma zem folijas aizmugur\u0113.<\/p>\n<p><strong>Temperat\u016bras nolas\u012b\u0161anai:<\/strong><br \/>\nZa\u013caj\u0101 zon\u0101 ir nor\u0101d\u012bta pa\u0161reiz\u0113j\u0101 temperat\u016bra.<br \/>\nJa sarkan\u0101 zona ir skaidri redzama, at\u0146emiet 0,5\u00b0C.<br \/>\nPievienojiet 0,5\u00b0C, ja zil\u0101 zona ir skaidri redzama.<\/p>","protected":false},"excerpt":{"rendered":"<p>M\u0113r\u012b\u0161anas diapazons: +12\u00b0C l\u012bdz +34\u00b0C<\/p>","protected":false},"featured_media":7592,"comment_status":"open","ping_status":"closed","template":"","meta":{"_acf_changed":false,"content-type":"","_monsterinsights_skip_tracking":false,"_monsterinsights_sitenote_active":false,"_monsterinsights_sitenote_note":"","_monsterinsights_sitenote_category":0},"product_brand":[],"product_cat":[359,119,239],"product_tag":[],"class_list":{"0":"post-7502","1":"product","2":"type-product","3":"status-publish","4":"has-post-thumbnail","6":"product_cat-light-heat-humidity","7":"product_cat-formicarium-components","8":"product_cat-useful-additions","10":"first","11":"instock","12":"taxable","13":"shipping-taxable","14":"purchasable","15":"product-type-simple"},"acf":[],"aioseo_notices":[],"jetpack_sharing_enabled":true,"_links":{"self":[{"href":"https:\/\/antcube.shop\/lv\/wp-json\/wp\/v2\/product\/7502","targetHints":{"allow":["GET"]}}],"collection":[{"href":"https:\/\/antcube.shop\/lv\/wp-json\/wp\/v2\/product"}],"about":[{"href":"https:\/\/antcube.shop\/lv\/wp-json\/wp\/v2\/types\/product"}],"replies":[{"embeddable":true,"href":"https:\/\/antcube.shop\/lv\/wp-json\/wp\/v2\/comments?post=7502"}],"wp:featuredmedia":[{"embeddable":true,"href":"https:\/\/antcube.shop\/lv\/wp-json\/wp\/v2\/media\/7592"}],"wp:attachment":[{"href":"https:\/\/antcube.shop\/lv\/wp-json\/wp\/v2\/media?parent=7502"}],"wp:term":[{"taxonomy":"product_brand","embeddable":true,"href":"https:\/\/antcube.shop\/lv\/wp-json\/wp\/v2\/product_brand?post=7502"},{"taxonomy":"product_cat","embeddable":true,"href":"https:\/\/antcube.shop\/lv\/wp-json\/wp\/v2\/product_cat?post=7502"},{"taxonomy":"product_tag","embeddable":true,"href":"https:\/\/antcube.shop\/lv\/wp-json\/wp\/v2\/product_tag?post=7502"}],"curies":[{"name":"wp","href":"https:\/\/api.w.org\/{rel}","templated":true}]}}