{"id":7500,"date":"2024-04-04T11:27:17","date_gmt":"2024-04-04T09:27:17","guid":{"rendered":"https:\/\/antcube.shop\/product\/ant-maze-20x20-m\/"},"modified":"2026-01-12T12:39:35","modified_gmt":"2026-01-12T11:39:35","slug":"skudru-labirints-20x20-m","status":"publish","type":"product","link":"https:\/\/antcube.shop\/lv\/products\/skudru-labirints-20x20-m\/","title":{"rendered":"Skudru labirints 20\u00d720 - M"},"content":{"rendered":"<p><strong>Izm\u0113ri:<\/strong><br \/>\n190x220x23 mm; <strong>ce\u013ca augstums<\/strong> 10 mm <strong>ce\u013ca platums<\/strong> 10-19 mm<br \/>\n5x b\u012bd\u0101m\u0101s ejas kontrolieris<\/p>\n<p><strong>Materi\u0101ls:<\/strong> akrila stikls<\/p>\n<p><strong>Kr\u0101sa:<\/strong> krist\u0101ldzidrs, caursp\u012bd\u012bgs<\/p>\n<p><strong>Saturs:<\/strong><br \/>\n1x skudru labirints M ar 5x b\u012bd\u0101mo kontrolieri<\/p>\n<p><strong>Savienojums:<\/strong> 2x savienojuma ligzdas 10 mm caurulei 14\/10 mm<\/p>\n<p><strong>Apraksts:<\/strong> Skudru labirints, plakans formik\u0101rijs, kas izgatavots no vair\u0101kiem daudzsl\u0101\u0146ainiem pane\u013ciem. Skudru labirintu var pagarin\u0101t, izmantojot \u0161\u013c\u016btenes, vai savienot ar skudru ar\u0113nu, izmantojot integr\u0113t\u0101s savienojuma ligzdas. Pieci ieb\u016bv\u0113tie sl\u012bd\u0146i \u013cauj skudr\u0101m atv\u0113rt vai aizv\u0113rt da\u017e\u0101dus ce\u013cus labirint\u0101. To var izmantot eksperimentiem, piem\u0113ram, izgl\u012bt\u012bbas iest\u0101d\u0113s vai m\u0101j\u0101s, lai nov\u0113rotu, k\u0101 skudras atrod ce\u013cu un piel\u0101gojas p\u0113k\u0161\u0146i main\u012bgiem mar\u0161rutiem, piem\u0113ram, uz baro\u0161an\u0101s viet\u0101m.<\/p>\n<p><strong>Piez\u012bme:<\/strong> Var rasties 0,5 mm spraugas.<\/p>\n<p><strong>Piez\u012bme par savienojuma ligzd\u0101m<\/strong><br \/>\nPievienojot vai atvienojot \u0161\u013c\u016btenes, \u0146emiet v\u0113r\u0101 \u0161\u0101dus nor\u0101d\u012bjumus:<br \/>\nJa caurul\u012bti ir \u013coti gr\u016bti ievietot savienojuma ligzd\u0101, ligzda ir viegli j\u0101noberz\u0113 ar pilienu m\u016bsu e\u013c\u013cas vai pulvera aizsardz\u012bbai pret izlau\u0161anos. P\u0113c tam \u0161\u013c\u016btene j\u0101uzstumj uz savienojuma ligzdas, veicot pagrie\u017eamas vai skr\u016bv\u0113jamas kust\u012bbas, nesasprindzinot ligzdu ar kust\u012bb\u0101m uz aug\u0161u un uz leju. Tas pats attiecas ar\u012b uz \u0161\u013c\u016bte\u0146u no\u0146em\u0161anu no saimniec\u012bbas savienojuma ligzdas. L\u016bdzu, vienk\u0101r\u0161i neno\u0146emiet to!<\/p>","protected":false},"excerpt":{"rendered":"<p>Savienojums: Kontaktligzda 2x 10 mm<\/p>","protected":false},"featured_media":7600,"comment_status":"open","ping_status":"closed","template":"","meta":{"_acf_changed":false,"content-type":"","_monsterinsights_skip_tracking":false,"_monsterinsights_sitenote_active":false,"_monsterinsights_sitenote_note":"","_monsterinsights_sitenote_category":0},"product_brand":[],"product_cat":[257,119,239,91],"product_tag":[],"class_list":{"0":"post-7500","1":"product","2":"type-product","3":"status-publish","4":"has-post-thumbnail","6":"product_cat-new-innovatve-products","7":"product_cat-formicarium-components","8":"product_cat-useful-additions","9":"product_cat-formicarium-modules","11":"first","12":"instock","13":"taxable","14":"shipping-taxable","15":"purchasable","16":"product-type-simple"},"acf":[],"aioseo_notices":[],"jetpack_sharing_enabled":true,"_links":{"self":[{"href":"https:\/\/antcube.shop\/lv\/wp-json\/wp\/v2\/product\/7500","targetHints":{"allow":["GET"]}}],"collection":[{"href":"https:\/\/antcube.shop\/lv\/wp-json\/wp\/v2\/product"}],"about":[{"href":"https:\/\/antcube.shop\/lv\/wp-json\/wp\/v2\/types\/product"}],"replies":[{"embeddable":true,"href":"https:\/\/antcube.shop\/lv\/wp-json\/wp\/v2\/comments?post=7500"}],"wp:featuredmedia":[{"embeddable":true,"href":"https:\/\/antcube.shop\/lv\/wp-json\/wp\/v2\/media\/7600"}],"wp:attachment":[{"href":"https:\/\/antcube.shop\/lv\/wp-json\/wp\/v2\/media?parent=7500"}],"wp:term":[{"taxonomy":"product_brand","embeddable":true,"href":"https:\/\/antcube.shop\/lv\/wp-json\/wp\/v2\/product_brand?post=7500"},{"taxonomy":"product_cat","embeddable":true,"href":"https:\/\/antcube.shop\/lv\/wp-json\/wp\/v2\/product_cat?post=7500"},{"taxonomy":"product_tag","embeddable":true,"href":"https:\/\/antcube.shop\/lv\/wp-json\/wp\/v2\/product_tag?post=7500"}],"curies":[{"name":"wp","href":"https:\/\/api.w.org\/{rel}","templated":true}]}}