{"id":7495,"date":"2024-04-04T11:21:06","date_gmt":"2024-04-04T09:21:06","guid":{"rendered":"https:\/\/antcube.shop\/product\/beckenverbinder-3-4-zu-20mm-glasklar\/"},"modified":"2026-04-05T21:18:19","modified_gmt":"2026-04-05T19:18:19","slug":"baseina-savienotajs-3-4-lidz-20-mm-stikla-caurspidigs","status":"publish","type":"product","link":"https:\/\/antcube.shop\/lv\/products\/baseina-savienotajs-3-4-lidz-20-mm-stikla-caurspidigs\/","title":{"rendered":"Savienot\u0101js no 3\/4\u2033 l\u012bdz 20 mm - caursp\u012bd\u012bgs stikls"},"content":{"rendered":"<p><span data-text-color=\"alert\"><strong>Uzman\u012bbu:<\/strong> <\/span>stiprin\u0101\u0161anai nepiecie\u0161amais uzgrieznis ir j\u0101piesaka atsevi\u0161\u0137i.<\/p>\n<p><strong>Daudzums:<\/strong> 1 gab.<\/p>\n<p><strong>Kr\u0101sa:<\/strong> glasclear<\/p>\n<p><strong>Materi\u0101ls:<\/strong> Plastmasa<\/p>\n<p><strong>Apraksts:<\/strong> \u0160is 3\/4\" baseina caurules savienot\u0101js ir piem\u0113rots 27 mm caurumam un 20 mm caurules \u0101r\u0113jam diametram.<\/p>","protected":false},"excerpt":{"rendered":"<p>Uzman\u012bbu: stiprin\u0101\u0161anai nepiecie\u0161am\u0101 uzgriezne j\u0101piesaka atsevi\u0161\u0137i Daudzums: 1 gab: Materi\u0101ls: stikls, stikls, plastmasa Apraksts: \u0160is 1 1\/2\" baseina caurules savienot\u0101js ir piem\u0113rots 50 mm caurumam un 50 mm caurules \u0101r\u0113jam diametram.<\/p>","protected":false},"featured_media":7510,"comment_status":"open","ping_status":"closed","template":"","meta":{"_acf_changed":false,"content-type":"","_monsterinsights_skip_tracking":false,"_monsterinsights_sitenote_active":false,"_monsterinsights_sitenote_note":"","_monsterinsights_sitenote_category":0},"product_brand":[],"product_cat":[257,345,119,121],"product_tag":[],"class_list":{"0":"post-7495","1":"product","2":"type-product","3":"status-publish","4":"has-post-thumbnail","6":"product_cat-new-innovatve-products","7":"product_cat-pipe-connectors","8":"product_cat-formicarium-components","9":"product_cat-connectors","11":"first","12":"instock","13":"taxable","14":"shipping-taxable","15":"purchasable","16":"product-type-simple"},"acf":[],"aioseo_notices":[],"jetpack_sharing_enabled":true,"_links":{"self":[{"href":"https:\/\/antcube.shop\/lv\/wp-json\/wp\/v2\/product\/7495","targetHints":{"allow":["GET"]}}],"collection":[{"href":"https:\/\/antcube.shop\/lv\/wp-json\/wp\/v2\/product"}],"about":[{"href":"https:\/\/antcube.shop\/lv\/wp-json\/wp\/v2\/types\/product"}],"replies":[{"embeddable":true,"href":"https:\/\/antcube.shop\/lv\/wp-json\/wp\/v2\/comments?post=7495"}],"wp:featuredmedia":[{"embeddable":true,"href":"https:\/\/antcube.shop\/lv\/wp-json\/wp\/v2\/media\/7510"}],"wp:attachment":[{"href":"https:\/\/antcube.shop\/lv\/wp-json\/wp\/v2\/media?parent=7495"}],"wp:term":[{"taxonomy":"product_brand","embeddable":true,"href":"https:\/\/antcube.shop\/lv\/wp-json\/wp\/v2\/product_brand?post=7495"},{"taxonomy":"product_cat","embeddable":true,"href":"https:\/\/antcube.shop\/lv\/wp-json\/wp\/v2\/product_cat?post=7495"},{"taxonomy":"product_tag","embeddable":true,"href":"https:\/\/antcube.shop\/lv\/wp-json\/wp\/v2\/product_tag?post=7495"}],"curies":[{"name":"wp","href":"https:\/\/api.w.org\/{rel}","templated":true}]}}