{"id":6739,"date":"2023-12-12T15:09:04","date_gmt":"2023-12-12T14:09:04","guid":{"rendered":"https:\/\/antcube.shop\/product\/ameisenarena-abdeckung-60x30\/"},"modified":"2026-04-13T10:48:44","modified_gmt":"2026-04-13T08:48:44","slug":"skudru-arenas-segums-60x30","status":"publish","type":"product","link":"https:\/\/antcube.shop\/lv\/products\/skudru-arenas-segums-60x30\/","title":{"rendered":"Skudru ar\u0113nas segums 60\u00d730"},"content":{"rendered":"<p><strong>Izm\u0113ri (LxWxH):<\/strong> 60x30x0,4 cm<\/p>\n<p><strong>Materi\u0101ls:<\/strong> Peldo\u0161ais stikls<\/p>\n<p><strong>Kr\u0101sa:<\/strong> caursp\u012bd\u012bgs \/ caursp\u012bd\u012bgs<\/p>\n<p><strong>Saturs:<\/strong><br \/>\n1x Skudru ar\u0113nas v\u0101ks<br \/>\n1x fiks\u0101cijas punkti 4 gab.<\/p>\n<p><strong>Apraksts:<\/strong><br \/>\nStikla p\u0101rsegs skudru novietnei k\u0101 aizsardz\u012bba pret izb\u0113g\u0161anu<\/p>\n<p><strong>K\u0101 lietot:<\/strong><br \/>\nNo stikla izgatavoto skudru perona p\u0101rsegu var novietot uz skudru perona k\u0101 aizsardz\u012bbu pret izb\u0113g\u0161anu un klimata regul\u0113\u0161anu.<br \/>\n50 mm atver\u0113s var ievietot da\u017e\u0101dus klimata kontroles modu\u013cus, piem\u0113ram, ventil\u0101cijas re\u017e\u0123us, apgaismojumu vai mitrin\u0101\u0161anu.<br \/>\nLai nov\u0113rstu skudru izk\u013c\u016b\u0161anu caur atver\u0113m, to apak\u0161\u0113j\u0101 pus\u0113 ap caurumiem uzkl\u0101j aizsardz\u012bbu pret izlau\u0161anos (e\u013c\u013cu, pulveri vai laku).<\/p>\n<p><strong>Piez\u012bme:<\/strong><br \/>\nT\u0101 k\u0101 izstr\u0101d\u0101jums ir izgatavots no stikla un t\u0101p\u0113c ir trausls, ar to j\u0101r\u012bkojas \u013coti uzman\u012bgi.<\/p>","protected":false},"excerpt":{"rendered":"<p>Stikla p\u0101rsegs\/v\u0101ci\u0146\u0161 skudru novietnei k\u0101 aizsardz\u012bba pret izb\u0113g\u0161anu<\/p>","protected":false},"featured_media":6730,"comment_status":"open","ping_status":"closed","template":"","meta":{"_acf_changed":false,"content-type":"","_monsterinsights_skip_tracking":false,"_monsterinsights_sitenote_active":false,"_monsterinsights_sitenote_note":"","_monsterinsights_sitenote_category":0},"product_brand":[],"product_cat":[91,92],"product_tag":[],"class_list":{"0":"post-6739","1":"product","2":"type-product","3":"status-publish","4":"has-post-thumbnail","6":"product_cat-formicarium-modules","7":"product_cat-arena-cover","9":"first","10":"instock","11":"taxable","12":"shipping-taxable","13":"purchasable","14":"product-type-simple"},"acf":[],"aioseo_notices":[],"jetpack_sharing_enabled":true,"_links":{"self":[{"href":"https:\/\/antcube.shop\/lv\/wp-json\/wp\/v2\/product\/6739","targetHints":{"allow":["GET"]}}],"collection":[{"href":"https:\/\/antcube.shop\/lv\/wp-json\/wp\/v2\/product"}],"about":[{"href":"https:\/\/antcube.shop\/lv\/wp-json\/wp\/v2\/types\/product"}],"replies":[{"embeddable":true,"href":"https:\/\/antcube.shop\/lv\/wp-json\/wp\/v2\/comments?post=6739"}],"wp:featuredmedia":[{"embeddable":true,"href":"https:\/\/antcube.shop\/lv\/wp-json\/wp\/v2\/media\/6730"}],"wp:attachment":[{"href":"https:\/\/antcube.shop\/lv\/wp-json\/wp\/v2\/media?parent=6739"}],"wp:term":[{"taxonomy":"product_brand","embeddable":true,"href":"https:\/\/antcube.shop\/lv\/wp-json\/wp\/v2\/product_brand?post=6739"},{"taxonomy":"product_cat","embeddable":true,"href":"https:\/\/antcube.shop\/lv\/wp-json\/wp\/v2\/product_cat?post=6739"},{"taxonomy":"product_tag","embeddable":true,"href":"https:\/\/antcube.shop\/lv\/wp-json\/wp\/v2\/product_tag?post=6739"}],"curies":[{"name":"wp","href":"https:\/\/api.w.org\/{rel}","templated":true}]}}