{"id":6738,"date":"2023-12-12T15:03:31","date_gmt":"2023-12-12T14:03:31","guid":{"rendered":"https:\/\/antcube.shop\/product\/rahmen-fur-schiebetur\/"},"modified":"2026-04-15T13:37:53","modified_gmt":"2026-04-15T11:37:53","slug":"bidamo-durvju-ramis","status":"publish","type":"product","link":"https:\/\/antcube.shop\/lv\/products\/bidamo-durvju-ramis\/","title":{"rendered":"B\u012bd\u0101mo durvju r\u0101mis"},"content":{"rendered":"<p><strong>Izm\u0113ri:<\/strong> 250x 270x 20 mm<\/p>\n<p><strong>Materi\u0101ls:<\/strong> PMMA<\/p>\n<p><strong>Saturs:<\/strong><br \/>\n1x r\u0101mis<br \/>\n4x s\u0101nu joslas<br \/>\n4x iedzi\u013cin\u0101t\u0101s skr\u016bves M4 20mm<\/p>\n<p><strong>Kr\u0101sa:<\/strong> Krist\u0101ldzidrs<\/p>\n<p><strong>Apraksts:<\/strong><br \/>\nPrec\u012bzi piem\u0113rots izlau\u0161an\u0101s aizsardz\u012bbas r\u0101mis m\u016bsu b\u012bd\u0101mo durvju formakarijiem 30x30x60.<\/p>\n<p><strong>Pielikums:<\/strong><br \/>\nVar likt tie\u0161i uz skr\u016bves, kas jau ir b\u012bd\u0101mo durvju formik\u0101rij\u0101.<\/p>","protected":false},"excerpt":{"rendered":"<p>Akrila r\u0101mis k\u0101 ANTCUBE b\u012bd\u0101mo durvju aizsardz\u012bba pret uzliesmojumiem Formicarium<\/p>","protected":false},"featured_media":6716,"comment_status":"open","ping_status":"closed","template":"","meta":{"_acf_changed":false,"content-type":"","_monsterinsights_skip_tracking":false,"_monsterinsights_sitenote_active":false,"_monsterinsights_sitenote_note":"","_monsterinsights_sitenote_category":0},"product_brand":[],"product_cat":[91,93],"product_tag":[],"class_list":{"0":"post-6738","1":"product","2":"type-product","3":"status-publish","4":"has-post-thumbnail","6":"product_cat-formicarium-modules","7":"product_cat-arena-frame","9":"first","10":"outofstock","11":"taxable","12":"shipping-taxable","13":"purchasable","14":"product-type-simple"},"acf":[],"aioseo_notices":[],"jetpack_sharing_enabled":true,"_links":{"self":[{"href":"https:\/\/antcube.shop\/lv\/wp-json\/wp\/v2\/product\/6738","targetHints":{"allow":["GET"]}}],"collection":[{"href":"https:\/\/antcube.shop\/lv\/wp-json\/wp\/v2\/product"}],"about":[{"href":"https:\/\/antcube.shop\/lv\/wp-json\/wp\/v2\/types\/product"}],"replies":[{"embeddable":true,"href":"https:\/\/antcube.shop\/lv\/wp-json\/wp\/v2\/comments?post=6738"}],"wp:featuredmedia":[{"embeddable":true,"href":"https:\/\/antcube.shop\/lv\/wp-json\/wp\/v2\/media\/6716"}],"wp:attachment":[{"href":"https:\/\/antcube.shop\/lv\/wp-json\/wp\/v2\/media?parent=6738"}],"wp:term":[{"taxonomy":"product_brand","embeddable":true,"href":"https:\/\/antcube.shop\/lv\/wp-json\/wp\/v2\/product_brand?post=6738"},{"taxonomy":"product_cat","embeddable":true,"href":"https:\/\/antcube.shop\/lv\/wp-json\/wp\/v2\/product_cat?post=6738"},{"taxonomy":"product_tag","embeddable":true,"href":"https:\/\/antcube.shop\/lv\/wp-json\/wp\/v2\/product_tag?post=6738"}],"curies":[{"name":"wp","href":"https:\/\/api.w.org\/{rel}","templated":true}]}}