{"id":6737,"date":"2023-12-12T15:03:25","date_gmt":"2023-12-12T14:03:25","guid":{"rendered":"https:\/\/antcube.shop\/product\/antcube-starter-set-fur-weberameisen-gros\/"},"modified":"2026-04-15T13:37:57","modified_gmt":"2026-04-15T11:37:57","slug":"sakumkomplekts-skudrulisu-skudram-lielajam","status":"publish","type":"product","link":"https:\/\/antcube.shop\/lv\/products\/sakumkomplekts-skudrulisu-skudram-lielajam\/","title":{"rendered":"ANTCUBE - S\u0101kuma komplekts skudrul\u012bt\u0113m - liels"},"content":{"rendered":"<p><span data-text-color=\"alert\"><strong>Pieg\u0101de iesp\u0113jama tikai ar p\u0101rs\u016bt\u012b\u0161anu uz paletes.<\/strong><\/span><\/p>\n<p><strong>Saturs:<\/strong><br \/>\n1x ANTCUBE Arena 30x30x60 ar b\u012bd\u0101m\u0101m durv\u012bm<br \/>\n1x skudru ar\u0113nas r\u0101mis 30\u00d730<br \/>\n1x skudru ar\u0113nas p\u0101rsegs 30\u00d730<br \/>\n1x fiks\u0101cijas punkts ar\u0113nas v\u0101kam (4 gab.)<\/p>\n<p>1x b\u012bd\u0101mo durvju r\u0101mis<br \/>\n0,5 litru smidzin\u0101t\u0101ja pudele - misi\u0146a uzgalis<br \/>\n1x Foto aizmugures siena - lietus me\u017es - 30\u00d760 - augsta<br \/>\n1x Formik\u0101rija pamatne 30\u00d730 cm<br \/>\n1x substr\u0101ts lietus me\u017es 1 kg<\/p>\n<p>7x Grid insert acrylic &#8211; 50 mm with sealing ring<br \/>\n1x drinking clear 5ml &#8211; sponge<br \/>\n1x Feeding dish white rectangle &#8211; 3 compartments<br \/>\n1x Drinking trough 2ml &#8211; 360 Degrees<br \/>\n1x atsperu t\u0113rauda pincete plata - m\u012bksta<br \/>\n1x Plastmasas pincete standarta<br \/>\n1x e\u013c\u013ca aizsardz\u012bbai pret skudru uzliesmojumiem<br \/>\n1x rokas lupa - 2x - 30 mm<br \/>\n1x putu t\u012br\u012bt\u0101js 150x18x2,5mm<\/p>\n<p><strong>Can be ordered with shipping by forwarding agent on pallet in our second store ANTCUBE:<\/strong><\/p>\n<blockquote class=\"wp-embedded-content\" data-secret=\"ej6pTCxvgs\"><p><a href=\"https:\/\/antcube.shop\/product\/starter-set-for-weaver-ants-large\/\">ANTCUBE - S\u0101kuma komplekts skudrul\u012bt\u0113m - liels<\/a><\/p><\/blockquote>\n<p><iframe loading=\"lazy\" class=\"wp-embedded-content\" sandbox=\"allow-scripts\" security=\"restricted\" style=\"position: absolute; visibility: hidden;\" title=\"&#8222;ANTCUBE &#8211; Starter set for weaver ants &#8211; large&#8220; &#8211; ANTCUBE\" src=\"https:\/\/antcube.shop\/product\/starter-set-for-weaver-ants-large\/embed\/#?secret=8EE7Sy4tG2#?secret=ej6pTCxvgs\" data-secret=\"ej6pTCxvgs\" width=\"600\" height=\"338\" frameborder=\"0\" marginwidth=\"0\" marginheight=\"0\" scrolling=\"no\"><\/iframe><\/p>\n<p><strong>Apraksts:<\/strong><br \/>\n\u0160aj\u0101 papla\u0161in\u0101maj\u0101 starta komplekt\u0101, kas \u012bpa\u0161i paredz\u0113ts da\u017e\u0101d\u0101m skudru sug\u0101m, piem\u0113ram, Polyrhachis spec. vai Oecophylla spec., ir ne tikai optim\u0101li piel\u0101gots formik\u0101rijs, bet ar\u012b piem\u0113roti piederumi \u0161o skudru sugu audz\u0113\u0161anai.<\/p>\n<p>The sliding door in the front (opening 150x200mm) facilitates the work in the formicarium, even with large colonies or planting of the formicarium with a host plant for example Oecophylla smaragdina. Additional formicariums can be connected via the two 50mm holes on the side. The stainless steel grid inserts provide good ventilation and are robust against mechanical impact. If necessary, the humidity can be increased with the spray bottle. The drinker clear 5ml &#8211; sponge is intended for the supply of fresh water, the drinker 2ml &#8211; 360 degrees for honey or sugar solution.<\/p>\n<p><strong>Svar\u012bgi: <\/strong>Pirms lieto\u0161anas substr\u0101tu samitriniet, lai mais\u012bjums var\u0113tu savienoties un nostiprin\u0101ties skudru ferm\u0101. Turkl\u0101t p\u0101r\u0101k sauss un putek\u013cains substr\u0101ts var izrais\u012bt skudru elpo\u0161anas ce\u013cu nosprostojumu, un slikt\u0101kaj\u0101 gad\u012bjum\u0101 dz\u012bvnieki var aizdusa.<\/p>\n<p><strong>Svar\u012bga piez\u012bme par b\u012bd\u0101mo durvju r\u0101mi:<\/strong><br \/>\nR\u0101mi var viegli piestiprin\u0101t pie b\u012bd\u0101mo durvju slied\u0113m piestiprin\u0101taj\u0101m skr\u016bv\u0113m. Lai to izdar\u012btu, uzman\u012bgi atskr\u016bv\u0113jiet <strong>tikai<\/strong> iek\u0161pus\u0113 eso\u0161os uzgrie\u017e\u0146us. Nepiecie\u0161ams neliels Phillips skr\u016bvgriezis (krusteniskais skr\u016bvgriezis). Salieciet r\u0101mi kop\u0101 un uzskr\u016bv\u0113jiet to iek\u0161pus\u0113. P\u0113c tam uzman\u012bgi piestipriniet uzgrie\u017e\u0146us un <strong>under no circumstances turn too tightly<\/strong>, otherwise the glass may be damaged.<\/p>\n<p><u><strong>Piez\u012bmes par ra\u017eo\u0161anu<\/strong><\/u><br \/>\nStikls ir griezts saska\u0146\u0101 ar DIN 1249 ar +\/- 1 mm pielaidi. \u012apa\u0161i maz\u0101m skudru sug\u0101m ir nepiecie\u0161ama papildu aizsardz\u012bba pret izlau\u0161anos.<\/p>","protected":false},"excerpt":{"rendered":"<p>The set consists of 22 parts.<br \/>\nIzm\u0113rs: <span style=\"color: #ed1c24;\"><strong>XL<\/strong><\/span><\/p>","protected":false},"featured_media":6710,"comment_status":"open","ping_status":"closed","template":"","meta":{"_acf_changed":false,"content-type":"","_monsterinsights_skip_tracking":false,"_monsterinsights_sitenote_active":false,"_monsterinsights_sitenote_note":"","_monsterinsights_sitenote_category":0},"product_brand":[],"product_cat":[354,73],"product_tag":[],"class_list":{"0":"post-6737","1":"product","2":"type-product","3":"status-publish","4":"has-post-thumbnail","6":"product_cat-starter-sets-for-weaver-ants","7":"product_cat-starter-sets","8":"product_shipping_class-forwarding-on-pallet","10":"first","11":"instock","12":"taxable","13":"shipping-taxable","14":"purchasable","15":"product-type-simple"},"acf":[],"aioseo_notices":[],"jetpack_sharing_enabled":true,"_links":{"self":[{"href":"https:\/\/antcube.shop\/lv\/wp-json\/wp\/v2\/product\/6737","targetHints":{"allow":["GET"]}}],"collection":[{"href":"https:\/\/antcube.shop\/lv\/wp-json\/wp\/v2\/product"}],"about":[{"href":"https:\/\/antcube.shop\/lv\/wp-json\/wp\/v2\/types\/product"}],"replies":[{"embeddable":true,"href":"https:\/\/antcube.shop\/lv\/wp-json\/wp\/v2\/comments?post=6737"}],"wp:featuredmedia":[{"embeddable":true,"href":"https:\/\/antcube.shop\/lv\/wp-json\/wp\/v2\/media\/6710"}],"wp:attachment":[{"href":"https:\/\/antcube.shop\/lv\/wp-json\/wp\/v2\/media?parent=6737"}],"wp:term":[{"taxonomy":"product_brand","embeddable":true,"href":"https:\/\/antcube.shop\/lv\/wp-json\/wp\/v2\/product_brand?post=6737"},{"taxonomy":"product_cat","embeddable":true,"href":"https:\/\/antcube.shop\/lv\/wp-json\/wp\/v2\/product_cat?post=6737"},{"taxonomy":"product_tag","embeddable":true,"href":"https:\/\/antcube.shop\/lv\/wp-json\/wp\/v2\/product_tag?post=6737"}],"curies":[{"name":"wp","href":"https:\/\/api.w.org\/{rel}","templated":true}]}}