{"id":6736,"date":"2023-12-12T15:03:19","date_gmt":"2023-12-12T14:03:19","guid":{"rendered":"https:\/\/antcube.shop\/product\/antcube-arena-30x30x60-mit-schiebetur\/"},"modified":"2026-04-15T13:37:58","modified_gmt":"2026-04-15T11:37:58","slug":"antcube-arena-30x30x60-ar-bidamam-durvim","status":"publish","type":"product","link":"https:\/\/antcube.shop\/lv\/products\/antcube-arena-30x30x60-ar-bidamam-durvim\/","title":{"rendered":"ANTCUBE Arena 30x30x60 ar b\u012bd\u0101m\u0101m durv\u012bm"},"content":{"rendered":"<p><span data-text-color=\"alert\"><strong>Pieg\u0101de iesp\u0113jama tikai ar p\u0101rs\u016bt\u012b\u0161anu uz paletes.<\/strong><\/span><\/p>\n<p>ANTCUBE Arena 30x30x60 cm ar b\u012bd\u0101m\u0101m durv\u012bm un 2x 50 mm caurumu.<\/p>\n<p><strong>Izm\u0113ri:<\/strong> 300 x 300 x 600 mm; 4 mm stikla biezums.<br \/>\n<strong>Materi\u0101ls:<\/strong> float stikls<br \/>\n<strong>Savienojums:<\/strong> 2x caurums 50 mm<\/p>\n<p><strong>Priek\u0161\u0113j\u0101 atv\u0113r\u0161ana (b\u012bd\u0101m\u0101s durvis):<\/strong> 150\u00d7200 mm<\/p>\n<p><strong>Apraksts:<\/strong> M\u016bsu ANTCUBE Arena 30x30x60 ar b\u012bd\u0101m\u0101m durv\u012bm ir izstr\u0101d\u0101ta t\u0101, lai \u0113rti str\u0101d\u0101tu pat pilnos formik\u0101rijos. T\u0101s ir \u012bpa\u0161i noder\u012bgas k\u0101 formik\u0101rijs skudrul\u012bt\u0113m (Polyrhachis un Oeacophylla), jo t\u0101m pat\u012bk uzcelties augstu, vai ar\u012b t\u0101m nepiecie\u0161ams saimniekaugs. M\u016bsu parastaj\u0101s 30x30x60 ar\u0113n\u0101s var b\u016bt gr\u016bti iz\u0146emt, piem\u0113ram, dz\u012bvnieku atkritumus, kas atrodas formik\u0101rija apak\u0161\u0101. \u0160aj\u0101 \u012bpa\u0161i piel\u0101gotaj\u0101 basein\u0101 tas vairs nav probl\u0113ma. Ar\u012b lapgrau\u017eu skudru Acromyrmex vai Atta barotav\u0101m b\u012bd\u0101m\u0101s durvis ir \u013coti praktiskas, jo augu atliekas un citus atkritumus var \u0113rti izmest. Turkl\u0101t atsevi\u0161\u0137i pieejamo b\u012bd\u0101mo durvju r\u0101mi (Art. Nr. 1005648) var izmantot, lai nov\u0113rstu dz\u012bvnieku izb\u0113g\u0161anu darba laik\u0101. Parastai aug\u0161\u0113jai atv\u0113r\u0161anai atsevi\u0161\u0137i ir pieejams ar\u012b 30\u00d730 aizsargr\u0101mis pret izlau\u0161anos un 30\u00d730 ar\u0113nas p\u0101rsegs.<\/p>\n<p><strong>Piez\u012bme:<\/strong> Stikls tiek griezts saska\u0146\u0101 ar DIN 1249 ar pielaidi +\/- 1 mm. \u012apa\u0161i maz\u0101m skudru sug\u0101m ir nepiecie\u0161ama papildu aizsardz\u012bba pret izlau\u0161anos.<\/p>","protected":false},"excerpt":{"rendered":"<p><strong>Savienojums:<\/strong> 2x caurums 50 mm<\/p>","protected":false},"featured_media":6727,"comment_status":"open","ping_status":"closed","template":"","meta":{"_acf_changed":false,"content-type":"","_monsterinsights_skip_tracking":false,"_monsterinsights_sitenote_active":false,"_monsterinsights_sitenote_note":"","_monsterinsights_sitenote_category":0},"product_brand":[],"product_cat":[85,86],"product_tag":[],"class_list":{"0":"post-6736","1":"product","2":"type-product","3":"status-publish","4":"has-post-thumbnail","6":"product_cat-ant-arenas","7":"product_cat-formicariums","8":"product_shipping_class-forwarding-on-pallet","10":"first","11":"instock","12":"taxable","13":"shipping-taxable","14":"purchasable","15":"product-type-simple"},"acf":[],"aioseo_notices":[],"jetpack_sharing_enabled":true,"_links":{"self":[{"href":"https:\/\/antcube.shop\/lv\/wp-json\/wp\/v2\/product\/6736","targetHints":{"allow":["GET"]}}],"collection":[{"href":"https:\/\/antcube.shop\/lv\/wp-json\/wp\/v2\/product"}],"about":[{"href":"https:\/\/antcube.shop\/lv\/wp-json\/wp\/v2\/types\/product"}],"replies":[{"embeddable":true,"href":"https:\/\/antcube.shop\/lv\/wp-json\/wp\/v2\/comments?post=6736"}],"wp:featuredmedia":[{"embeddable":true,"href":"https:\/\/antcube.shop\/lv\/wp-json\/wp\/v2\/media\/6727"}],"wp:attachment":[{"href":"https:\/\/antcube.shop\/lv\/wp-json\/wp\/v2\/media?parent=6736"}],"wp:term":[{"taxonomy":"product_brand","embeddable":true,"href":"https:\/\/antcube.shop\/lv\/wp-json\/wp\/v2\/product_brand?post=6736"},{"taxonomy":"product_cat","embeddable":true,"href":"https:\/\/antcube.shop\/lv\/wp-json\/wp\/v2\/product_cat?post=6736"},{"taxonomy":"product_tag","embeddable":true,"href":"https:\/\/antcube.shop\/lv\/wp-json\/wp\/v2\/product_tag?post=6736"}],"curies":[{"name":"wp","href":"https:\/\/api.w.org\/{rel}","templated":true}]}}