{"id":6668,"date":"2023-12-05T14:03:20","date_gmt":"2023-12-05T13:03:20","guid":{"rendered":"https:\/\/antcube.shop\/product\/arena-hochstand-20x20cm\/"},"modified":"2026-04-10T14:36:17","modified_gmt":"2026-04-10T12:36:17","slug":"arenas-augsts-stativs-20x20cm","status":"publish","type":"product","link":"https:\/\/antcube.shop\/lv\/products\/arenas-augsts-stativs-20x20cm\/","title":{"rendered":"Ar\u0113nas augstais stat\u012bvs 20x20cm"},"content":{"rendered":"<div class=\"tab-body active\">\n<p><strong>Izm\u0113ri:<\/strong> 20x20x10<\/p>\n<p><strong>Materi\u0101ls: <\/strong>PMMA<\/p>\n<p><strong>Kr\u0101sa: <\/strong>krist\u0101ldzidrs, caursp\u012bd\u012bgs, caursp\u012bd\u012bgs<\/p>\n<p><strong>Saturs:<\/strong><br \/>\n4x augsta stat\u012bva pamatne<br \/>\n2x priek\u0161pus\u0113 un aizmugur\u0113 ar logotipu<br \/>\n2x s\u0101nu da\u013ca bez logotipa<\/p>\n<p><strong>Piez\u012bme:<\/strong> Deta\u013cas tiek pieg\u0101d\u0101tas k\u0101 komplekts vai pievienojama sist\u0113ma. L\u012bm\u0113\u0161ana nav nepiecie\u0161ama.<\/p>\n<p><span data-text-color=\"alert\"><strong>UZMAN\u012aBU:<\/strong><\/span> Uzman\u012bgi samont\u0113jiet deta\u013cas, jo da\u017ei savienojumi ir jut\u012bgi.<\/p>\n<p><strong>Apraksts:<\/strong> Skudru ar\u0113nas augstais stat\u012bvs tika izstr\u0101d\u0101ts, lai ANTCUBE skudru ar\u0113nas var\u0113tu novietot t\u0101d\u0101 augstum\u0101, kas atbilst skudru fermu savienojuma augstumam. Tas dod iesp\u0113ju daudz taup\u012bg\u0101k izmantot formik\u0101riju, izmantojot \u012bs\u0101ku caurules gabalu k\u0101 savienojumu starp skudru fermu un skudru ar\u0113nu. Tas ar\u012b dod iesp\u0113ju izmantot m\u016bsu krist\u0101ldzidr\u0101 akrila skudru caurules k\u0101 savienojumu bez nepiecie\u0161am\u012bbas str\u0101d\u0101t ar elko\u0146iem.<\/p>\n<p><strong>Pieteikums:<\/strong> skudru ar\u0113nai ar <strong>gr\u012bdas laukums 20x20cm<\/strong><\/p>\n<\/div>","protected":false},"excerpt":{"rendered":"<p>Skudru ar\u0113nai ar gr\u012bdas laukumu 20x20cm<\/p>","protected":false},"featured_media":6586,"comment_status":"open","ping_status":"closed","template":"","meta":{"_acf_changed":false,"content-type":"","_monsterinsights_skip_tracking":false,"_monsterinsights_sitenote_active":false,"_monsterinsights_sitenote_note":"","_monsterinsights_sitenote_category":0},"product_brand":[],"product_cat":[119,239],"product_tag":[],"class_list":{"0":"post-6668","1":"product","2":"type-product","3":"status-publish","4":"has-post-thumbnail","6":"product_cat-formicarium-components","7":"product_cat-useful-additions","9":"first","10":"instock","11":"taxable","12":"shipping-taxable","13":"purchasable","14":"product-type-simple"},"acf":[],"aioseo_notices":[],"jetpack_sharing_enabled":true,"_links":{"self":[{"href":"https:\/\/antcube.shop\/lv\/wp-json\/wp\/v2\/product\/6668","targetHints":{"allow":["GET"]}}],"collection":[{"href":"https:\/\/antcube.shop\/lv\/wp-json\/wp\/v2\/product"}],"about":[{"href":"https:\/\/antcube.shop\/lv\/wp-json\/wp\/v2\/types\/product"}],"replies":[{"embeddable":true,"href":"https:\/\/antcube.shop\/lv\/wp-json\/wp\/v2\/comments?post=6668"}],"wp:featuredmedia":[{"embeddable":true,"href":"https:\/\/antcube.shop\/lv\/wp-json\/wp\/v2\/media\/6586"}],"wp:attachment":[{"href":"https:\/\/antcube.shop\/lv\/wp-json\/wp\/v2\/media?parent=6668"}],"wp:term":[{"taxonomy":"product_brand","embeddable":true,"href":"https:\/\/antcube.shop\/lv\/wp-json\/wp\/v2\/product_brand?post=6668"},{"taxonomy":"product_cat","embeddable":true,"href":"https:\/\/antcube.shop\/lv\/wp-json\/wp\/v2\/product_cat?post=6668"},{"taxonomy":"product_tag","embeddable":true,"href":"https:\/\/antcube.shop\/lv\/wp-json\/wp\/v2\/product_tag?post=6668"}],"curies":[{"name":"wp","href":"https:\/\/api.w.org\/{rel}","templated":true}]}}