{"id":6663,"date":"2023-12-05T13:39:04","date_gmt":"2023-12-05T12:39:04","guid":{"rendered":"https:\/\/antcube.shop\/product\/transparente-klebe-pads-3x2cm-8st\/"},"modified":"2026-03-20T13:42:48","modified_gmt":"2026-03-20T12:42:48","slug":"caurspidigi-limlentes-spilventini-3x2cm","status":"publish","type":"product","link":"https:\/\/antcube.shop\/lv\/products\/caurspidigi-limlentes-spilventini-3x2cm\/","title":{"rendered":"Caursp\u012bd\u012bgi l\u012bmlentes spilventi\u0146i 4 gab."},"content":{"rendered":"<p><strong>Izm\u0113ri:<\/strong> 5,2 x1,5 mm<\/p>\n<p><strong>Kr\u0101sa:<\/strong> caursp\u012bd\u012bgs \/ pienains<\/p>\n<p><strong>Materi\u0101ls:<\/strong> PVC<\/p>\n<p><strong>\u012apa\u0161ums:<\/strong> sp\u0113c\u012bga l\u012bme ab\u0101s pus\u0113s<\/p>\n<p><strong>Apraksts:<\/strong> Ide\u0101li piem\u0113rots priek\u0161metu ar gludu virsmu nostiprin\u0101\u0161anai Formicarium. Piem\u0113ram. termo higrometrs, dekor\u0101cijas, platformas u. c.<\/p>","protected":false},"excerpt":{"rendered":"<p>Izm\u0113ri: 5,2 x1,5 mm Kr\u0101sa: caursp\u012bd\u012bga \/ pienaina Materi\u0101ls: Materi\u0101ls: PVC \u012apa\u0161\u012bba: abpus\u0113ji stipri lip\u012bgs Apraksts: Ide\u0101li piem\u0113rots priek\u0161metu ar gludu virsmu nostiprin\u0101\u0161anai Formicarium. Piem\u0113ram. termo higrometrs, dekor\u0101cijas, platformas utt.<\/p>","protected":false},"featured_media":6667,"comment_status":"open","ping_status":"closed","template":"","meta":{"_acf_changed":false,"content-type":"","_monsterinsights_skip_tracking":false,"_monsterinsights_sitenote_active":false,"_monsterinsights_sitenote_note":"","_monsterinsights_sitenote_category":0},"product_brand":[],"product_cat":[359,119],"product_tag":[],"class_list":{"0":"post-6663","1":"product","2":"type-product","3":"status-publish","4":"has-post-thumbnail","6":"product_cat-light-heat-humidity","7":"product_cat-formicarium-components","9":"first","10":"instock","11":"taxable","12":"shipping-taxable","13":"purchasable","14":"product-type-simple"},"acf":[],"aioseo_notices":[],"jetpack_sharing_enabled":true,"_links":{"self":[{"href":"https:\/\/antcube.shop\/lv\/wp-json\/wp\/v2\/product\/6663","targetHints":{"allow":["GET"]}}],"collection":[{"href":"https:\/\/antcube.shop\/lv\/wp-json\/wp\/v2\/product"}],"about":[{"href":"https:\/\/antcube.shop\/lv\/wp-json\/wp\/v2\/types\/product"}],"replies":[{"embeddable":true,"href":"https:\/\/antcube.shop\/lv\/wp-json\/wp\/v2\/comments?post=6663"}],"wp:featuredmedia":[{"embeddable":true,"href":"https:\/\/antcube.shop\/lv\/wp-json\/wp\/v2\/media\/6667"}],"wp:attachment":[{"href":"https:\/\/antcube.shop\/lv\/wp-json\/wp\/v2\/media?parent=6663"}],"wp:term":[{"taxonomy":"product_brand","embeddable":true,"href":"https:\/\/antcube.shop\/lv\/wp-json\/wp\/v2\/product_brand?post=6663"},{"taxonomy":"product_cat","embeddable":true,"href":"https:\/\/antcube.shop\/lv\/wp-json\/wp\/v2\/product_cat?post=6663"},{"taxonomy":"product_tag","embeddable":true,"href":"https:\/\/antcube.shop\/lv\/wp-json\/wp\/v2\/product_tag?post=6663"}],"curies":[{"name":"wp","href":"https:\/\/api.w.org\/{rel}","templated":true}]}}