{"id":6631,"date":"2023-12-04T15:12:05","date_gmt":"2023-12-04T14:12:05","guid":{"rendered":"https:\/\/antcube.shop\/product\/klebeklammern-transparent-2-stk\/"},"modified":"2026-04-21T13:09:48","modified_gmt":"2026-04-21T11:09:48","slug":"limes-klipsi-caurspidigi-2-gab","status":"publish","type":"product","link":"https:\/\/antcube.shop\/lv\/products\/limes-klipsi-caurspidigi-2-gab\/","title":{"rendered":"L\u012bme\u0146i - caursp\u012bd\u012bgi 2 gab."},"content":{"rendered":"<p><strong>Izm\u0113ri:<\/strong> 24 x 13 mm<br \/>\n<strong>Materi\u0101ls:<\/strong> Akrila<br \/>\n<strong>Daudzums:<\/strong> 2 gab.<\/p>\n<p><strong>Apraksts:<\/strong> Caursp\u012bd\u012bgi plastmasas klip\u0161i ar lip\u012bgu virsmu. Ide\u0101li piem\u0113rotas m\u016bsu sarkano pl\u0113vju un sild\u0101mo pakl\u0101ji\u0146u piestiprin\u0101\u0161anai skudru fermu priek\u0161pus\u0113 vai aizmugur\u0113. T\u0101d\u0113j\u0101di sild\u0101mie pakl\u0101ji\u0146i nav stingri j\u0101piel\u012bm\u0113 skudru fermas aizmugur\u0113, un tos var piestiprin\u0101t p\u0113c vajadz\u012bbas. Caursp\u012bd\u012bg\u0101 materi\u0101la d\u0113\u013c netiek trauc\u0113ta optika.<\/p>\n<p><strong>Kr\u0101sa:<\/strong> caursp\u012bd\u012bgs<\/p>","protected":false},"excerpt":{"rendered":"<p>Izm\u0113ri: Dimensijas: 24 x 13 mm Materi\u0101ls: Materi\u0101ls: akrils Daudzums: 2 gab: Caursp\u012bd\u012bgi plastmasas klip\u0161i ar lip\u012bgu virsmu. Ide\u0101li piem\u0113rotas m\u016bsu sarkano pl\u0113vju un sild\u012b\u0161anas pakl\u0101ji\u0146u piestiprin\u0101\u0161anai skudru fermu priek\u0161pus\u0113 vai aizmugur\u0113. T\u0101d\u0113j\u0101di sild\u0101mie pakl\u0101ji\u0146i nav stingri j\u0101piestiprina skudru fermas aizmugur\u0113, un tos var piestiprin\u0101t pie skudru fermas aizmugures.","protected":false},"featured_media":6628,"comment_status":"open","ping_status":"closed","template":"","meta":{"_acf_changed":false,"content-type":"","_monsterinsights_skip_tracking":false,"_monsterinsights_sitenote_active":false,"_monsterinsights_sitenote_note":"","_monsterinsights_sitenote_category":0},"product_brand":[],"product_cat":[359,119,239],"product_tag":[],"class_list":{"0":"post-6631","1":"product","2":"type-product","3":"status-publish","4":"has-post-thumbnail","6":"product_cat-light-heat-humidity","7":"product_cat-formicarium-components","8":"product_cat-useful-additions","10":"first","11":"instock","12":"taxable","13":"shipping-taxable","14":"purchasable","15":"product-type-simple"},"acf":[],"aioseo_notices":[],"jetpack_sharing_enabled":true,"_links":{"self":[{"href":"https:\/\/antcube.shop\/lv\/wp-json\/wp\/v2\/product\/6631","targetHints":{"allow":["GET"]}}],"collection":[{"href":"https:\/\/antcube.shop\/lv\/wp-json\/wp\/v2\/product"}],"about":[{"href":"https:\/\/antcube.shop\/lv\/wp-json\/wp\/v2\/types\/product"}],"replies":[{"embeddable":true,"href":"https:\/\/antcube.shop\/lv\/wp-json\/wp\/v2\/comments?post=6631"}],"wp:featuredmedia":[{"embeddable":true,"href":"https:\/\/antcube.shop\/lv\/wp-json\/wp\/v2\/media\/6628"}],"wp:attachment":[{"href":"https:\/\/antcube.shop\/lv\/wp-json\/wp\/v2\/media?parent=6631"}],"wp:term":[{"taxonomy":"product_brand","embeddable":true,"href":"https:\/\/antcube.shop\/lv\/wp-json\/wp\/v2\/product_brand?post=6631"},{"taxonomy":"product_cat","embeddable":true,"href":"https:\/\/antcube.shop\/lv\/wp-json\/wp\/v2\/product_cat?post=6631"},{"taxonomy":"product_tag","embeddable":true,"href":"https:\/\/antcube.shop\/lv\/wp-json\/wp\/v2\/product_tag?post=6631"}],"curies":[{"name":"wp","href":"https:\/\/api.w.org\/{rel}","templated":true}]}}