{"id":6581,"date":"2023-12-04T13:54:37","date_gmt":"2023-12-04T12:54:37","guid":{"rendered":"https:\/\/antcube.shop\/product\/humidity-control-ii-timer\/"},"modified":"2026-04-02T12:12:11","modified_gmt":"2026-04-02T10:12:11","slug":"mitruma-kontrole-ii-taimeris","status":"publish","type":"product","link":"https:\/\/antcube.shop\/lv\/products\/mitruma-kontrole-ii-taimeris\/","title":{"rendered":"Mitruma kontrole II + taimeris"},"content":{"rendered":"<p><strong>Apraksts:<\/strong> Mitruma kontrole 2 ir digit\u0101lais higrostats, kas neatst\u0101j nek\u0101das v\u0113lmes par v\u0113l nebiju\u0161u cenu.<br \/>\nTam ir divas \u0137\u0113des, kas \u013cauj veikt da\u017e\u0101dus iestat\u012bjumus dien\u0101 un nakt\u012b. Ier\u012bc\u0113 ir ieb\u016bv\u0113ts re\u0101l\u0101 laika pulkstenis, t\u0101p\u0113c p\u0101rsl\u0113g\u0161an\u0101s starp dienu un nakti tiek veikta elast\u012bgi, izmantojot laiku. Integr\u0113ts ar\u012b taimeris, kas \u013cauj iestat\u012bt divus iesl\u0113g\u0161anas\/izsl\u0113g\u0161anas laikus, izmantojot pulksteni. Maz\u0101kais laika periods ir viena min\u016bte.<br \/>\nCitas funkcijas ietver signaliz\u0101cijas funkciju (vizu\u0101lo un ska\u0146as), iesp\u0113ju p\u0101rsl\u0113gties no mitrin\u0101t\u0101ja re\u017e\u012bma uz gaisa mitrin\u0101t\u0101ja re\u017e\u012bmu, piem\u0113ram, izmanto\u0161anai ar ventilatoriem, un iesp\u0113ju ietekm\u0113t higrostata p\u0101rsl\u0113g\u0161anas re\u017e\u012bmu. Varat noteikt novirzi, pie kuras higrostats p\u0101rsl\u0113dzas. Piem\u0113ram, \u0161eit var izv\u0113l\u0113ties v\u0113rt\u012bbu 15, t. i., mitrin\u0101t\u0101js iesl\u0113dzas tikai tad, ja izm\u0113r\u012btais mitrums ir 15% zem\u0101ks par iestat\u012bto v\u0113rt\u012bbu. Tas var b\u016bt noder\u012bgi, lai nov\u0113rstu past\u0101v\u012bgu mitrin\u0101t\u0101ja iesl\u0113g\u0161anos un izsl\u0113g\u0161anos, jo mitrums ar\u012b dab\u0101 sv\u0101rst\u0101s.<br \/>\nIer\u012bces tiek savienotas ar Schuko savienot\u0101jiem. Maksim\u0101l\u0101 komut\u0101cijas jauda ir 1000 W. Displej\u0101 past\u0101v\u012bgi tiek r\u0101d\u012bts izm\u0113r\u012btais mitrums. Diapazons ir no 1 l\u012bdz 99%.<\/p>\n<p>- Divas \u0137\u0113des da\u017e\u0101diem mitruma iestat\u012bjumiem dien\u0101 un nakt\u012b<br \/>\n- Re\u0101l\u0101 laika pulkstenis, dienas laiki tiek noteikti p\u0113c laika<br \/>\n- Integr\u0113ts taimeris<br \/>\n- Past\u0101v\u012bgs mitruma displejs<br \/>\n- Ier\u012bci var p\u0101rsl\u0113gt starp mitrin\u0101\u0161anu un gaisa mitrin\u0101\u0161anu.<br \/>\n- Trauksmes sign\u0101la funkcija novirzes gad\u012bjum\u0101 (regul\u0113jama starp 1% un 50% relat\u012bv\u0101 mitruma diapazon\u0101).<br \/>\n- Prec\u012bzs t\u0101lvad\u012bbas sensors<br \/>\n- Iezem\u0113tas kontaktligzdas<br \/>\n- P\u0101rsl\u0113g\u0161anas jauda maks. 1000<\/p>","protected":false},"excerpt":{"rendered":"<p>Apraksts: Mitruma kontrole 2 ir digit\u0101lais higrostats, kas neatst\u0101j nek\u0101das v\u0113lmes par v\u0113l nebiju\u0161u cenu. Tam ir divas sh\u0113mas, kas \u013cauj veikt da\u017e\u0101dus iestat\u012bjumus dien\u0101 un nakt\u012b. Ier\u012bc\u0113 ir integr\u0113ts re\u0101l\u0101 laika pulkstenis, t\u0101p\u0113c p\u0101rsl\u0113g\u0161an\u0101s starp dienu un nakti tiek veikta elast\u012bgi, izmantojot laiku. Ir uzst\u0101d\u012bts taimeris.","protected":false},"featured_media":6602,"comment_status":"open","ping_status":"closed","template":"","meta":{"_acf_changed":false,"content-type":"","_monsterinsights_skip_tracking":false,"_monsterinsights_sitenote_active":false,"_monsterinsights_sitenote_note":"","_monsterinsights_sitenote_category":0},"product_brand":[],"product_cat":[359,119],"product_tag":[],"class_list":{"0":"post-6581","1":"product","2":"type-product","3":"status-publish","4":"has-post-thumbnail","6":"product_cat-light-heat-humidity","7":"product_cat-formicarium-components","9":"first","10":"instock","11":"taxable","12":"shipping-taxable","13":"purchasable","14":"product-type-simple"},"acf":[],"aioseo_notices":[],"jetpack_sharing_enabled":true,"_links":{"self":[{"href":"https:\/\/antcube.shop\/lv\/wp-json\/wp\/v2\/product\/6581","targetHints":{"allow":["GET"]}}],"collection":[{"href":"https:\/\/antcube.shop\/lv\/wp-json\/wp\/v2\/product"}],"about":[{"href":"https:\/\/antcube.shop\/lv\/wp-json\/wp\/v2\/types\/product"}],"replies":[{"embeddable":true,"href":"https:\/\/antcube.shop\/lv\/wp-json\/wp\/v2\/comments?post=6581"}],"wp:featuredmedia":[{"embeddable":true,"href":"https:\/\/antcube.shop\/lv\/wp-json\/wp\/v2\/media\/6602"}],"wp:attachment":[{"href":"https:\/\/antcube.shop\/lv\/wp-json\/wp\/v2\/media?parent=6581"}],"wp:term":[{"taxonomy":"product_brand","embeddable":true,"href":"https:\/\/antcube.shop\/lv\/wp-json\/wp\/v2\/product_brand?post=6581"},{"taxonomy":"product_cat","embeddable":true,"href":"https:\/\/antcube.shop\/lv\/wp-json\/wp\/v2\/product_cat?post=6581"},{"taxonomy":"product_tag","embeddable":true,"href":"https:\/\/antcube.shop\/lv\/wp-json\/wp\/v2\/product_tag?post=6581"}],"curies":[{"name":"wp","href":"https:\/\/api.w.org\/{rel}","templated":true}]}}