{"id":6580,"date":"2023-12-04T13:54:31","date_gmt":"2023-12-04T12:54:31","guid":{"rendered":"https:\/\/antcube.shop\/product\/thermo-control-pro-ii\/"},"modified":"2026-04-14T09:35:30","modified_gmt":"2026-04-14T07:35:30","slug":"thermo-control-pro-ii","status":"publish","type":"product","link":"https:\/\/antcube.shop\/lv\/products\/thermo-control-pro-ii\/","title":{"rendered":"Thermo Control Pro II"},"content":{"rendered":"<p><strong>Apraksts:<\/strong> Thermo Control PRO II ir Thermo Control II turpin\u0101jums. Galven\u0101s at\u0161\u0137ir\u012bbas ir re\u0101llaika pulkstenis un divas temperat\u016bras sh\u0113mas, lai dien\u0101 un nakt\u012b var\u0113tu iestat\u012bt da\u017e\u0101das temperat\u016bras. P\u0101rsl\u0113g\u0161an\u0101s starp dienas\/nakts re\u017e\u012bmu tiek kontrol\u0113ta p\u0113c laika.<br \/>\nAt\u0161\u0137ir\u012bb\u0101 no Thermo Control II \u0161aj\u0101 model\u012b taimerim laiku var iestat\u012bt min\u016bt\u0113s. Iesp\u0113jami divi iesp\u0113jamie iesl\u0113g\u0161anas\/izsl\u0113g\u0161anas laiki.<br \/>\nTurkl\u0101t ier\u012bci var p\u0101rsl\u0113gt starp sild\u012b\u0161anas un dzes\u0113\u0161anas re\u017e\u012bmu, piem\u0113ram, ventilatoru darbin\u0101\u0161anai. Kad ir sasniegta iestat\u012bt\u0101 temperat\u016bra, termostats iesl\u0113dzas, nevis izsl\u0113dzas.<br \/>\nMaksim\u0101l\u0101 komut\u0101cijas jauda ir 1000 W. Temperat\u016bras diapazons 0-50\u00b0C.<\/p>\n<p>- Divas p\u0101rsl\u0113g\u0161anas \u0137\u0113des da\u017e\u0101diem dienas un nakts iestat\u012bjumiem<br \/>\n- Re\u0101l\u0101 laika pulkstenis, dienas laiki tiek noteikti p\u0113c laika<br \/>\n- Integr\u0113ts taimeris<br \/>\n- Past\u0101v\u012bgs temperat\u016bras displejs<br \/>\n- P\u0101rsl\u0113dzams starp sild\u012b\u0161anas un dzes\u0113\u0161anas re\u017e\u012bmu<br \/>\n- Trauksmes sign\u0101la funkcija novirzes gad\u012bjum\u0101 (regul\u0113jama no 1\u00b0C l\u012bdz 15\u00b0C)<br \/>\n- 2 m gar\u0161 t\u0101lvad\u012bbas sensors, piem\u0113rots ar\u012b akv\u0101rijiem<br \/>\n- Iezem\u0113tas kontaktligzdas<br \/>\n- P\u0101rsl\u0113g\u0161anas jauda maks. 1000 vati<\/p>\n<p>- Ieteicams lietot kop\u0101 ar sild\u012b\u0161anas pakl\u0101ji\u0146iem, sild\u012b\u0161anas kabe\u013ciem, sild\u012b\u0161anas akme\u0146iem un keramikas sild\u012bt\u0101jiem, lai nov\u0113rstu ter\u0101rija p\u0101rkar\u0161anu.<\/p>\n<p><strong>T\u012bmek\u013ca saite:<\/strong> http:\/\/www.antstore.net\/viewtopic.php?f=18&amp;p=108893<\/p>","protected":false},"excerpt":{"rendered":"<p>Apraksts: Thermo Control PRO II ir turpin\u0101jums Thermo Control II modelim. Galven\u0101s at\u0161\u0137ir\u012bbas ir re\u0101llaika pulkstenis un divas temperat\u016bras sh\u0113mas, lai dien\u0101 un nakt\u012b var\u0113tu iestat\u012bt da\u017e\u0101das temperat\u016bras. P\u0101rsl\u0113g\u0161an\u0101s starp dienas\/nakts re\u017e\u012bmu tiek kontrol\u0113ta p\u0113c laika. At\u0161\u0137ir\u012bb\u0101 no Thermo Control II laiku var iestat\u012bt","protected":false},"featured_media":6600,"comment_status":"open","ping_status":"closed","template":"","meta":{"_acf_changed":false,"content-type":"","_monsterinsights_skip_tracking":false,"_monsterinsights_sitenote_active":false,"_monsterinsights_sitenote_note":"","_monsterinsights_sitenote_category":0},"product_brand":[],"product_cat":[359,119],"product_tag":[],"class_list":{"0":"post-6580","1":"product","2":"type-product","3":"status-publish","4":"has-post-thumbnail","6":"product_cat-light-heat-humidity","7":"product_cat-formicarium-components","9":"first","10":"instock","11":"taxable","12":"shipping-taxable","13":"purchasable","14":"product-type-simple"},"acf":[],"aioseo_notices":[],"jetpack_sharing_enabled":true,"_links":{"self":[{"href":"https:\/\/antcube.shop\/lv\/wp-json\/wp\/v2\/product\/6580","targetHints":{"allow":["GET"]}}],"collection":[{"href":"https:\/\/antcube.shop\/lv\/wp-json\/wp\/v2\/product"}],"about":[{"href":"https:\/\/antcube.shop\/lv\/wp-json\/wp\/v2\/types\/product"}],"replies":[{"embeddable":true,"href":"https:\/\/antcube.shop\/lv\/wp-json\/wp\/v2\/comments?post=6580"}],"wp:featuredmedia":[{"embeddable":true,"href":"https:\/\/antcube.shop\/lv\/wp-json\/wp\/v2\/media\/6600"}],"wp:attachment":[{"href":"https:\/\/antcube.shop\/lv\/wp-json\/wp\/v2\/media?parent=6580"}],"wp:term":[{"taxonomy":"product_brand","embeddable":true,"href":"https:\/\/antcube.shop\/lv\/wp-json\/wp\/v2\/product_brand?post=6580"},{"taxonomy":"product_cat","embeddable":true,"href":"https:\/\/antcube.shop\/lv\/wp-json\/wp\/v2\/product_cat?post=6580"},{"taxonomy":"product_tag","embeddable":true,"href":"https:\/\/antcube.shop\/lv\/wp-json\/wp\/v2\/product_tag?post=6580"}],"curies":[{"name":"wp","href":"https:\/\/api.w.org\/{rel}","templated":true}]}}