{"id":6579,"date":"2023-12-04T13:54:25","date_gmt":"2023-12-04T12:54:25","guid":{"rendered":"https:\/\/antcube.shop\/product\/thermo-control-ii-timer\/"},"modified":"2026-04-09T15:04:50","modified_gmt":"2026-04-09T13:04:50","slug":"thermo-control-ii-taimeris","status":"publish","type":"product","link":"https:\/\/antcube.shop\/lv\/products\/thermo-control-ii-taimeris\/","title":{"rendered":"Thermo Control II + taimeris"},"content":{"rendered":"<p><strong>Apraksts:<\/strong> Popul\u0101ro Thermo Control termostatu p\u0113ctecis, tikai cena atg\u0101dina s\u0101kuma l\u012bme\u0146a modeli.<br \/>\nThermo Control 2 ir digit\u0101lais termostats ar temperat\u016bras diapazonu 0-50\u00b0C. Tas darbojas ar\u012b k\u0101 termometrs, pateicoties past\u0101v\u012bgas temperat\u016bras displejam.<br \/>\nSild\u012bt\u0101jus ar maksim\u0101lo kop\u0113jo jaudu 1200 W var piesl\u0113gt, izmantojot Schuko savienot\u0101ju. Citu Schuko savienot\u0101ju var kontrol\u0113t, izmantojot integr\u0113tu taimera funkciju, ko var izmantot, lai iestat\u012btu, piem\u0113ram, apgaismojuma vai ventilatoru darb\u012bbas laiku. Sensors ir piem\u0113rots m\u0113r\u012bjumiem gais\u0101 un \u016bden\u012b, un tas ir savienots ar termostatu, izmantojot kabeli, t\u0101pat k\u0101 savienojums un baro\u0161anas bloks.<br \/>\nTurkl\u0101t Thermo Control 2 ir signaliz\u0101cijas funkcija, kas vizu\u0101li un akustiski br\u012bdina, ja temperat\u016bra p\u0101rsniedz vai nokr\u012bt zem v\u0113lam\u0101s temperat\u016bras (v\u0113rt\u012bbas var iestat\u012bt no 1\u00b0C l\u012bdz 5\u00b0C).<br \/>\nIer\u012bce, bez kuras nevajadz\u0113tu iztikt nevienam ter\u0101rijam!<\/p>\n<p>- Ar atsevi\u0161\u0137i lietojamu taimeri, piem\u0113ram, apgaismojumam vai ventil\u0101cijai.<br \/>\n- Trauksmes sign\u0101la funkcija temperat\u016bras novirzes gad\u012bjum\u0101 (regul\u0113jama no 1\u00b0C l\u012bdz 5\u00b0C)<br \/>\n- Izm\u0113r\u012bt\u0101s temperat\u016bras att\u0113lo\u0161ana<br \/>\n- 2 m gar\u0161 t\u0101lvad\u012bbas sensors, piem\u0113rots ar\u012b akv\u0101rijiem<br \/>\n- Iezem\u0113tas kontaktligzdas<br \/>\n- 1200 vatu komut\u0101cijas jauda<\/p>\n<p>- Ieteicams lietot kop\u0101 ar sild\u012b\u0161anas pakl\u0101ji\u0146iem, sild\u012b\u0161anas kabe\u013ciem, sild\u012b\u0161anas akme\u0146iem un keramikas sild\u012bt\u0101jiem, lai nov\u0113rstu ter\u0101rija p\u0101rkar\u0161anu.<\/p>\n<p><strong>T\u012bmek\u013ca saite:<\/strong> http:\/\/www.antstore.net\/viewtopic.php?f=18&amp;p=108893<\/p>","protected":false},"excerpt":{"rendered":"<p>Apraksts: Thermo Control termostatu p\u0113ctecis, tikai cena atg\u0101dina s\u0101kuma l\u012bme\u0146a modeli. Thermo Control 2 ir digit\u0101lais termostats ar temperat\u016bras diapazonu 0-50 \u00b0C. Tas darbojas ar\u012b k\u0101 termometrs, pateicoties nemain\u012bgas temperat\u016bras displejam. Sild\u012bt\u0101ji ar maksim\u0101lo kop\u0113jo jaudu 1200 W var","protected":false},"featured_media":6598,"comment_status":"open","ping_status":"closed","template":"","meta":{"_acf_changed":false,"content-type":"","_monsterinsights_skip_tracking":false,"_monsterinsights_sitenote_active":false,"_monsterinsights_sitenote_note":"","_monsterinsights_sitenote_category":0},"product_brand":[],"product_cat":[359,119],"product_tag":[],"class_list":{"0":"post-6579","1":"product","2":"type-product","3":"status-publish","4":"has-post-thumbnail","6":"product_cat-light-heat-humidity","7":"product_cat-formicarium-components","9":"first","10":"instock","11":"taxable","12":"shipping-taxable","13":"purchasable","14":"product-type-simple"},"acf":[],"aioseo_notices":[],"jetpack_sharing_enabled":true,"_links":{"self":[{"href":"https:\/\/antcube.shop\/lv\/wp-json\/wp\/v2\/product\/6579","targetHints":{"allow":["GET"]}}],"collection":[{"href":"https:\/\/antcube.shop\/lv\/wp-json\/wp\/v2\/product"}],"about":[{"href":"https:\/\/antcube.shop\/lv\/wp-json\/wp\/v2\/types\/product"}],"replies":[{"embeddable":true,"href":"https:\/\/antcube.shop\/lv\/wp-json\/wp\/v2\/comments?post=6579"}],"wp:featuredmedia":[{"embeddable":true,"href":"https:\/\/antcube.shop\/lv\/wp-json\/wp\/v2\/media\/6598"}],"wp:attachment":[{"href":"https:\/\/antcube.shop\/lv\/wp-json\/wp\/v2\/media?parent=6579"}],"wp:term":[{"taxonomy":"product_brand","embeddable":true,"href":"https:\/\/antcube.shop\/lv\/wp-json\/wp\/v2\/product_brand?post=6579"},{"taxonomy":"product_cat","embeddable":true,"href":"https:\/\/antcube.shop\/lv\/wp-json\/wp\/v2\/product_cat?post=6579"},{"taxonomy":"product_tag","embeddable":true,"href":"https:\/\/antcube.shop\/lv\/wp-json\/wp\/v2\/product_tag?post=6579"}],"curies":[{"name":"wp","href":"https:\/\/api.w.org\/{rel}","templated":true}]}}