{"id":6578,"date":"2023-12-04T13:54:19","date_gmt":"2023-12-04T12:54:19","guid":{"rendered":"https:\/\/antcube.shop\/product\/mini-thermo-hygrometer-digital-weis-selbstklebend\/"},"modified":"2026-04-16T20:25:13","modified_gmt":"2026-04-16T18:25:13","slug":"mini-termo-higrometrs-digitalais-balts-paslimejoss","status":"publish","type":"product","link":"https:\/\/antcube.shop\/lv\/products\/mini-termo-higrometrs-digitalais-balts-paslimejoss\/","title":{"rendered":"Mini termohigrometrs digit\u0101lais - balts - pa\u0161l\u012bm\u0113jo\u0161s"},"content":{"rendered":"<p><strong>M\u0113r\u012b\u0161anas diapazons:<\/strong> -10 l\u012bdz +60\u00b0C \/ 10% l\u012bdz 99%<\/p>\n<p><strong>Izm\u0113ri:<\/strong> 52 x39x15 mm<\/p>\n<p><strong>Apraksts:<\/strong><br \/>\nAr max\/mini funkciju, ar stat\u012bvu, ar LR 44 pogu bateriju.<\/p>\n<p><strong>Piez\u012bme:<\/strong><br \/>\nLai ieg\u016btu p\u0113c iesp\u0113jas prec\u012bz\u0101kus m\u0113r\u012bjumu rezult\u0101tus, ir svar\u012bgi, lai aizmugur\u0113j\u0101s ventil\u0101cijas atveres netiktu blo\u0137\u0113tas ar mont\u0101\u017eu!<br \/>\nPiestiprinot ier\u012bci, p\u0101rliecinieties, ka dz\u012bvnieki nevar piek\u013c\u016bt ier\u012bcei vai l\u012bm\u0113tajam stiprin\u0101jumam, izmantojot atbilsto\u0161u aizsardz\u012bbu pret izk\u013c\u016b\u0161anu.<br \/>\nTom\u0113r, ja past\u0101v risks, ka tas var notikt, stiprin\u0101\u0161anai j\u0101izmanto m\u016bsu caursp\u012bd\u012bgie l\u012bmlentes spilventi\u0146i (art. Nr. 1002314).<\/p>\n<p><strong>WEEE Reg.:<\/strong> DE 78184127<\/p>\n<p><strong>Par utiliz\u0101ciju skatiet akumulatoru utiliz\u0101cijas noteikumus:<\/strong><\/p>\n<p><a href=\"https:\/\/www.antstore.net\/shop\/de\/info\/Batterieverordnung.html\" target=\"_blank\" rel=\"noopener\">https:\/\/www.antstore.net\/shop\/de\/info\/Batterieverordnung.html<\/a><\/p>","protected":false},"excerpt":{"rendered":"<p>M\u0113r\u012b\u0161anas diapazons: -10 l\u012bdz +60\u00b0C \/ 10 l\u012bdz 99% , izm\u0113ri: 52 x 39 x 15 mm<\/p>","protected":false},"featured_media":6620,"comment_status":"open","ping_status":"closed","template":"","meta":{"_acf_changed":false,"content-type":"","_monsterinsights_skip_tracking":false,"_monsterinsights_sitenote_active":false,"_monsterinsights_sitenote_note":"","_monsterinsights_sitenote_category":0},"product_brand":[],"product_cat":[359,119,239],"product_tag":[],"class_list":{"0":"post-6578","1":"product","2":"type-product","3":"status-publish","4":"has-post-thumbnail","6":"product_cat-light-heat-humidity","7":"product_cat-formicarium-components","8":"product_cat-useful-additions","10":"first","11":"instock","12":"taxable","13":"shipping-taxable","14":"purchasable","15":"product-type-simple"},"acf":[],"aioseo_notices":[],"jetpack_sharing_enabled":true,"_links":{"self":[{"href":"https:\/\/antcube.shop\/lv\/wp-json\/wp\/v2\/product\/6578","targetHints":{"allow":["GET"]}}],"collection":[{"href":"https:\/\/antcube.shop\/lv\/wp-json\/wp\/v2\/product"}],"about":[{"href":"https:\/\/antcube.shop\/lv\/wp-json\/wp\/v2\/types\/product"}],"replies":[{"embeddable":true,"href":"https:\/\/antcube.shop\/lv\/wp-json\/wp\/v2\/comments?post=6578"}],"wp:featuredmedia":[{"embeddable":true,"href":"https:\/\/antcube.shop\/lv\/wp-json\/wp\/v2\/media\/6620"}],"wp:attachment":[{"href":"https:\/\/antcube.shop\/lv\/wp-json\/wp\/v2\/media?parent=6578"}],"wp:term":[{"taxonomy":"product_brand","embeddable":true,"href":"https:\/\/antcube.shop\/lv\/wp-json\/wp\/v2\/product_brand?post=6578"},{"taxonomy":"product_cat","embeddable":true,"href":"https:\/\/antcube.shop\/lv\/wp-json\/wp\/v2\/product_cat?post=6578"},{"taxonomy":"product_tag","embeddable":true,"href":"https:\/\/antcube.shop\/lv\/wp-json\/wp\/v2\/product_tag?post=6578"}],"curies":[{"name":"wp","href":"https:\/\/api.w.org\/{rel}","templated":true}]}}