{"id":6577,"date":"2023-12-04T13:54:13","date_gmt":"2023-12-04T12:54:13","guid":{"rendered":"https:\/\/antcube.shop\/product\/ameisenarena-nebler-gros\/"},"modified":"2026-04-24T14:25:11","modified_gmt":"2026-04-24T12:25:11","slug":"skudru-arenas-miglotajs-liels","status":"publish","type":"product","link":"https:\/\/antcube.shop\/lv\/products\/skudru-arenas-miglotajs-liels\/","title":{"rendered":"Skudru ar\u0113na - miglot\u0101js - liels"},"content":{"rendered":"<p><strong>Saturs:<\/strong><br \/>\n- Miglot\u0101js<br \/>\n- Atbilsto\u0161s aizb\u0101zni\u0146\u0161 ar 22 mm caurumu \u0161\u013c\u016btenes piestiprin\u0101\u0161anai pie skudru novietnes v\u0101ka<br \/>\n- Papla\u0161in\u0101m\u0101 \u0161\u013c\u016btene<\/p>\n<p><strong>Materi\u0101ls:<\/strong> plastmasa<\/p>\n<p><strong>Kr\u0101sa:<\/strong> melns<\/p>\n<p>Tehnisk\u0101 inform\u0101cija:<br \/>\nSpriegums: mai\u0146str\u0101va 120-240 V - 50\/60 Hz<br \/>\nKabe\u013ca garums: 1,20 m<br \/>\n\u016adens tvertnes tilpums: 4L<br \/>\n\u0160\u013c\u016btenes garums: individu\u0101li pagarin\u0101ms no 40 l\u012bdz 160 cm.<br \/>\nMiglas \u0123ener\u0113\u0161ana: 150-300 ml\/h<br \/>\nMaksim\u0101lais miglo\u0161anas augstums: 2 m ar \u0161\u013c\u016bteni<br \/>\nbez trok\u0161\u0146iem<\/p>\n<p>Apraksts:<br \/>\nLai samitrin\u0101tu skudru ar\u0113nu, \u0161o miglot\u0101ju var pievienot tie\u0161i skudru ar\u0113nas v\u0101kam.<\/p>\n<p>&nbsp;<\/p>\n<p>&nbsp;<\/p>\n<p>Piez\u012bme: 20.01.2025 Produkta atjaunin\u0101jums - jauns modelis<\/p>","protected":false},"excerpt":{"rendered":"<p>Saturs: - Atbilsto\u0161s spraudnis ar 22 mm caurumu \u0161\u013c\u016btenes piestiprin\u0101\u0161anai pie skudru novietnes v\u0101ka - Izvelkama \u0161\u013c\u016btene Materi\u0101ls: plastmasa Kr\u0101sa: melna Tehnisk\u0101 inform\u0101cija: Spriegums: mai\u0146str\u0101va 120-240 V - 50\/60 Hz Kabe\u013ca garums: 1,20 m \u016adens tvertnes tilpums: 4 l \u0160\u013c\u016btenes garums: individu\u0101li pagarin\u0101ms no 40 l\u012bdz 160 cm Miglas veido\u0161ana: 1,20 m: 150-300 ml\/h Maksim\u0101lais [...]","protected":false},"featured_media":10944,"comment_status":"open","ping_status":"closed","template":"","meta":{"_acf_changed":false,"content-type":"","_monsterinsights_skip_tracking":false,"_monsterinsights_sitenote_active":false,"_monsterinsights_sitenote_note":"","_monsterinsights_sitenote_category":0},"product_brand":[],"product_cat":[359,119,239],"product_tag":[],"class_list":{"0":"post-6577","1":"product","2":"type-product","3":"status-publish","4":"has-post-thumbnail","6":"product_cat-light-heat-humidity","7":"product_cat-formicarium-components","8":"product_cat-useful-additions","10":"first","11":"instock","12":"taxable","13":"shipping-taxable","14":"purchasable","15":"product-type-simple"},"acf":[],"aioseo_notices":[],"jetpack_sharing_enabled":true,"_links":{"self":[{"href":"https:\/\/antcube.shop\/lv\/wp-json\/wp\/v2\/product\/6577","targetHints":{"allow":["GET"]}}],"collection":[{"href":"https:\/\/antcube.shop\/lv\/wp-json\/wp\/v2\/product"}],"about":[{"href":"https:\/\/antcube.shop\/lv\/wp-json\/wp\/v2\/types\/product"}],"replies":[{"embeddable":true,"href":"https:\/\/antcube.shop\/lv\/wp-json\/wp\/v2\/comments?post=6577"}],"wp:featuredmedia":[{"embeddable":true,"href":"https:\/\/antcube.shop\/lv\/wp-json\/wp\/v2\/media\/10944"}],"wp:attachment":[{"href":"https:\/\/antcube.shop\/lv\/wp-json\/wp\/v2\/media?parent=6577"}],"wp:term":[{"taxonomy":"product_brand","embeddable":true,"href":"https:\/\/antcube.shop\/lv\/wp-json\/wp\/v2\/product_brand?post=6577"},{"taxonomy":"product_cat","embeddable":true,"href":"https:\/\/antcube.shop\/lv\/wp-json\/wp\/v2\/product_cat?post=6577"},{"taxonomy":"product_tag","embeddable":true,"href":"https:\/\/antcube.shop\/lv\/wp-json\/wp\/v2\/product_tag?post=6577"}],"curies":[{"name":"wp","href":"https:\/\/api.w.org\/{rel}","templated":true}]}}