{"id":6576,"date":"2023-12-04T13:54:06","date_gmt":"2023-12-04T12:54:06","guid":{"rendered":"https:\/\/antcube.shop\/product\/ameisenarena-nebler-klein\/"},"modified":"2026-04-17T10:11:12","modified_gmt":"2026-04-17T08:11:12","slug":"skudru-miglotajs-arena-mazs","status":"publish","type":"product","link":"https:\/\/antcube.shop\/lv\/products\/skudru-miglotajs-arena-mazs\/","title":{"rendered":"Skudru ar\u0113na - miglot\u0101js - mazs"},"content":{"rendered":"<p><strong>Saturs:<\/strong><br \/>\n- Miglot\u0101js<br \/>\n- Atbilsto\u0161s aizb\u0101zni\u0146\u0161 ar 22 mm caurumu \u0161\u013c\u016btenes piestiprin\u0101\u0161anai pie skudru novietnes v\u0101ka<br \/>\n- Papla\u0161in\u0101m\u0101 \u0161\u013c\u016btene<\/p>\n<p><strong>Materi\u0101ls:<\/strong> plastmasa<\/p>\n<p><strong>Kr\u0101sa:<\/strong> melns\/balts<\/p>\n<p><strong>Tehnisk\u0101s specifik\u0101cijas:<\/strong><br \/>\nSpriegums: 230 V<br \/>\nJauda: 15 W (30 ml\/h)<br \/>\nKabe\u013ca garums: 1,40 m<br \/>\n\u016adens tvertnes tilpums: 360 ml<br \/>\nSavienojums: Euro kontaktdak\u0161a<br \/>\n\u0160\u013c\u016btenes garums: 60 cm -&gt; var pagarin\u0101t<\/p>\n<p><strong>Apraksts:<\/strong><br \/>\nLai mitrin\u0101tu skudru novietni, \u0161o miglot\u0101ju var ievietot tie\u0161i skudru novietnes v\u0101k\u0101.<br \/>\nMazais Ameisenarena miglot\u0101js ir paredz\u0113ts nelielu ter\u0101riju mitrin\u0101\u0161anai. \u0160aj\u0101 model\u012b tehnolo\u0123ija ir daudz vienk\u0101r\u0161\u0101ka, kas nodro\u0161ina daudz vienk\u0101r\u0161\u0101ku darb\u012bbu. \u016adens tiek ieg\u016bts ar filca kasetnes kapil\u0101ro darb\u012bbu. To var nomain\u012bt ar da\u017eiem vienk\u0101r\u0161iem so\u013ciem, kas higi\u0113nas apsv\u0113rumu d\u0113\u013c b\u016btu j\u0101veic regul\u0101ri. Izgatavot\u0101 migla tiek autom\u0101tiski novad\u012bta caur \u0161\u013c\u016bteni, izmantojot atjaut\u012bgu uzga\u013ca konstrukciju, un nav nepiecie\u0161ams papildu ventilators. Tas atkal iev\u0113rojami samazina k\u013c\u016bdu iesp\u0113jam\u012bbu. Miglo\u0161anas jauda ir aptuveni 30 ml\/h. Maksim\u0101lais tvertnes tilpums ir 360 ml. Super Fog Nano II var kontrol\u0113t, izmantojot taimeri vai higrostatu. Pateicoties kust\u012bgai un pagarin\u0101mai \u0161\u013c\u016btenei, Super Fog Nano II var piel\u0101got jebkuram ter\u0101rijam. Jaunums ir tas, ka membr\u0101nu tagad galalietot\u0101js var nomain\u012bt, veicot tikai da\u017eus vienk\u0101r\u0161us so\u013cus. Ar\u012b visas p\u0101r\u0113j\u0101s deta\u013cas ir pieejamas k\u0101 rezerves da\u013cas, padarot Super Fog Nano II par ilgtsp\u0113j\u012bgu ier\u012bci.<\/p>\n<p><strong>Datorur\u0137\u0113t:<\/strong><br \/>\nJa nepiecie\u0161ama gar\u0101ka \u0161\u013c\u016btene, miglot\u0101jam var pievienot m\u016bsu 20\/16 mm \u0161\u013c\u016bteni (Art. 1000107). Jums b\u016bs nepiecie\u0161ami ar\u012b 50 mm formik\u0101rija aizb\u0101\u017e\u0146i ar 20 mm caurumu (Art. 1005033 + 20 mm). Tom\u0113r \u0146emiet v\u0113r\u0101, ka, jo gar\u0101ka \u0161\u013c\u016btene, jo maz\u0101k miglas non\u0101ks l\u012bdz formik\u0101rijam.<\/p>\n<p>&nbsp;<\/p>","protected":false},"excerpt":{"rendered":"<p>Saturs: - Atbilsto\u0161s aizb\u0101zni\u0146\u0161 ar caurumu \u0161\u013c\u016btenes piestiprin\u0101\u0161anai pie skudru novietnes v\u0101ka - Izvelkama \u0161\u013c\u016btene Materi\u0101ls: plastmasa Kr\u0101sa: melna\/balta Tehnisk\u0101s specifik\u0101cijas: Spriegums: 230 V Jauda: 15 W (30 ml\/h) Kabe\u013ca garums: 1,40 m \u016adens tvertnes tilpums: 360 ml Savienojums: \u0160\u013c\u016btenes garums: 60 cm -&gt; var pagarin\u0101t Apraksts: \u0160\u013c\u016btenes garums: 60 cm: Lai mitrin\u0101tu skudru [...]","protected":false},"featured_media":6603,"comment_status":"open","ping_status":"closed","template":"","meta":{"_acf_changed":false,"content-type":"","_monsterinsights_skip_tracking":false,"_monsterinsights_sitenote_active":false,"_monsterinsights_sitenote_note":"","_monsterinsights_sitenote_category":0},"product_brand":[],"product_cat":[359,119],"product_tag":[],"class_list":{"0":"post-6576","1":"product","2":"type-product","3":"status-publish","4":"has-post-thumbnail","6":"product_cat-light-heat-humidity","7":"product_cat-formicarium-components","9":"first","10":"instock","11":"taxable","12":"shipping-taxable","13":"purchasable","14":"product-type-simple"},"acf":[],"aioseo_notices":[],"jetpack_sharing_enabled":true,"_links":{"self":[{"href":"https:\/\/antcube.shop\/lv\/wp-json\/wp\/v2\/product\/6576","targetHints":{"allow":["GET"]}}],"collection":[{"href":"https:\/\/antcube.shop\/lv\/wp-json\/wp\/v2\/product"}],"about":[{"href":"https:\/\/antcube.shop\/lv\/wp-json\/wp\/v2\/types\/product"}],"replies":[{"embeddable":true,"href":"https:\/\/antcube.shop\/lv\/wp-json\/wp\/v2\/comments?post=6576"}],"wp:featuredmedia":[{"embeddable":true,"href":"https:\/\/antcube.shop\/lv\/wp-json\/wp\/v2\/media\/6603"}],"wp:attachment":[{"href":"https:\/\/antcube.shop\/lv\/wp-json\/wp\/v2\/media?parent=6576"}],"wp:term":[{"taxonomy":"product_brand","embeddable":true,"href":"https:\/\/antcube.shop\/lv\/wp-json\/wp\/v2\/product_brand?post=6576"},{"taxonomy":"product_cat","embeddable":true,"href":"https:\/\/antcube.shop\/lv\/wp-json\/wp\/v2\/product_cat?post=6576"},{"taxonomy":"product_tag","embeddable":true,"href":"https:\/\/antcube.shop\/lv\/wp-json\/wp\/v2\/product_tag?post=6576"}],"curies":[{"name":"wp","href":"https:\/\/api.w.org\/{rel}","templated":true}]}}