{"id":6572,"date":"2023-12-04T11:34:48","date_gmt":"2023-12-04T10:34:48","guid":{"rendered":"https:\/\/antcube.shop\/product\/arena-vase-10x10cm-aus-glas\/"},"modified":"2026-03-30T10:30:50","modified_gmt":"2026-03-30T08:30:50","slug":"arenas-vaze-10x10cm-no-stikla","status":"publish","type":"product","link":"https:\/\/antcube.shop\/lv\/products\/arenas-vaze-10x10cm-no-stikla\/","title":{"rendered":"Arena v\u0101ze 10x10cm no stikla"},"content":{"rendered":"<p><strong>Izm\u0113ri:<\/strong> 10\u00d710,4 cm<\/p>\n<p><strong>Materi\u0101ls:<\/strong> stikls, PMMA<\/p>\n<p><strong>Kr\u0101sa:<\/strong> krist\u0101ldzidrs, caursp\u012bd\u012bgs, caursp\u012bd\u012bgs<\/p>\n<p><strong>Saturs:<\/strong><br \/>\n1x stikla v\u0101ze 10x10cm<br \/>\n1x v\u0101ks 10\u00d70,4 cm<\/p>\n<p><strong>Apraksts:<\/strong> Arena Vase tika izstr\u0101d\u0101ta lapkoku skudru koloniju baro\u0161anai ar Atta vai Acromyrmex \u0123ints skudr\u0101m. No\u0146emamo akrila v\u0101ku ar caurumiem un spraug\u0101m bar\u012bbas augu zaru sak\u0101rto\u0161anai un tur\u0113\u0161anai vienk\u0101r\u0161i uzliek uz v\u0101zes. V\u0101ze pal\u012bdz ilg\u0101k saglab\u0101t bar\u012bbas augus svaigus un vienlaikus palielina mitruma l\u012bmeni formik\u0101r\u0101, past\u0101v\u012bgi iztvaikojot \u016bdeni no rezervu\u0101ra.<\/p>","protected":false},"excerpt":{"rendered":"<p>Izm\u0113ri: Materi\u0101ls: stikls, PMMA Kr\u0101sa: krist\u0101ldzidra, caursp\u012bd\u012bga, caursp\u012bd\u012bga Sast\u0101vs: 10x20,4cm: Sast\u0101vs: 1x stikla v\u0101ze 10x20cm 1x v\u0101ci\u0146\u0161 10x0,4cm Apraksts: Arena v\u0101ze ir izstr\u0101d\u0101ta lapu skudru koloniju baro\u0161anai. No\u0146emamo akrila v\u0101ku ar caurumiem un spraug\u0101m bar\u012bbas augu zaru sak\u0101rto\u0161anai un tur\u0113\u0161anai vienk\u0101r\u0161i uzliek uz akrila v\u0101ci\u0146a.","protected":false},"featured_media":6587,"comment_status":"open","ping_status":"closed","template":"","meta":{"_acf_changed":false,"content-type":"","_monsterinsights_skip_tracking":false,"_monsterinsights_sitenote_active":false,"_monsterinsights_sitenote_note":"","_monsterinsights_sitenote_category":0},"product_brand":[],"product_cat":[115,118],"product_tag":[],"class_list":{"0":"post-6572","1":"product","2":"type-product","3":"status-publish","4":"has-post-thumbnail","6":"product_cat-food-and-feeding","7":"product_cat-feeding-bowls","9":"first","10":"instock","11":"taxable","12":"shipping-taxable","13":"purchasable","14":"product-type-simple"},"acf":[],"aioseo_notices":[],"jetpack_sharing_enabled":true,"_links":{"self":[{"href":"https:\/\/antcube.shop\/lv\/wp-json\/wp\/v2\/product\/6572","targetHints":{"allow":["GET"]}}],"collection":[{"href":"https:\/\/antcube.shop\/lv\/wp-json\/wp\/v2\/product"}],"about":[{"href":"https:\/\/antcube.shop\/lv\/wp-json\/wp\/v2\/types\/product"}],"replies":[{"embeddable":true,"href":"https:\/\/antcube.shop\/lv\/wp-json\/wp\/v2\/comments?post=6572"}],"wp:featuredmedia":[{"embeddable":true,"href":"https:\/\/antcube.shop\/lv\/wp-json\/wp\/v2\/media\/6587"}],"wp:attachment":[{"href":"https:\/\/antcube.shop\/lv\/wp-json\/wp\/v2\/media?parent=6572"}],"wp:term":[{"taxonomy":"product_brand","embeddable":true,"href":"https:\/\/antcube.shop\/lv\/wp-json\/wp\/v2\/product_brand?post=6572"},{"taxonomy":"product_cat","embeddable":true,"href":"https:\/\/antcube.shop\/lv\/wp-json\/wp\/v2\/product_cat?post=6572"},{"taxonomy":"product_tag","embeddable":true,"href":"https:\/\/antcube.shop\/lv\/wp-json\/wp\/v2\/product_tag?post=6572"}],"curies":[{"name":"wp","href":"https:\/\/api.w.org\/{rel}","templated":true}]}}