{"id":6570,"date":"2023-12-04T11:34:35","date_gmt":"2023-12-04T10:34:35","guid":{"rendered":"https:\/\/antcube.shop\/product\/ameisen-treppenhaus-30cm\/"},"modified":"2026-04-09T09:31:38","modified_gmt":"2026-04-09T07:31:38","slug":"skudru-kapnes-30cm","status":"publish","type":"product","link":"https:\/\/antcube.shop\/lv\/products\/skudru-kapnes-30cm\/","title":{"rendered":"Skudru k\u0101pnes 30cm"},"content":{"rendered":"<p><strong>Izm\u0113ri:<\/strong> 5x5x30cm<\/p>\n<p><strong>Materi\u0101ls:<\/strong> PMMA<\/p>\n<p><strong>Kr\u0101sa:<\/strong> krist\u0101ldzidrs, caursp\u012bd\u012bgs, caursp\u012bd\u012bgs<\/p>\n<p><strong>Saturs:<\/strong><br \/>\n1x skudru k\u0101pnes 30cm<br \/>\n2x akrila pl\u0101ksne papildu mont\u0101\u017eai pie sienas<\/p>\n<p>1x spilventi\u0146\u0161 skudru k\u0101pn\u0113m<\/p>\n<p><strong>Piez\u012bme: <\/strong>Deta\u013cas tiek pieg\u0101d\u0101tas k\u0101 piln\u012bb\u0101 samont\u0113ts produkts. Lai piestiprin\u0101tu pie sienas, vienk\u0101r\u0161i atskr\u016bv\u0113jiet akrila skr\u016bves aug\u0161pus\u0113 un apak\u0161pus\u0113 un no\u0146emiet pamatni. Pievienojiet abas akrila pl\u0101ksnes ar skr\u016bv\u0113m 1x aug\u0161pus\u0113 un 1x apak\u0161\u0101.<\/p>\n<p><strong>Savienojums:<\/strong> 2x \u0161\u013c\u016btene 20\/16 mm (\u0101rpus\u0113) vai \u0161\u013c\u016btene 14\/10 mm (iek\u0161pus\u0113), vai 24\/20 (\u0101rpus\u0113 2. savienojuma posms)<\/p>\n<p><strong>Apraksts:<\/strong> Skudru k\u0101pnes tiek izmantotas, lai p\u0101rvar\u0113tu augstumu no ar\u0113nas uz skudru fermu.<\/p>\n<p><strong>Pieteikums:<\/strong> skudru ferm\u0101m <strong>izm\u0113ri 30x30cm vai 60x30cm<\/strong><\/p>\n<p><span data-text-color=\"alert\"><strong>Svar\u012bgi lietot ar akrila caurul\u0113m:<\/strong><\/span><br \/>\nAugstums nav piem\u0113rots m\u016bsu <strong>XL izm\u0113ra skudru fermas.<\/strong><br \/>\nVietnei<strong> lieto\u0161ana ar akrila caurul\u0113m<\/strong> (piem., skudru caurule - krist\u0101ldzidra 20 mm - 1 m, art. Nr. 1000320) \u0161\u013c\u016bte\u0146u viet\u0101, jums kopum\u0101 ir nepiecie\u0161ams \u0161\u0101ds daudzums.<strong> 3x \"Cauru\u013cu savienot\u0101js krist\u0101ldzidrs 20 mm - I\"<\/strong> (Art. Nr. 1005624). 1x skudru fermas ligzdai un 2x div\u0101m k\u0101p\u0146u telpas ligzd\u0101m. Turkl\u0101t vecaj\u0101m skudru ferm\u0101m (visas ieg\u0101d\u0101tas l\u012bdz 2023. 12. 2023. gadam) uz skudru fermas ligzdas j\u0101uzspie\u017e \"caursp\u012bd\u012bgs elast\u012bgs bl\u012bvgredzens\" (art. Nr. 1001437). Pret\u0113j\u0101 gad\u012bjum\u0101 \"Caurules savienot\u0101js caursp\u012bd\u012bgs caursp\u012bd\u012bgs 20 mm - I\" (artikula Nr. 1005624) uz skudru fermas ligzdas atrodas p\u0101r\u0101k va\u013c\u012bgi. Turkl\u0101t, ja <strong>formik\u0101rija spilventi\u0146\u0161 <\/strong>tiek izmantots skudru fermai vai skudru ar\u0113nai, tas j\u0101izmanto ar\u012b k\u0101pn\u0113m, jo pret\u0113j\u0101 gad\u012bjum\u0101 b\u016bs neliela augstuma starp\u012bba starp k\u0101p\u0146u ligzdu un savienojumiem skudru ferm\u0101 un skudru ar\u0113n\u0101.<\/p>","protected":false},"excerpt":{"rendered":"<p>Skudru ferm\u0101m ar izm\u0113riem 30x30cm vai 60x30cm<\/p>","protected":false},"featured_media":6585,"comment_status":"open","ping_status":"closed","template":"","meta":{"_acf_changed":false,"content-type":"","_monsterinsights_skip_tracking":false,"_monsterinsights_sitenote_active":false,"_monsterinsights_sitenote_note":"","_monsterinsights_sitenote_category":0},"product_brand":[],"product_cat":[345,119,121,120,239],"product_tag":[],"class_list":{"0":"post-6570","1":"product","2":"type-product","3":"status-publish","4":"has-post-thumbnail","6":"product_cat-pipe-connectors","7":"product_cat-formicarium-components","8":"product_cat-connectors","9":"product_cat-hoses","10":"product_cat-useful-additions","12":"first","13":"instock","14":"taxable","15":"shipping-taxable","16":"purchasable","17":"product-type-simple"},"acf":[],"aioseo_notices":[],"jetpack_sharing_enabled":true,"_links":{"self":[{"href":"https:\/\/antcube.shop\/lv\/wp-json\/wp\/v2\/product\/6570","targetHints":{"allow":["GET"]}}],"collection":[{"href":"https:\/\/antcube.shop\/lv\/wp-json\/wp\/v2\/product"}],"about":[{"href":"https:\/\/antcube.shop\/lv\/wp-json\/wp\/v2\/types\/product"}],"replies":[{"embeddable":true,"href":"https:\/\/antcube.shop\/lv\/wp-json\/wp\/v2\/comments?post=6570"}],"wp:featuredmedia":[{"embeddable":true,"href":"https:\/\/antcube.shop\/lv\/wp-json\/wp\/v2\/media\/6585"}],"wp:attachment":[{"href":"https:\/\/antcube.shop\/lv\/wp-json\/wp\/v2\/media?parent=6570"}],"wp:term":[{"taxonomy":"product_brand","embeddable":true,"href":"https:\/\/antcube.shop\/lv\/wp-json\/wp\/v2\/product_brand?post=6570"},{"taxonomy":"product_cat","embeddable":true,"href":"https:\/\/antcube.shop\/lv\/wp-json\/wp\/v2\/product_cat?post=6570"},{"taxonomy":"product_tag","embeddable":true,"href":"https:\/\/antcube.shop\/lv\/wp-json\/wp\/v2\/product_tag?post=6570"}],"curies":[{"name":"wp","href":"https:\/\/api.w.org\/{rel}","templated":true}]}}