{"id":6564,"date":"2023-12-04T11:33:56","date_gmt":"2023-12-04T10:33:56","guid":{"rendered":"https:\/\/antcube.shop\/product\/schraub-adapter-50-auf-27-mm-bohrung\/"},"modified":"2026-04-05T20:47:15","modified_gmt":"2026-04-05T18:47:15","slug":"skruvju-adapteris-no-50-uz-27-mm-caurumu","status":"publish","type":"product","link":"https:\/\/antcube.shop\/lv\/products\/skruvju-adapteris-no-50-uz-27-mm-caurumu\/","title":{"rendered":"Skr\u016bvju adapteris ar 50 l\u012bdz 27 mm caurumu"},"content":{"rendered":"<p><strong>Saturs:<\/strong><br \/>\n2x akrila disks 59 x 2 mm ar 32 mm caurumu<br \/>\n1x akrila disks 49 x 4 mm ar 27 mm caurumu<br \/>\n2x caursp\u012bd\u012bga plastmasas skr\u016bve M4<br \/>\n2x caursp\u012bd\u012bgs uzgrieznis M4<\/p>\n<p><strong>Izstr\u0101d\u0101juma izm\u0113ri:<\/strong> 59 x 8 mm<\/p>\n<p><strong>Materi\u0101ls:<\/strong> PMMA<\/p>\n<p><strong>Kr\u0101sa:<\/strong> caursp\u012bd\u012bgs \/ krist\u0101ldzidrs<\/p>\n<p><span data-text-color=\"alert\"><strong>UZMAN\u012aBU:<\/strong><\/span> tikai m\u016bsu baseina \u0161\u013c\u016btenes savienot\u0101jiem 27mm - 14, 20, 24mm - caursp\u012bd\u012bgs<\/p>\n<p><strong>Apraksts:<\/strong> Adapteris elementu ar 27 mm diametru stiprin\u0101\u0161anai 50 mm caurumos. Adapter\u012b ietilpst ar\u012b m\u016bsu 27 mm spraud\u0146i.<\/p>\n<p>T\u0101d\u0113j\u0101di nodro\u0161ina dro\u0161u, stingru un vizu\u0101li pievilc\u012bgu 20 mm cauru\u013cu, \u0161\u013c\u016bte\u0146u vai citu savienojuma elementu piestiprin\u0101\u0161anu.<\/p>\n<p><strong>Piez\u012bme:<\/strong> Pieg\u0101d\u0101 atsevi\u0161\u0137\u0101s da\u013c\u0101s, un t\u0101s ir j\u0101piestiprina ar Phillips skr\u016bvgriezi.<\/p>","protected":false},"excerpt":{"rendered":"<p>Saturs: Sast\u0101vs: 2x akrila disks 59 x 2 mm ar 32 mm caurumu 1x akrila disks 49 x 4 mm ar 27 mm caurumu 2x caursp\u012bd\u012bga plastmasas skr\u016bve M4 2x caursp\u012bd\u012bgs uzgrieznis M4 Produkta izm\u0113ri: 59 x 8 mm Materi\u0101ls: PMMA Kr\u0101sa: caursp\u012bd\u012bga \/ krist\u0101ldzidra UZMAN\u012aBU: tikai m\u016bsu baseina \u0161\u013c\u016btenes savienot\u0101jiem 27 mm - 14, 20, 24 mm","protected":false},"featured_media":6593,"comment_status":"open","ping_status":"closed","template":"","meta":{"_acf_changed":false,"content-type":"","_monsterinsights_skip_tracking":false,"_monsterinsights_sitenote_active":false,"_monsterinsights_sitenote_note":"","_monsterinsights_sitenote_category":0},"product_brand":[],"product_cat":[345,119,121,120],"product_tag":[],"class_list":{"0":"post-6564","1":"product","2":"type-product","3":"status-publish","4":"has-post-thumbnail","6":"product_cat-pipe-connectors","7":"product_cat-formicarium-components","8":"product_cat-connectors","9":"product_cat-hoses","11":"first","12":"instock","13":"taxable","14":"shipping-taxable","15":"purchasable","16":"product-type-simple"},"acf":[],"aioseo_notices":[],"jetpack_sharing_enabled":true,"_links":{"self":[{"href":"https:\/\/antcube.shop\/lv\/wp-json\/wp\/v2\/product\/6564","targetHints":{"allow":["GET"]}}],"collection":[{"href":"https:\/\/antcube.shop\/lv\/wp-json\/wp\/v2\/product"}],"about":[{"href":"https:\/\/antcube.shop\/lv\/wp-json\/wp\/v2\/types\/product"}],"replies":[{"embeddable":true,"href":"https:\/\/antcube.shop\/lv\/wp-json\/wp\/v2\/comments?post=6564"}],"wp:featuredmedia":[{"embeddable":true,"href":"https:\/\/antcube.shop\/lv\/wp-json\/wp\/v2\/media\/6593"}],"wp:attachment":[{"href":"https:\/\/antcube.shop\/lv\/wp-json\/wp\/v2\/media?parent=6564"}],"wp:term":[{"taxonomy":"product_brand","embeddable":true,"href":"https:\/\/antcube.shop\/lv\/wp-json\/wp\/v2\/product_brand?post=6564"},{"taxonomy":"product_cat","embeddable":true,"href":"https:\/\/antcube.shop\/lv\/wp-json\/wp\/v2\/product_cat?post=6564"},{"taxonomy":"product_tag","embeddable":true,"href":"https:\/\/antcube.shop\/lv\/wp-json\/wp\/v2\/product_tag?post=6564"}],"curies":[{"name":"wp","href":"https:\/\/api.w.org\/{rel}","templated":true}]}}