{"id":6562,"date":"2023-12-04T11:33:43","date_gmt":"2023-12-04T10:33:43","guid":{"rendered":"https:\/\/antcube.shop\/product\/bundle-offer-messor-structor\/"},"modified":"2026-03-04T17:11:29","modified_gmt":"2026-03-04T16:11:29","slug":"saiska-piedavajums-messor-structor","status":"publish","type":"product","link":"https:\/\/antcube.shop\/lv\/products\/saiska-piedavajums-messor-structor\/","title":{"rendered":"Komplekta pied\u0101v\u0101jums - Messor structor"},"content":{"rendered":"<p><span data-text-color=\"secondary\"><strong>Komplekt\u0101 ietilpst Messor structor skudru kolonija (karaliene ar 11-25 str\u0101dniekiem + mazu\u013ci), starta komplekts Habitat Desert M ar otru skudru fermu 20\u00d720 M, 3x formik\u0101rija spilventi\u0146i un burka ar m\u016bsu \u012bpa\u0161ajiem veseliem blan\u0161\u0113tiem c\u012brul\u012b\u0161iem 10g (mitrs prote\u012bns).<\/strong><\/span><\/p>\n<p><span data-text-color=\"alert\"><strong>Tikai l\u012bdz kr\u0101jumu beig\u0101m.<\/strong><\/span><\/p>\n<p><strong>Viss, kas nepiecie\u0161ams Messor structor skudru kolonijai<\/strong><br \/>\n\u0160aj\u0101 komplekt\u0101 ir viss nepiecie\u0161amais, lai veiksm\u012bgi izveidotu Messor barbarus koloniju pirmajos m\u0113ne\u0161os. Tas ir elast\u012bgi papla\u0161in\u0101ms un \u012bpa\u0161i piem\u0113rots ies\u0101c\u0113jiem skudru audz\u0113\u0161an\u0101.<\/p>\n<p><strong>Messor structor skudru sugas<\/strong><br \/>\nMessor structor ir graud\u0113d\u0101ju (graud\u0113d\u0101ju) skudru suga. T\u0101 galvenok\u0101rt sastopama Dienvideirop\u0101 un Vidusj\u016bras re\u0123ion\u0101, bet ar\u012b Centr\u0101leirop\u0101, un t\u0101s izplat\u012bbas are\u0101ls sniedzas l\u012bdz pat Ir\u0101nai un Krievijas dienvidiem. T\u0101 ir ar\u012b vien\u012bg\u0101 Messor suga, kas sastopama V\u0101cij\u0101. Darba\u013caudis ir nedaudz maz\u0101kas nek\u0101 Messor barbarus, bet Messor structor agr\u0101k ra\u017eo t\u0101 sauktos lielos darba\u013caudis (liel\u0101ko darba\u013cau\u017eu kastu).<\/p>\n<p>Lai gan Messor structor galvenok\u0101rt sastopams step\u0113s, da\u017e\u0101s valst\u012bs ir popul\u0101cijas, kas vair\u0101k dz\u012bvo kalnainos re\u0123ionos vai pat jauktos me\u017eos. Tas liecina par \u0161\u012bs sugas lielo piel\u0101go\u0161an\u0101s sp\u0113ju. Messor structor parasti veido polig\u0113niskas kolonijas (vair\u0101kas m\u0101tes vien\u0101 kolonij\u0101), bet sastopamas ar\u012b monog\u0113niskas kolonijas (tikai viena m\u0101t\u012bte vien\u0101 kolonij\u0101).<\/p>\n<p>Zin\u0101tnieki, analiz\u0113jot da\u017e\u0101du koloniju \u0123en\u0113tisko materi\u0101lu, jau k\u0101du laiku m\u0113\u0123ina noskaidrot, vai Messor structor var\u0113tu b\u016bt izveidoju\u0161\u0101s vair\u0101kas pasugas, kas sastopamas da\u017e\u0101dos re\u0123ionos. Tom\u0113r tas v\u0113l nav gal\u012bgi noskaidrots.<\/p>\n<p><strong>Nest Messor structor ligzda<\/strong><br \/>\nMessor structor labpr\u0101t\u0101k ligzdo smil\u0161ain\u0101s augsn\u0113s. Tom\u0113r at\u0161\u0137ir\u012bb\u0101 no vairuma citu Messor sugu tas ir sam\u0113r\u0101 elast\u012bgs, un da\u017ek\u0101rt to var atrast ligzdojam zem akme\u0146iem vai \u0113nain\u0101s viet\u0101s zemes augsn\u0113s.<\/p>\n<p><strong>P\u0101rtika Messor structor<\/strong><br \/>\nT\u0101pat k\u0101 visas Messor sugas, ar\u012b Messor structor barojas galvenok\u0101rt ar s\u0113kl\u0101m, kas tiek v\u0101ktas, uzglab\u0101tas un p\u0101rstr\u0101d\u0101tas t\u0101 sauktaj\u0101 skudru maiz\u0113, kurai ir ilg\u0101ks der\u012bguma termi\u0146\u0161 un kas \u013cauj kolonij\u0101m p\u0101rdz\u012bvot periodus, kad dab\u0101 ir maz\u0101k s\u0113klu. Olbaltumvielas pie\u0146em gan dz\u012bvas, gan nedz\u012bvas. Savva\u013c\u0101 t\u0101s nogalina s\u012bkus kukai\u0146us un izmanto tos mazu\u013cu baro\u0161anai. Cukura \u0161\u0137\u012bdumu vai medu pie\u0146em tikai tad, ja bi\u0161u saimei nav pieejams pietiekami daudz svaiga \u016bdens, lai apmierin\u0101tu t\u0101s mitruma vajadz\u012bbas.<\/p>\n<p><strong>Messor structor optim\u0101lie klimatiskie apst\u0101k\u013ci ir \u0161\u0101di:<\/strong><br \/>\n<strong>Mitrums:<\/strong><br \/>\nAr\u0113na: 30 - 50% Ligzdas plat\u012bba: 50 - 70%<br \/>\n<strong>Temperat\u016bra:<\/strong><br \/>\nAr\u0113na: 22 - 30\u00b0C Ligzdas plat\u012bba: 21- 27\u00b0C<\/p>\n<p><strong>Saturs:<\/strong><\/p>\n<p>1x Messor structor skudru kolonija (karaliene + 11-25 str\u0101dnieki + mazu\u013ci)<br \/>\n1x Cricket Jam 25g<br \/>\n1x graudu p\u0101rtika minor 100g<br \/>\n1x Formik\u0101rija spilventi\u0146\u0161 - 20x20cm<br \/>\n2x Formicarium spilventi\u0146\u0161 - 20x6cm<\/p>\n<p>1x ANTCUBE - ar\u0113na 20x20x10 - plakana<br \/>\n1x skudru ar\u0113nas r\u0101mis 20\u00d720<br \/>\n1x skudru ar\u0113nas v\u0101ks 20\u00d720<br \/>\n4x ar\u0113nas v\u0101ka stiprin\u0101juma punkts<br \/>\n2x ANTCUBE - skudru ferma - M - 20\u00d720 - st\u0101vo\u0161s<\/p>\n<p>1x 1 m caursp\u012bd\u012bga caurule 14\/10 mm<br \/>\n2x ANTCUBE - Sarkana folija 20\u00d720 - filtrs<br \/>\n2x pa\u0161l\u012bm\u0113jo\u0161i klip\u0161i - caursp\u012bd\u012bgi 2 gab.<br \/>\n1x substr\u0101ts - tuksnesis - 1kg<br \/>\n1x Formicarium granulas 200ml - smil\u0161kr\u0101sas kr\u0101s\u0101<\/p>\n<p>1x Grid cap &#8211; 10mm &#8211; stainless steel<br \/>\n2x Grid insert acrylic &#8211; 50 mm with sealing ring<br \/>\n1x Grid insert acrylic &#8211; 27 mm with sealing ring<\/p>\n<p>1x tvertnes \u0161\u013c\u016btenes savienot\u0101js 27-14,16,20 mm - caursp\u012bd\u012bgs<br \/>\n2x Foil thermometer &#8211; farm<br \/>\n1x Foil thermometer Display<br \/>\n1x drinking clear 5ml &#8211; sponge<br \/>\n1x Feeding dish white rectangle &#8211; 3 compartments<br \/>\n1x E\u013c\u013ca aizsardz\u012bbai pret skudru izb\u0113g\u0161anu 10ml<br \/>\n1x Pincete atsperu t\u0113rauda - plata - m\u012bksta<br \/>\n1x Pincete plastmasas caursp\u012bd\u012bga<br \/>\n1x plastmasas pipete 3ml<br \/>\n1x rokas lupa - 2x - 30 mm<br \/>\n1x putu t\u012br\u012bt\u0101js 150x18x2,5mm<br \/>\n1x foto mugura - tuksnesis - 20\u00d710<\/p>\n<p>&nbsp;<\/p>\n<p><strong>Apraksts:<\/strong><br \/>\n\u0160is s\u0101kumkomplekts Desert ir piem\u0113rots vis\u0101m Messor \u0123ints sug\u0101m, kas dz\u012bvo tuksne\u0161os, step\u0113s vai Vidusj\u016bras klimat\u0101. Viena no div\u0101m saimniec\u012bb\u0101m ir paredz\u0113ta s\u0113klu un skudru maizes uzglab\u0101\u0161anai, t\u0101p\u0113c t\u0101 ir j\u0101uztur piln\u012bgi saus\u0101 viet\u0101, lai skudras nov\u0113rstu tur uzglab\u0101to s\u0113klu\/graudu d\u012bg\u0161anu vai sapel\u0113\u0161anu.<\/p>\n<p>Piln\u012bb\u0101 caursp\u012bd\u012bg\u0101 ferm\u0101 (ligzd\u0101) fermas aizpild\u012b\u0161anai tiek izmantots \"substr\u0101ts - tuksnesis\". Ja nepiecie\u0161ams, caur 50 mm caurumiem v\u0101k\u0101 var pievienot papildu modu\u013cus, piem\u0113ram, atsevi\u0161\u0137i pieejamos miglot\u0101jus, ventilatorus vai apgaismojumu. K\u0101 alternat\u012bva ir iek\u013cauti piem\u0113roti formik\u0101rija aizb\u0101\u017e\u0146i, lai aiztais\u012btu atveres. Ja nepiecie\u0161ams, formik\u0101riju var darbin\u0101t ar\u012b atv\u0113rtu, vienk\u0101r\u0161i novietojot no\u0146emamo r\u0101mi virs\u016b un uz malas uzkl\u0101jot skudru izk\u013c\u016b\u0161anas aizsardz\u012bbas e\u013c\u013cu. \"Caursp\u012bd\u012bg\u0101 20 ml dzirdin\u0101tava - s\u016bklis\" ir paredz\u0113ta \u016bdenim, \"2 ml bar\u012bbas dozators - doz\u0113jams\" - graudu bar\u012bbai.<\/p>\n<p><strong>Svar\u012bgi:<\/strong> Pirms lieto\u0161anas samitriniet substr\u0101tu, lai mais\u012bjums var\u0113tu saist\u012bties un nostiprin\u0101ties skudru ferm\u0101. Turkl\u0101t, ja substr\u0101ts ir p\u0101r\u0101k sauss un putek\u013cains, skudru elpce\u013ci var tikt aizsprostoti un slikt\u0101kaj\u0101 gad\u012bjum\u0101 dz\u012bvnieki var aizdusa.<\/p>\n<p><strong>Ieteikums:<\/strong> M\u0113s iesak\u0101m izmantot 2 mm augstu substr\u0101ta sl\u0101ni, lai dz\u012bvnieki nevar\u0113tu ierakt ar\u0113n\u0101 un t\u0101 viet\u0101 izmantotu \u0161im nol\u016bkam paredz\u0113to fermu. M\u0113s ar\u012b iesak\u0101m, lai ligzdu materi\u0101ls ferm\u0101 (smiltis\/m\u0101ls, Digfix u. c.) b\u016btu viegli uzb\u0113rts vien\u0101 viet\u0101, lai dz\u012bvniekiem b\u016btu viegl\u0101k rakt.<\/p>\n<p><strong>Piez\u012bmes par ra\u017eo\u0161anu<\/strong><br \/>\nStikls tiek sagriezts atbilsto\u0161i izm\u0113ram saska\u0146\u0101 ar DIN 1249 ar pielaidi +\/- 1 mm. \u012apa\u0161i maz\u0101m skudru sug\u0101m ir nepiecie\u0161ama papildu aizsardz\u012bba pret izlau\u0161anos.<\/p>\n<p><strong>Piez\u012bmes par saimniec\u012bbu<\/strong><br \/>\nPievienojot vai atvienojot \u0161\u013c\u016btenes, \u0146emiet v\u0113r\u0101 \u0161\u0101dus nor\u0101d\u012bjumus:<br \/>\nJa caurul\u012bti ir \u013coti gr\u016bti ievietot savienojuma ligzd\u0101, ligzda ir viegli j\u0101noberz\u0113 ar pilienu m\u016bsu e\u013c\u013cas vai pulvera aizsardz\u012bbai pret izlau\u0161anos. P\u0113c tam \u0161\u013c\u016btene j\u0101uzstumj uz savienojuma ligzdas, veicot pagrie\u017eamas vai skr\u016bv\u0113jamas kust\u012bbas, nesasprindzinot ligzdu ar kust\u012bb\u0101m uz aug\u0161u un uz leju. Tas pats attiecas ar\u012b uz \u0161\u013c\u016bte\u0146u no\u0146em\u0161anu no saimniec\u012bbas savienojuma ligzdas. L\u016bdzu, vienk\u0101r\u0161i neno\u0146emiet to!<\/p>\n<p><strong>Piez\u012bmes par kriketa iev\u0101r\u012bjumu:<\/strong><br \/>\nM\u016bsu blan\u0161\u0113tie cvingri ir vienk\u0101r\u0161s veids, k\u0101 nodro\u0161in\u0101t skudras ar svaigi konserv\u0113tu prote\u012bnu bar\u012bbu, nebarojot dz\u012bvus kukai\u0146us. Sast\u0101v\u0101 eso\u0161ie c\u012brusi (Acheta domesticus) ir saudz\u012bgi blan\u0161\u0113ti, lai nodro\u0161in\u0101tu uzturv\u0113rt\u012bbas, gar\u0161as un arom\u0101ta saglab\u0101\u0161anu. Turkl\u0101t \u0161\u0101d\u0101 veid\u0101 tiek m\u012bkstin\u0101ts kukai\u0146u hit\u012bna apvalks, lai tas b\u016btu viegl\u0101k sagremojams. Kolag\u0113na olbaltumvielu saites tiek sa\u0161\u0137eltas, lai skudras var\u0113tu t\u0101s lab\u0101k izmantot. Konserv\u0113tu Acheta domesticus konservu uzturv\u0113rt\u012bba ir t\u0101da pati k\u0101 dz\u012bviem c\u012brul\u012b\u0161iem, bet tie ir viegl\u0101k sagremojami.<\/p>\n<p>Cricket Jam nav piem\u0113rots t\u0101du skudru sugu med\u012bb\u0101m, kur\u0101m nepiecie\u0161ama dz\u012bva bar\u012bba (piem\u0113ram, poner\u012bni (liel\u0101s skudras), piem\u0113ram, Harpegnathos vai Odontomachus).<\/p>\n<p><strong>Papildu priek\u0161roc\u012bbas:<\/strong><br \/>\nGarant\u0113ti bez \u0113rc\u0113m<br \/>\nVar sadal\u012bt porcij\u0101s un at\u0161\u0137aid\u012bt ar \u016bdeni<br \/>\nSteriliz\u0113ts un iepakots vakuum\u0101<br \/>\nBez piedev\u0101m<br \/>\nVitikul\u012b\u0161i, kas ieg\u016bti ilgtsp\u0113j\u012bg\u0101, t\u012bri biolo\u0123isk\u0101 audz\u0113\u0161an\u0101 un baroti ar biolo\u0123iskiem atkritumiem.<\/p>\n<p><strong>Piez\u012bme:<\/strong><br \/>\nP\u0113c atv\u0113r\u0161anas var uzglab\u0101t ledusskap\u012b apm\u0113ram \u010detras dienas. Ilg\u0101ks der\u012bguma termi\u0146\u0161, ja sasald\u0113.<br \/>\nUzman\u012bbu: Vispirms porciju, p\u0113c tam iesald\u0113jiet.<\/p>","protected":false},"excerpt":{"rendered":"<p>Komplekt\u0101 ir 38 gabali<\/p>\n<p>Izm\u0113rs: <strong>M<\/strong><\/p>","protected":false},"featured_media":7134,"comment_status":"open","ping_status":"closed","template":"","meta":{"_acf_changed":false,"content-type":"","_monsterinsights_skip_tracking":false,"_monsterinsights_sitenote_active":false,"_monsterinsights_sitenote_note":"","_monsterinsights_sitenote_category":0},"product_brand":[],"product_cat":[355,353,73],"product_tag":[],"class_list":{"0":"post-6562","1":"product","2":"type-product","3":"status-publish","4":"has-post-thumbnail","6":"product_cat-bundle-offers","7":"product_cat-starter-sets-for-harvester-ants","8":"product_cat-starter-sets","10":"first","11":"instock","12":"taxable","13":"shipping-taxable","14":"purchasable","15":"product-type-simple"},"acf":[],"aioseo_notices":[],"jetpack_sharing_enabled":true,"_links":{"self":[{"href":"https:\/\/antcube.shop\/lv\/wp-json\/wp\/v2\/product\/6562","targetHints":{"allow":["GET"]}}],"collection":[{"href":"https:\/\/antcube.shop\/lv\/wp-json\/wp\/v2\/product"}],"about":[{"href":"https:\/\/antcube.shop\/lv\/wp-json\/wp\/v2\/types\/product"}],"replies":[{"embeddable":true,"href":"https:\/\/antcube.shop\/lv\/wp-json\/wp\/v2\/comments?post=6562"}],"wp:featuredmedia":[{"embeddable":true,"href":"https:\/\/antcube.shop\/lv\/wp-json\/wp\/v2\/media\/7134"}],"wp:attachment":[{"href":"https:\/\/antcube.shop\/lv\/wp-json\/wp\/v2\/media?parent=6562"}],"wp:term":[{"taxonomy":"product_brand","embeddable":true,"href":"https:\/\/antcube.shop\/lv\/wp-json\/wp\/v2\/product_brand?post=6562"},{"taxonomy":"product_cat","embeddable":true,"href":"https:\/\/antcube.shop\/lv\/wp-json\/wp\/v2\/product_cat?post=6562"},{"taxonomy":"product_tag","embeddable":true,"href":"https:\/\/antcube.shop\/lv\/wp-json\/wp\/v2\/product_tag?post=6562"}],"curies":[{"name":"wp","href":"https:\/\/api.w.org\/{rel}","templated":true}]}}