{"id":6560,"date":"2023-12-04T11:33:29","date_gmt":"2023-12-04T10:33:29","guid":{"rendered":"https:\/\/antcube.shop\/product\/heizmatte-39x28cm-20w\/"},"modified":"2026-03-11T13:48:51","modified_gmt":"2026-03-11T12:48:51","slug":"sildisanas-paklajs-39x28cm-20w","status":"publish","type":"product","link":"https:\/\/antcube.shop\/lv\/products\/sildisanas-paklajs-39x28cm-20w\/","title":{"rendered":"Apkures pakl\u0101js 39x28cm - 20W"},"content":{"rendered":"<p><strong>Izm\u0113ri:<\/strong> 39 x 28 cm<br \/>\n<strong>Jauda:<\/strong> 20 vati<br \/>\n<strong>Virsmas temperat\u016bra:<\/strong> 28-32 \u00b0C<\/p>\n<p><strong>Apraksts:<\/strong> Apkures pakl\u0101ji\u0146\u0161 formik\u0101rijam - \u012bpa\u0161i piem\u0113rots sug\u0101m no silt\u0101k\u0101m zem\u0113m. Sild\u012b\u0161anas pakl\u0101ji\u0146i izstaro infrasarkano starojumu, kas l\u012bdz\u012bgs keramiskajiem sild\u012bt\u0101jiem. \u0160ie stari silda priek\u0161metus un dz\u012bvniekus, b\u016btiski nepalielinot gaisa temperat\u016bru. T\u0101p\u0113c tie ir ide\u0101li piem\u0113roti \"sau\u013co\u0161an\u0101s\" vietu nodro\u0161in\u0101\u0161anai. T\u0101d\u0113j\u0101di var lab\u0101k sasniegt un kontrol\u0113t jebkuru nepiecie\u0161amo temperat\u016bras gradientu formik\u0101r\u0101. \u0160ie sild\u012b\u0161anas pakl\u0101ji ir pa\u0161l\u012bm\u0113jo\u0161i, t\u0101p\u0113c tos var viegli piestiprin\u0101t pie formik\u0101rija.<\/p>\n<p><strong>Piez\u012bme:<\/strong> Nekad nenovietojiet sildelementus tie\u0161i zem formik\u0101rija, vienm\u0113r ir j\u0101nodro\u0161ina, ka siltumu var novad\u012bt, lai nov\u0113rstu karstuma uzkr\u0101\u0161anos vai formik\u0101rija boj\u0101jumus.<\/p>","protected":false},"excerpt":{"rendered":"<p><strong>Izm\u0113ri:<\/strong> 39 x 28 cm \/ Eiro kontaktdak\u0161a 230 voltiem<\/p>","protected":false},"featured_media":6619,"comment_status":"open","ping_status":"closed","template":"","meta":{"_acf_changed":false,"content-type":"","_monsterinsights_skip_tracking":false,"_monsterinsights_sitenote_active":false,"_monsterinsights_sitenote_note":"","_monsterinsights_sitenote_category":0},"product_brand":[],"product_cat":[359,119],"product_tag":[],"class_list":{"0":"post-6560","1":"product","2":"type-product","3":"status-publish","4":"has-post-thumbnail","6":"product_cat-light-heat-humidity","7":"product_cat-formicarium-components","9":"first","10":"instock","11":"taxable","12":"shipping-taxable","13":"purchasable","14":"product-type-simple"},"acf":[],"aioseo_notices":[],"jetpack_sharing_enabled":true,"_links":{"self":[{"href":"https:\/\/antcube.shop\/lv\/wp-json\/wp\/v2\/product\/6560","targetHints":{"allow":["GET"]}}],"collection":[{"href":"https:\/\/antcube.shop\/lv\/wp-json\/wp\/v2\/product"}],"about":[{"href":"https:\/\/antcube.shop\/lv\/wp-json\/wp\/v2\/types\/product"}],"replies":[{"embeddable":true,"href":"https:\/\/antcube.shop\/lv\/wp-json\/wp\/v2\/comments?post=6560"}],"wp:featuredmedia":[{"embeddable":true,"href":"https:\/\/antcube.shop\/lv\/wp-json\/wp\/v2\/media\/6619"}],"wp:attachment":[{"href":"https:\/\/antcube.shop\/lv\/wp-json\/wp\/v2\/media?parent=6560"}],"wp:term":[{"taxonomy":"product_brand","embeddable":true,"href":"https:\/\/antcube.shop\/lv\/wp-json\/wp\/v2\/product_brand?post=6560"},{"taxonomy":"product_cat","embeddable":true,"href":"https:\/\/antcube.shop\/lv\/wp-json\/wp\/v2\/product_cat?post=6560"},{"taxonomy":"product_tag","embeddable":true,"href":"https:\/\/antcube.shop\/lv\/wp-json\/wp\/v2\/product_tag?post=6560"}],"curies":[{"name":"wp","href":"https:\/\/api.w.org\/{rel}","templated":true}]}}