{"id":6556,"date":"2023-12-04T11:33:04","date_gmt":"2023-12-04T10:33:04","guid":{"rendered":"https:\/\/antcube.shop\/product\/led-sun-klein-5w-63940\/"},"modified":"2026-03-10T10:32:09","modified_gmt":"2026-03-10T09:32:09","slug":"rezultata-saule-mazs-5w-63940","status":"publish","type":"product","link":"https:\/\/antcube.shop\/lv\/products\/rezultata-saule-mazs-5w-63940\/","title":{"rendered":"LED Sun small 5W - 63940"},"content":{"rendered":"<p><strong>Tehnisk\u0101s specifik\u0101cijas: <\/strong><\/p>\n<p>Jauda: 5 W<\/p>\n<p>Spriegums: 230 V<\/p>\n<p>Kontaktligzda: E27<\/p>\n<p>Gaismas kr\u0101sa: balta<\/p>\n<p>LED: 20<\/p>\n<p><strong>Apraksts:<\/strong> Ide\u0101li piem\u0113rots vis\u0101m skudru sug\u0101m. Dienas gaismai l\u012bdz\u012bgs spektrs ar labu formik\u0101rija apgaismojumu. Nav nev\u0113lamas siltuma emisijas, \u013coti energoefekt\u012bvs.<\/p>","protected":false},"excerpt":{"rendered":"<p>Jauda: 2 W Spriegums: 230 V E27 ligzdai<\/p>","protected":false},"featured_media":6617,"comment_status":"open","ping_status":"closed","template":"","meta":{"_acf_changed":false,"content-type":"","_monsterinsights_skip_tracking":false,"_monsterinsights_sitenote_active":false,"_monsterinsights_sitenote_note":"","_monsterinsights_sitenote_category":0},"product_brand":[],"product_cat":[359,119],"product_tag":[],"class_list":{"0":"post-6556","1":"product","2":"type-product","3":"status-publish","4":"has-post-thumbnail","6":"product_cat-light-heat-humidity","7":"product_cat-formicarium-components","9":"first","10":"outofstock","11":"taxable","12":"shipping-taxable","13":"purchasable","14":"product-type-simple"},"acf":[],"aioseo_notices":[],"jetpack_sharing_enabled":true,"_links":{"self":[{"href":"https:\/\/antcube.shop\/lv\/wp-json\/wp\/v2\/product\/6556","targetHints":{"allow":["GET"]}}],"collection":[{"href":"https:\/\/antcube.shop\/lv\/wp-json\/wp\/v2\/product"}],"about":[{"href":"https:\/\/antcube.shop\/lv\/wp-json\/wp\/v2\/types\/product"}],"replies":[{"embeddable":true,"href":"https:\/\/antcube.shop\/lv\/wp-json\/wp\/v2\/comments?post=6556"}],"wp:featuredmedia":[{"embeddable":true,"href":"https:\/\/antcube.shop\/lv\/wp-json\/wp\/v2\/media\/6617"}],"wp:attachment":[{"href":"https:\/\/antcube.shop\/lv\/wp-json\/wp\/v2\/media?parent=6556"}],"wp:term":[{"taxonomy":"product_brand","embeddable":true,"href":"https:\/\/antcube.shop\/lv\/wp-json\/wp\/v2\/product_brand?post=6556"},{"taxonomy":"product_cat","embeddable":true,"href":"https:\/\/antcube.shop\/lv\/wp-json\/wp\/v2\/product_cat?post=6556"},{"taxonomy":"product_tag","embeddable":true,"href":"https:\/\/antcube.shop\/lv\/wp-json\/wp\/v2\/product_tag?post=6556"}],"curies":[{"name":"wp","href":"https:\/\/api.w.org\/{rel}","templated":true}]}}