{"id":6555,"date":"2023-12-04T11:27:26","date_gmt":"2023-12-04T10:27:26","guid":{"rendered":"https:\/\/antcube.shop\/product\/ameisenarena-lampenfassung-e27\/"},"modified":"2026-03-31T09:51:44","modified_gmt":"2026-03-31T07:51:44","slug":"ant-arena-lampas-ligzda-e27","status":"publish","type":"product","link":"https:\/\/antcube.shop\/lv\/products\/ant-arena-lampas-ligzda-e27\/","title":{"rendered":"Ant Arena - Lukturu ligzda - E27"},"content":{"rendered":"<p><strong>Saturs:<\/strong><br \/>\n- E27 plastmasas spuldzes tur\u0113t\u0101js ar str\u0101vas kabeli un sl\u0113dzi<br \/>\n- caursp\u012bd\u012bgs akrila gredzens stiprin\u0101\u0161anai 50 mm caurumos<\/p>\n<p><strong>Materi\u0101ls:<\/strong> ligzda (plastmasas); tur\u0113t\u0101js (plastmasas); kabelis (vara ar plastmasas apvalku); PMMA gredzens (piestiprin\u0101\u0161anai 50 mm caurumos).<\/p>\n<p><strong>Kr\u0101sa:<\/strong> gai\u0161i pel\u0113ks<\/p>\n<p><strong>Tehnisk\u0101s specifik\u0101cijas:<\/strong><br \/>\nKontaktligzdas izm\u0113ri: 4,5\u00d74,5\u00d76 cm.<br \/>\nKabe\u013ca garums: 3,5 m<br \/>\nJauda: maks. 60 W<br \/>\nKontaktligzda: E27<\/p>\n<p><strong>UZMAN\u012aBU: <\/strong>ja to izmanto kop\u0101 ar m\u016bsu hibr\u012bda p\u0101rsegiem un 5 cm platiem Arena r\u0101mjiem, \u0161is lampas tur\u0113t\u0101js neder\u0113s. Hibr\u012bda p\u0101rsegam b\u016bs nepiecie\u0161ams 3 cm plats r\u0101mis.<\/p>\n<p><strong>Apraksts:<\/strong><br \/>\nLai apgaismotu skudru novietni, \u0161o kontaktligzdu var pievienot tie\u0161i skudru novietnes v\u0101kam.<\/p>\n<p>&nbsp;<\/p>","protected":false},"excerpt":{"rendered":"<p>Saturs: - Materi\u0101ls: ligzda (plastmasa); tur\u0113t\u0101js (plastmasa); kabelis (vara ar plastmasas apvalku); PMMA gredzens (stiprin\u0101\u0161anai 50 mm caurumos) Kr\u0101sa: gai\u0161i pel\u0113ka Tehnisk\u0101s specifik\u0101cijas: Kontaktligzdas izm\u0113ri: 50 mm, 50 mm, 50 mm, 50 mm, 50 mm, 50 mm, 50 mm: Kabe\u013ca garums: 3,5 m Jauda: maks. 60 W [...]","protected":false},"featured_media":7574,"comment_status":"open","ping_status":"closed","template":"","meta":{"_acf_changed":false,"content-type":"","_monsterinsights_skip_tracking":false,"_monsterinsights_sitenote_active":false,"_monsterinsights_sitenote_note":"","_monsterinsights_sitenote_category":0},"product_brand":[],"product_cat":[359,119],"product_tag":[],"class_list":{"0":"post-6555","1":"product","2":"type-product","3":"status-publish","4":"has-post-thumbnail","6":"product_cat-light-heat-humidity","7":"product_cat-formicarium-components","9":"first","10":"instock","11":"taxable","12":"shipping-taxable","13":"purchasable","14":"product-type-simple"},"acf":[],"aioseo_notices":[],"jetpack_sharing_enabled":true,"_links":{"self":[{"href":"https:\/\/antcube.shop\/lv\/wp-json\/wp\/v2\/product\/6555","targetHints":{"allow":["GET"]}}],"collection":[{"href":"https:\/\/antcube.shop\/lv\/wp-json\/wp\/v2\/product"}],"about":[{"href":"https:\/\/antcube.shop\/lv\/wp-json\/wp\/v2\/types\/product"}],"replies":[{"embeddable":true,"href":"https:\/\/antcube.shop\/lv\/wp-json\/wp\/v2\/comments?post=6555"}],"wp:featuredmedia":[{"embeddable":true,"href":"https:\/\/antcube.shop\/lv\/wp-json\/wp\/v2\/media\/7574"}],"wp:attachment":[{"href":"https:\/\/antcube.shop\/lv\/wp-json\/wp\/v2\/media?parent=6555"}],"wp:term":[{"taxonomy":"product_brand","embeddable":true,"href":"https:\/\/antcube.shop\/lv\/wp-json\/wp\/v2\/product_brand?post=6555"},{"taxonomy":"product_cat","embeddable":true,"href":"https:\/\/antcube.shop\/lv\/wp-json\/wp\/v2\/product_cat?post=6555"},{"taxonomy":"product_tag","embeddable":true,"href":"https:\/\/antcube.shop\/lv\/wp-json\/wp\/v2\/product_tag?post=6555"}],"curies":[{"name":"wp","href":"https:\/\/api.w.org\/{rel}","templated":true}]}}