{"id":6377,"date":"2023-10-06T18:09:26","date_gmt":"2023-10-06T16:09:26","guid":{"rendered":"https:\/\/antcube.shop\/product\/bundle-offer-polyrhachis-dives\/"},"modified":"2026-04-20T09:58:26","modified_gmt":"2026-04-20T07:58:26","slug":"bundle-offer-polyrhachis-dives","status":"publish","type":"product","link":"https:\/\/antcube.shop\/lv\/products\/bundle-offer-polyrhachis-dives\/","title":{"rendered":"Komplekta pied\u0101v\u0101jums - Polyrhachis nir\u0161ana"},"content":{"rendered":"<p dir=\"ltr\"><span data-text-color=\"alert\"><strong><span data-text-color=\"secondary\">Komplekt\u0101 ietilpst Polyrhachis nirsto\u0161o skudru kolonija (karaliene ar 26-50 str\u0101dniekiem + mazu\u013ci), s\u0101kumkomplekts skudrul\u012bt\u0113m ar 1x formik\u0101rija pamatni, 1x dekorat\u012bvs kr\u016bms un 1x ligzdas bumba k\u0101 ligzdas vieta un 1x magn\u0113tiska platforma \u0113rt\u0101kai baro\u0161anai.<\/span><br \/>\n<\/strong><\/span><\/p>\n<p><span data-text-color=\"alert\"><strong>Tikai l\u012bdz kr\u0101jumu beig\u0101m.<\/strong><\/span><\/p>\n<p><strong>Viss, kas nepiecie\u0161ams Polyrhachis nir\u0161anas skudru kolonijai<\/strong><br \/>\n\u0160aj\u0101 komplekt\u0101 ir viss nepiecie\u0161amais, lai veiksm\u012bgi izveidotu Polyrhachis nir\u0113ju koloniju pirmajos m\u0113ne\u0161os. Tas ir elast\u012bgi papla\u0161in\u0101ms un \u012bpa\u0161i piem\u0113rots ies\u0101c\u0113jiem skudru audz\u0113\u0161an\u0101.<\/p>\n<p><strong>Skudru suga Polyrhachis nirst:<\/strong><br \/>\nPolyrhachis dives n\u0101k no \u0100zijas un Austr\u0101lijas, un t\u0101 izplat\u012bbas are\u0101ls ir nedaudz liel\u0101ks. \u0160ai sugai rakstur\u012bgs sudraba l\u012bdz zeltains kr\u0101sojums uz cit\u0101di melnbr\u016bn\u0101 dz\u012bvnieku \u0137erme\u0146a. T\u0101s ir nedaudz maz\u0101kas nek\u0101 Oecophylla, bie\u017ei dz\u012bvo tuvu zemei un labpr\u0101t b\u016bv\u0113 ligzdas uz akme\u0146iem vai koku mizas. T\u0101s izmanto savus k\u0101purus ligzdas v\u0113rp\u0161anai, ta\u010du no zin\u0101tnisk\u0101 viedok\u013ca t\u0101s nepieder pie \"\u012bstaj\u0101m aud\u0113j\u0101m skudr\u0101m\" k\u0101 Oecophylla, lai gan b\u016bt\u012bb\u0101 izmanto gandr\u012bz t\u0101du pa\u0161u au\u0161anas tehniku. Polyrhachis \u0123ints sug\u0101m da\u017ek\u0101rt ir pavisam nelielas kolonijas, kur\u0101s ir ne vair\u0101k k\u0101 da\u017ei t\u016bksto\u0161i \u012bpat\u0146u. Saska\u0146\u0101 ar zi\u0146\u0101m Polyrhachis nirnes ide\u0101los apst\u0101k\u013cos var veidot kolonijas pat ar vair\u0101kiem simtiem m\u0101t\u012b\u0161u un l\u012bdz pat vair\u0101kiem simtiem t\u016bksto\u0161u str\u0101dnie\u010du. Tom\u0113r, ja t\u0101s tiek tur\u0113tas m\u0101j\u0101s, tas t\u0101 neb\u016bs.<\/p>\n<p>Polyrhachis dives ir polig\u012bnisks dzimtas, kas noz\u012bm\u0113, ka tam var b\u016bt vair\u0101kas m\u0101tes vienlaic\u012bgi. Tas noz\u012bm\u0113, ka kolonijas lielums var augt \u013coti \u0101tri, un tai ir nepiecie\u0161ams daudz bar\u012bbas un vietas. T\u0101p\u0113c ar\u012b formik\u0101rijam j\u0101b\u016bt papla\u0161in\u0101mam. \u0145emot v\u0113r\u0101 kolonijas lielumu, t\u0101s ir diezgan veiklas un \u012bstas b\u0113g\u0161anas speci\u0101listes. T\u0101p\u0113c ir j\u0101par\u016bp\u0113jas, lai nodro\u0161in\u0101tu labu aizsardz\u012bbu pret izb\u0113g\u0161anu.<\/p>\n<p><strong>Ligzda Polyrhachis nir\u0161anai<\/strong><br \/>\nFormikarij\u0101 Polyrhachis dives pie\u0146ems gandr\u012bz jebkuru celtniec\u012bbas materi\u0101lu, ko tam pied\u0101v\u0101siet. No smilt\u012bm, s\u012bku dz\u012bvnieku pakai\u0161iem vai lap\u0101m l\u012bdz kor\u0137im un koka gabali\u0146iem un maziem akmenti\u0146iem - t\u0101s sav\u0101s ligzd\u0101s ieau\u017e visu, ko sniedz daba ap vi\u0146u m\u0101jvietu. M\u0113s jau daudzus gadus savas polirahu (Polyrhachis) kolonijas turam ar t\u0101 sauktaj\u0101m ligzdu bumb\u0101m. \u0160aj\u0101 komplekt\u0101 esam iek\u013c\u0101vu\u0161i ar\u012b dekorat\u012bvu kr\u016bmu, lai ligzdas bumbu var\u0113tu novietot nedaudz virs zemes, k\u0101 tas parasti notiek dab\u0101.<\/p>\n<p><strong>P\u0101rtika Polyrhachis nir\u0161anai<\/strong><br \/>\n\u0160aj\u0101 komplekt\u0101 esam iek\u013c\u0101vu\u0161i veselus blan\u0161\u0113tus cvir\u0137us un medusrasu. Abus \u0161os produktus Polyrhachis dives \u013coti labi uz\u0146em un, pateicoties tajos eso\u0161aj\u0101m bar\u012bbas viel\u0101m, tie veicina dabisku un pozit\u012bvu kolonijas att\u012bst\u012bbu.<\/p>\n<p><strong>Optim\u0101lie klimatiskie apst\u0101k\u013ci Polyrhachis nir\u0161anai ir \u0161\u0101di:<\/strong><br \/>\nMitrums:<br \/>\nAr\u0113na: 50 - 70% Ligzdas plat\u012bba: 60 - 80%<br \/>\nTemperat\u016bra:<br \/>\nAr\u0113na: Dien\u0101: 28 - 30\u00b0C Nakt\u012b: 24 - 28\u00b0C Ligzdas zona: 28- 30\u00b0C<\/p>\n<p><strong>Saturs:<\/strong><\/p>\n<p>1x Polyrhachis dives (2 queens + 26-50 workers + brood)<br \/>\n1x ligzdas bumbi\u0146a dab\u012bga 10 cm - rupja<br \/>\n1x ANTCUBE st\u016bra platforma 8\u00d78 - magn\u0113ts<br \/>\n1x Dekorat\u012bvs tuksne\u0161a kr\u016bms 30x15cm - tum\u0161i br\u016bns<br \/>\n1x medus rasas mais\u012bjuma uzpildes iepakojums 10ml<br \/>\n1x Cricket Jam 25g<br \/>\n1x Formik\u0101rija pamatne 20\u00d720<\/p>\n<p>1x ANTCUBE - ar\u0113na 20x20x40 - augsta<br \/>\n1x skudru ar\u0113nas r\u0101mis 20\u00d720<br \/>\n1x skudru ar\u0113nas v\u0101ks 20\u00d720<br \/>\n4x ar\u0113nas v\u0101ka stiprin\u0101juma punkts<\/p>\n<p>1x substr\u0101ts - lietus me\u017es - 1 kg<br \/>\n1x foto aizmugures siena - lietus me\u017es - 20\u00d740 - augsta<br \/>\n0,5 litru smidzin\u0101t\u0101ja pudele - misi\u0146a uzgalis<\/p>\n<p>2x Grid insert acrylic &#8211; 50 mm with sealing ring<br \/>\n2x Grid insert acrylic &#8211; 27 mm with sealing ring<\/p>\n<p>1x atsperu t\u0113rauda pincete plata - m\u012bksta<br \/>\n1x plastmasas pincete standarta<br \/>\n1x Plastmasas pipete 3ml<br \/>\n1x Aizsardz\u012bbas e\u013c\u013ca pret skudru uzliesmojumiem 10ml<br \/>\n1x drinking clear 5ml &#8211; sponge<br \/>\n1x Feeding dish white rectangle &#8211; 3 compartments<br \/>\n1x Drinking trough 2ml &#8211; 360 Degrees<br \/>\n1x Rokas palielin\u0101mais stikls - 2x - 30 mm<br \/>\n1x putu t\u012br\u012bt\u0101js 150x18x2,5mm<\/p>\n<p>&nbsp;<\/p>\n<p><strong>Apraksts Starta komplekts skudras:<\/strong><br \/>\n\u0160is papla\u0161in\u0101mais starta komplekts da\u017e\u0101d\u0101m skudru sug\u0101m, piem\u0113ram, Polyrhachis spec. vai Oecophylla spec., ietver ne tikai optim\u0101li piel\u0101gotu formik\u0101riju, bet ar\u012b atbilsto\u0161us piederumus \u0161o skudru sugu audz\u0113\u0161anai. Piem\u0113rots kolonij\u0101m l\u012bdz aptuveni 500-1000 dz\u012bvnieku. Liel\u0101k\u0101m kolonij\u0101m m\u0113s iesak\u0101m 30x30x60 cm formik\u0101riju. \"Caursp\u012bd\u012bgais 20 ml - s\u016bk\u013ca\" dzirdin\u0101t\u0101js ir paredz\u0113ts \u016bdenim, \"2 ml - 360 gr\u0101du\" dzirdin\u0101t\u0101js - medusrasas mais\u012bjumam.<\/p>\n<p><strong>Svar\u012bgi:<\/strong> Pirms lieto\u0161anas samitriniet tuksne\u0161a substr\u0101tu, lai mais\u012bjums var\u0113tu savienoties un nostiprin\u0101ties skudru ferm\u0101. Turkl\u0101t, ja substr\u0101ts ir sauss un putek\u013cains, skudr\u0101m var aizsprostoties elpo\u0161anas ce\u013ci un slikt\u0101kaj\u0101 gad\u012bjum\u0101 dz\u012bvnieki var aizdusa.<\/p>\n<p><strong>Piez\u012bmes par ra\u017eo\u0161anu<\/strong><br \/>\nStikls tiek sagriezts atbilsto\u0161i izm\u0113ram saska\u0146\u0101 ar DIN 1249 ar pielaidi +\/- 1 mm. \u012apa\u0161i maz\u0101m skudru sug\u0101m ir nepiecie\u0161ama papildu aizsardz\u012bba pret izlau\u0161anos.<\/p>\n<p><strong>Piez\u012bme par blan\u0161\u0113tajiem c\u012brul\u012b\u0161iem:<\/strong><br \/>\nM\u016bsu blan\u0161\u0113tie cvingri ir vienk\u0101r\u0161s veids, k\u0101 nodro\u0161in\u0101t skudras ar svaigi konserv\u0113tu prote\u012bnu bar\u012bbu, nebarojot dz\u012bvus kukai\u0146us. Sast\u0101v\u0101 eso\u0161ie c\u012brusi (Acheta domesticus) ir saudz\u012bgi blan\u0161\u0113ti, lai nodro\u0161in\u0101tu uzturv\u0113rt\u012bbas, gar\u0161as un arom\u0101ta saglab\u0101\u0161anu. Turkl\u0101t \u0161\u0101d\u0101 veid\u0101 tiek m\u012bkstin\u0101ts kukai\u0146u hit\u012bna apvalks, lai tas b\u016btu viegl\u0101k sagremojams. Kolag\u0113na olbaltumvielu saites tiek sa\u0161\u0137eltas, lai skudras var\u0113tu t\u0101s lab\u0101k izmantot. Konserv\u0113tu Acheta domesticus konservu uzturv\u0113rt\u012bba ir t\u0101da pati k\u0101 dz\u012bviem c\u012brul\u012b\u0161iem, bet tie ir viegl\u0101k sagremojami.<\/p>\n<p>Blan\u0161\u0113tie cvingri nav piem\u0113roti t\u0101du skudru sugu med\u012bb\u0101m, kur\u0101m nepiecie\u0161ama dz\u012bva bar\u012bba (piem\u0113ram, poner\u012bni (liel\u0101s skudras), piem\u0113ram, Harpegnathos vai Odontomachus).<\/p>\n<p>Papildu priek\u0161roc\u012bbas:<br \/>\nGarant\u0113ti bez \u0113rc\u0113m<br \/>\nVar sadal\u012bt porcij\u0101s<br \/>\nSteriliz\u0113ts un vakuum\u0113ts<br \/>\nBez piedev\u0101m<br \/>\nVitikul\u012b\u0161i, kas ieg\u016bti ilgtsp\u0113j\u012bg\u0101, t\u012bri biolo\u0123isk\u0101 audz\u0113\u0161an\u0101 un baroti ar biolo\u0123iskiem atkritumiem.<\/p>\n<p><strong>L\u016bdzu, \u0146emiet v\u0113r\u0101:<\/strong><br \/>\nP\u0113c atv\u0113r\u0161anas var uzglab\u0101t ledusskap\u012b apm\u0113ram \u010detras dienas. Ilg\u0101ks der\u012bguma termi\u0146\u0161, ja sasald\u0113.<\/p>\n<p><strong>Piez\u012bme par medusrasu:<\/strong><br \/>\nSaturs: 10 ml<br \/>\nTas ir dab\u012bgs produkts, ko p\u0113c pla\u0161iem testiem laboratorij\u0101 esam pilnveidoju\u0161i un izveidoju\u0161i par bar\u012bbu, ko skudras \u013coti labi pie\u0146em. Iemesls ir t\u0101ds, ka neapstr\u0101d\u0101tu medus rasas medu t\u0101 koncentr\u0113taj\u0101 s\u0101kotn\u0113j\u0101 form\u0101 skudras un to vielmai\u0146a slikti pie\u0146em.<br \/>\nM\u016bsu medus rasa tika iev\u0101kta Bulg\u0101rijas nepies\u0101r\u0146otajos savva\u013cas kalnu me\u017eos. Medus rasas veido\u0161an\u0101s laiks ir \u013coti ierobe\u017eots - aptuveni divi m\u0113ne\u0161i vasar\u0101. T\u0101p\u0113c tas ir \u013coti reti sastopams. Me\u017eu augsnes un klimata \u012bpatn\u012bbu d\u0113\u013c svar\u012bg\u0101k\u0101s bar\u012bbas vielas uzkr\u0101jas koku lap\u0101s, ko absorb\u0113 medusrasa. T\u0101p\u0113c \u0161is medusrasas mais\u012bjums ir tik \u013coti v\u0113lams skudr\u0101m.<\/p>\n<p><strong>Pieteikums:<\/strong><br \/>\nP\u0101rtikas daudzums j\u0101pat\u0113r\u0113 apm\u0113ram 3 dienu laik\u0101.<\/p>\n<p><strong>Apraksts:<\/strong><br \/>\nMedusrasu at\u0161\u0137ir\u012bb\u0101 no ziedu medus ieg\u016bst no to kukai\u0146u izdal\u012bjumiem, kas s\u016bc augus, piem\u0113ram, no laput\u012bm. Medusrasa ir popul\u0101rs bar\u012bbas avots daudziem kukai\u0146iem, piem\u0113ram, skudr\u0101m, bit\u0113m un kamene\u013ciem. Bites un kamenes to laiza no da\u017e\u0101du koku lap\u0101m vai skujas. Skudras, piem\u0113ram, Lasius niger, burtiski uztur laputis. T\u0101s pat aizst\u0101v t\u0101s pret pl\u0113s\u0113jiem un p\u0101rn\u0113s\u0101 uz svaigiem dzinumiem.<\/p>\n<p>Medusrasa ir \u012bpa\u0161i iecien\u012bta skudru vid\u016b, jo t\u0101s sast\u0101vda\u013cas ir nedaudz at\u0161\u0137ir\u012bgas. Galvenie medusrasas cukuri ir saharoze un fruktoze, bet maz\u0101k\u0101 daudzum\u0101 ir ar\u012b maltoze, trehalozi, melezitoze, rafinozi un citi oligosahar\u012bdi. Papildus cukuram un \u016bdenim medus rasas sast\u0101v\u0101 ir ar\u012b neaizst\u0101jam\u0101s aminosk\u0101bes, miner\u0101lvielas, mikroelementi, adenoz\u012bni, fosf\u0101ti un citas sast\u0101vda\u013cas, piem\u0113ram, vitam\u012bni.<\/p>\n<p><strong>Lieto\u0161ana:<\/strong><br \/>\nMedus\u0113d\u0101ju skudru sug\u0101m (Meliphagidae)<br \/>\n\u0160\u012b ir papildbar\u012bba<br \/>\nTo var pied\u0101v\u0101t dz\u012bvniekiem k\u0101 pieg\u0101di. T\u0101 k\u0101 mitruma ietekm\u0113 samazin\u0101s cukura koncentr\u0101cija un s\u0101kas ferment\u0101cijas process, bar\u012bba j\u0101maina ik p\u0113c 3 dien\u0101m. Pirms atk\u0101rtotas lieto\u0161anas r\u016bp\u012bgi izt\u012briet barotavu\/caurul\u012bti.<br \/>\nKad iepakojums ir atv\u0113rts, tas j\u0101glab\u0101 cie\u0161i aizv\u0113rts l\u012bdz der\u012bguma termi\u0146a beig\u0101m.<br \/>\nUzturv\u0113rt\u012bbas inform\u0101cija uz 100 g:<br \/>\naptuveni 2,7 % tauku<br \/>\nno kuriem pies\u0101tin\u0101ts aptuveni 0,45 %<br \/>\naptuveni 95 % og\u013chidr\u0101tu<br \/>\nno kuriem aptuveni 71 % ir cukurs<br \/>\naptuveni 2,85% olbaltumvielu<\/p>\n<p>miner\u0101lvielas (k\u0101lijs, kalcijs, var\u0161, dzelzs, n\u0101trijs, magnijs, fosfors, cinks un citi mikroelementi). Aminosk\u0101bes (prol\u012bns, leic\u012bns, fenilalan\u012bns, alan\u012bns, histid\u012bns, izoleic\u012bns, glutam\u012bnsk\u0101be, argin\u012bns, asparag\u012bnsk\u0101be u. c.) Organisk\u0101s sk\u0101bes Fermenti (fermenti) Aromatiz\u0113t\u0101ji Inhib\u012bni (antibakteri\u0101las vielas) Ziedi Putek\u0161\u0146i<\/p>\n<p><strong>Uzglab\u0101\u0161ana:<\/strong><br \/>\nLai nodro\u0161in\u0101tu bar\u012bbas kvalit\u0101ti, bar\u012bba j\u0101uzglab\u0101 tum\u0161\u0101 un saus\u0101 viet\u0101.<\/p>\n<p><strong>Piez\u012bme:<\/strong><br \/>\nInform\u0101cija par baro\u0161anas caurul\u012b\u0161u lieto\u0161anu ir atrodama \u0161eit: Saite .<br \/>\nPapildu bar\u012bba medus\u0113d\u012bgaj\u0101m skudr\u0101m.<br \/>\nSast\u0101vs, anal\u012btisk\u0101s sast\u0101vda\u013cas, der\u012bguma termi\u0146\u0161 un partijas numurs ir nor\u0101d\u012bts iepakojuma informat\u012bvaj\u0101 materi\u0101l\u0101.<\/p>\n<p>Inform\u0101cijas t\u0101lrunis +49 30 439703870<\/p>\n<p>Atbild\u012bg\u0101 veterin\u0101r\u0101 un p\u0101rtikas inspekcija:<br \/>\nSteglitz veterin\u0101rais birojs<br \/>\nK\u00f6nigin-Luise-Str. 92<br \/>\n14195 Berl\u012bne<\/p>\n<p><strong>Apraksts Dekorat\u012bvie kr\u016bmi<\/strong><\/p>\n<p>Izm\u0113rs \/ augstums 17 cm l\u012bdz 19 cm, diametrs ~ 10 cm -12 cm, ide\u0101li piem\u0113rots ar\u0113n\u0101m 30x30x30 cm un liel\u0101k\u0101m.<br \/>\nSvars sv\u0101rst\u0101s no 50 l\u012bdz 80 gramiem.<\/p>\n<p>Dekorat\u012bvs priek\u0161mets, kas sast\u0101v no dabiski kalt\u0113ta koka kr\u016bma un sint\u0113tisko sve\u0137u pamatnes (pamatnes pl\u0101ksnes).<br \/>\n\u0160is dekorat\u012bvais kr\u016bms ir ar rok\u0101m darin\u0101ts V\u0101cij\u0101, t\u0101p\u0113c to raksturo ilgtsp\u0113ja.<\/p>\n<p><strong>UZMAN\u012aBU:<\/strong> L\u016bdzu, nenovietojiet \u013coti mitr\u0101 formik\u0101rij\u0101 (vair\u0101k nek\u0101 60% mitruma). Kr\u016bms var s\u0101kt pel\u0113t. Ar \u013coti labu ventil\u0101ciju kr\u016bmu var novietot ar\u012b mitr\u0101kos formik\u0101ros.<\/p>\n<p>Da\u017ei dekorat\u012bvie kr\u016bmi to augstuma d\u0113\u013c pa\u0161i par sevi formik\u0101rij\u0101 nest\u0101v. \u0160\u0101d\u0101 gad\u012bjum\u0101 pal\u012bdz nedaudz apkl\u0101t pamatni ar substr\u0101tu vai novietot produktu tuvu pie \u0101r\u0113jiem stikliem.<\/p>\n<p><span data-text-color=\"alert\"><strong>SVAR\u012aGA PIEZ\u012aME PAR RAKSTU:<\/strong><\/span><br \/>\nT\u0101 k\u0101 \u0161is ir dabisks produkts \/ unik\u0101ls izstr\u0101d\u0101jums, \u0161eit redzam\u0101s ilustr\u0101cijas nav piln\u012bb\u0101 identiskas sa\u0146emtajam izstr\u0101d\u0101jumam. Iesp\u0113jamas novirzes mini koka un karjera sl\u0101nek\u013ca pamatpl\u0101ksnes izm\u0113r\u0101, form\u0101 un kr\u0101s\u0101. M\u0113s garant\u0113jam tikai izstr\u0101d\u0101juma maksim\u0101lo augstumu.<\/p>\n<p>Pas\u016btot \u0161o preci, j\u016bs piekr\u012btat un piekr\u012btat iepriek\u0161 min\u0113taj\u0101m iesp\u0113jam\u0101m preces izm\u0113ra, formas un kr\u0101sas novirz\u0113m pirkuma br\u012bd\u012b.<\/p>","protected":false},"excerpt":{"rendered":"<p>Komplekt\u0101 ir 31 da\u013ca.<br \/>\nIzm\u0113rs: <strong>XL<\/strong><\/p>","protected":false},"featured_media":7116,"comment_status":"open","ping_status":"closed","template":"","meta":{"_acf_changed":false,"content-type":"","_monsterinsights_skip_tracking":false,"_monsterinsights_sitenote_active":false,"_monsterinsights_sitenote_note":"","_monsterinsights_sitenote_category":0},"product_brand":[],"product_cat":[355,354,73],"product_tag":[],"class_list":{"0":"post-6377","1":"product","2":"type-product","3":"status-publish","4":"has-post-thumbnail","6":"product_cat-bundle-offers","7":"product_cat-starter-sets-for-weaver-ants","8":"product_cat-starter-sets","10":"first","11":"instock","12":"taxable","13":"shipping-taxable","14":"purchasable","15":"product-type-simple"},"acf":[],"aioseo_notices":[],"jetpack_sharing_enabled":true,"_links":{"self":[{"href":"https:\/\/antcube.shop\/lv\/wp-json\/wp\/v2\/product\/6377","targetHints":{"allow":["GET"]}}],"collection":[{"href":"https:\/\/antcube.shop\/lv\/wp-json\/wp\/v2\/product"}],"about":[{"href":"https:\/\/antcube.shop\/lv\/wp-json\/wp\/v2\/types\/product"}],"replies":[{"embeddable":true,"href":"https:\/\/antcube.shop\/lv\/wp-json\/wp\/v2\/comments?post=6377"}],"wp:featuredmedia":[{"embeddable":true,"href":"https:\/\/antcube.shop\/lv\/wp-json\/wp\/v2\/media\/7116"}],"wp:attachment":[{"href":"https:\/\/antcube.shop\/lv\/wp-json\/wp\/v2\/media?parent=6377"}],"wp:term":[{"taxonomy":"product_brand","embeddable":true,"href":"https:\/\/antcube.shop\/lv\/wp-json\/wp\/v2\/product_brand?post=6377"},{"taxonomy":"product_cat","embeddable":true,"href":"https:\/\/antcube.shop\/lv\/wp-json\/wp\/v2\/product_cat?post=6377"},{"taxonomy":"product_tag","embeddable":true,"href":"https:\/\/antcube.shop\/lv\/wp-json\/wp\/v2\/product_tag?post=6377"}],"curies":[{"name":"wp","href":"https:\/\/api.w.org\/{rel}","templated":true}]}}