{"id":5935,"date":"2023-06-24T12:30:33","date_gmt":"2023-06-24T10:30:33","guid":{"rendered":"https:\/\/antcube.shop\/product\/bundle-offer-messor-angularis\/"},"modified":"2025-10-19T06:01:04","modified_gmt":"2025-10-19T04:01:04","slug":"saiska-piedavajums-messor-angularis","status":"publish","type":"product","link":"https:\/\/antcube.shop\/lv\/products\/saiska-piedavajums-messor-angularis\/","title":{"rendered":"Komplekta pied\u0101v\u0101jums - Messor arenarius"},"content":{"rendered":"<div class=\"tab-body active\">\n<p><span data-text-color=\"secondary\"><strong>Komplekt\u0101 ietilpst Messor arenarius skudru kolonija (karaliene + 5-10 str\u0101dnieces + mazu\u013ci), starta komplekts skudr\u0101m L Popcorn ar 3x formik\u0101rija spilventi\u0146iem un burka ar m\u016bsu \u012bpa\u0161ajiem blan\u0161\u0113tajiem c\u012brul\u012b\u0161iem (mitrs prote\u012bns).<\/strong><\/span><\/p>\n<p><span data-text-color=\"alert\"><strong>Tikai l\u012bdz kr\u0101jumu beig\u0101m.<\/strong><\/span><\/p>\n<p><strong>Viss, kas nepiecie\u0161ams, lai veiksm\u012bgi uztur\u0113tu Messor arenarius<\/strong><br \/>\n\u0160aj\u0101 komplekt\u0101 ir viss nepiecie\u0161amais, lai pirmos m\u0113ne\u0161us veiksm\u012bgi uztur\u0113tu Messor arenarius koloniju. To var elast\u012bgi papla\u0161in\u0101t, un tas ir ide\u0101li piem\u0113rots skudru audz\u0113\u0161anas uzs\u0101k\u0161anai.<\/p>\n<p><strong>Skudru sugas: Messor arenarius<\/strong><br \/>\nMessor arenarius, kas paz\u012bstams ar\u012b k\u0101 \"k\u0101pu rac\u0113js\", sal\u012bdzin\u0101jum\u0101 ar cit\u0101m Messor sug\u0101m ir \u013coti liela, graud\u0113d\u0101ja skudru suga, un t\u0101 galvenok\u0101rt sastopama sausos un siltos Zieme\u013c\u0101frikas re\u0123ionos. To liel\u0101k\u0101s str\u0101dnieces var sasniegt p\u0101rsteidzo\u0161u izm\u0113ru - 18 mm. T\u0101 ir paz\u012bstama ar savu sp\u0113ju piel\u0101goties sausiem biotopiem un pieder pie t\u0101 sauktaj\u0101m kombainu skudr\u0101m, kas ir paz\u012bstamas ar savu interesanto dz\u012bvesveidu un iespaid\u012bgaj\u0101m ligzdu konstrukcij\u0101m.<\/p>\n<p>Vizu\u0101li Messor arenarius izce\u013cas ar savu sp\u012bd\u012bgi melno \u0137ermeni un sp\u0113c\u012bgi uzb\u016bv\u0113taj\u0101m lielaj\u0101m skudr\u0101m str\u0101dniec\u0113m, kas ir \u012bpa\u0161i iespaid\u012bgas. Pateicoties t\u0101s iztur\u012bgajam raksturam un vienk\u0101r\u0161aj\u0101m tur\u0113\u0161anas pras\u012bb\u0101m, t\u0101 ir ide\u0101la suga ies\u0101c\u0113jiem, bet iespaid\u012bg\u0101 izm\u0113ra d\u0113\u013c t\u0101 ir interesanta ar\u012b pieredz\u0113ju\u0161iem skudru tur\u0113t\u0101jiem.<\/p>\n<p><strong>P\u0101rtika Messor arenarius<\/strong><br \/>\nMessor arenarius galvenok\u0101rt barojas ar graudiem, kurus izmanto t\u0101 saukt\u0101s \"skudru maizes\" gatavo\u0161anai. Turkl\u0101t kolonija pie\u0146em ar\u012b saldus aug\u013cus, s\u012bkus kukai\u0146us un prote\u012bnu bar\u012bbu. Liel\u0101ko da\u013cu vajadz\u012bg\u0101 mitruma sedz graudi, bet p\u0101r\u0113jo nodro\u0161ina kukai\u0146i un visi pied\u0101v\u0101tie \u0161\u0137idrumi, piem\u0113ram, medus \u016bdens.<\/p>\n<p><strong>Formik\u0101rij\u0101 j\u0101nodro\u0161ina \u0161\u0101da bar\u012bba:<\/strong><br \/>\nGraudu mais\u012bjumi<br \/>\nMazie kukai\u0146i (piem\u0113ram, aug\u013cu mu\u0161as)<br \/>\nVienm\u0113r nodro\u0161iniet svaigu \u016bdeni<br \/>\nMedus \u016bdens, ja nepiecie\u0161ams (piez\u012bme: vienm\u0113r p\u0101rkl\u0101jiet atkl\u0101tos \u0161\u0137idrumus, lai nov\u0113rstu skudru iekri\u0161anu).<\/p>\n<p><strong>Pareizais formik\u0101rijs Messor arenarius<\/strong><br \/>\nT\u0101pat k\u0101 vis\u0101m skudr\u0101m, ar\u012b Messor arenarius nepiecie\u0161ama ligzda, kur\u0101 ir gan sausas, gan nedaudz mitras vietas. Mitr\u0101 zona ir paredz\u0113ta mazu\u013cu kop\u0161anai, bet saus\u0101 da\u013ca ir ide\u0101li piem\u0113rota graudu uzglab\u0101\u0161anai, lai nov\u0113rstu pel\u0113juma veido\u0161anos. T\u0101p\u0113c m\u016bsu starta komplekt\u0101 ir divas skudru fermas (ligzdas), ar kur\u0101m pietiek pirmajiem 1-2 gadiem. P\u0113c tam formik\u0101rijs ir j\u0101papla\u0161ina, lai rad\u012btu vietu kolonijas aug\u0161anai.<\/p>\n<p><strong>Optim\u0101lie klimatiskie apst\u0101k\u013ci Messor arenarius:<\/strong><br \/>\n<strong>Mitrums:<\/strong><br \/>\nAr\u0113na: 30-50 %<br \/>\nLigzdas plat\u012bba: 50-70 %<\/p>\n<p><strong>Temperat\u016bra:<\/strong><br \/>\nAr\u0113na: 25-30 \u00b0C<br \/>\nLigzdas plat\u012bba: 22-28 \u00b0C<\/p>\n<p><strong>Messor arenarius ligzdo\u0161anas materi\u0101ls<\/strong><br \/>\nDigfix ir \u012bpa\u0161i piem\u0113rots Messor arenarius tur\u0113\u0161anai. Tas ir notur\u012bgs pret mitrumu un \u013cauj labi p\u0101rredz\u0113t ligzdas strukt\u016bras, neaizkav\u0113ot skatu, k\u0101 tas ir smil\u0161u un m\u0101la mais\u012bjumu gad\u012bjum\u0101, un nesatur substr\u0101ta atliekas.<\/p>\n<p>T\u0101 k\u0101 majori laika gait\u0101 var grauzt ar\u012b ciet\u0101kus materi\u0101lus, piem\u0113ram, Ytong, m\u0113s iesak\u0101m izmantot stikla ligzdas ar Digfix ieliktni. \u0160\u012b kombin\u0101cija nodro\u0161ina ne tikai ilgm\u016b\u017e\u012bbu, bet ar\u012b optim\u0101lus apst\u0101k\u013cus kolonijas nov\u0113ro\u0161anai un kop\u0161anai.<\/p>\n<p>Ar \u0161o komplektu j\u016bs izveidojat ide\u0101lu pamatu Messor arenarius tur\u0113\u0161anai un varat nov\u0113rot un r\u016bp\u0113ties par \u0161\u012bm aizraujo\u0161aj\u0101m skudr\u0101m daudzus gadus uz priek\u0161u.<\/p>\n<p><strong>Saturs:<\/strong><br \/>\n1x Messor arenarius (m\u0101t\u012bte + 1-4 str\u0101dnieki + mazu\u013ci)<br \/>\n1x blan\u0161\u0113ti cricket 10g<br \/>\n1x graudu p\u0101rtika minor 100g<br \/>\n1x formik\u0101rija spilventi\u0146\u0161 - 20x20cm<br \/>\n2x formik\u0101rija spilventi\u0146\u0161 - 20x6cm<\/p>\n<p>1x ANTCUBE - ar\u0113na 20x20x10 - plakana<br \/>\n1x skudru ar\u0113nas r\u0101mis 20\u00d720<br \/>\n1x skudru ar\u0113nas v\u0101ks 20\u00d720<br \/>\n1x ar\u0113nas v\u0101ka stiprin\u0101juma punkti 4 gab.<br \/>\n2x ANTCUBE - skudru ferma - L - 20\u00d720 - vertik\u0101l\u0101 st\u0101vokl\u012b<\/p>\n<p>2x ANTCUBE - Digfix Terra nidum 20\u00d720 - L - b\u0113\u0161s<br \/>\n1x Popkorna ligzda 20\u00d720 - L<br \/>\n1x 1 m caursp\u012bd\u012bga caurule 20\/16 mm<br \/>\n2x ANTCUBE - Sarkana folija 20\u00d720 - filtrs<br \/>\n2x pa\u0161l\u012bm\u0113jo\u0161i klip\u0161i - caursp\u012bd\u012bgi 2 gab.<br \/>\n1x substr\u0101ts - tuksnesis - 1 kg<\/p>\n<p>2x re\u017e\u0123a ieliktnis - 50 mm - ner\u016bs\u0113jo\u0161ais t\u0113rauds<br \/>\n1x re\u017e\u0123a ieliktnis - 27 mm - ner\u016bs\u0113jo\u0161ais t\u0113rauds<br \/>\n1x re\u017e\u0123a v\u0101ci\u0146\u0161 - 16 mm - ner\u016bs\u0113jo\u0161ais t\u0113rauds<\/p>\n<p>1x tvertnes \u0161\u013c\u016btenes savienot\u0101js 27-14,16,20 mm - caursp\u012bd\u012bgs<br \/>\n1x bar\u012bbas dozators 2ml - doz\u0113jams<br \/>\n1x dzeramais trauks caursp\u012bd\u012bgs 20ml - s\u016bklis<br \/>\n1x b\u013coda caursp\u012bd\u012bga 1\u00d720 - s\u016bklis<br \/>\nMini termohigrometrs analogais - displejs - piekaramais<br \/>\n1x E\u013c\u013ca aizsardz\u012bbai pret skudru izb\u0113g\u0161anu 10ml<br \/>\n1x Pincete atsperu t\u0113rauda - plata - m\u012bksta<br \/>\n1x Pincete plastmasas caursp\u012bd\u012bga<br \/>\n1x plastmasas pipete 3ml<br \/>\n1x rokas lupa - 2x - 30 mm<br \/>\n1x putu t\u012br\u012bt\u0101js 150x18x2,5mm<br \/>\n1x foto mugura - tuksnesis - 20\u00d710<\/p>\n<p><strong>Apraksts S\u0101kuma komplekts:<\/strong><br \/>\n\u0160is s\u0101kuma komplekts ir \u012bpa\u0161i piem\u0113rots Messor vai Pogonomyrmex \u0123ints skudru sug\u0101m, kas v\u0101c graudus. Ferma ar popkorna \u0161\u0137\u012bvi ir paredz\u0113ta s\u0113klu un skudru maizes uzglab\u0101\u0161anai, t\u0101p\u0113c tai j\u0101b\u016bt piln\u012bgi sausai, lai nov\u0113rstu to, ka skudras tur uzglab\u0101t\u0101s s\u0113klas\/graudi d\u012bgst vai sapel\u012bst.<br \/>\nOtr\u0101 saimniec\u012bba ar \"Terra nidum\" pl\u0101ksn\u012bti ir paredz\u0113ta skudru kolonijai k\u0101 ligzdo\u0161anas un vairo\u0161an\u0101s vieta. T\u0101 vienm\u0113r j\u0101uztur nedaudz mitra.<br \/>\nLai formik\u0101rija iek\u0101rto\u0161ana b\u016btu elast\u012bg\u0101ka, esam pievienoju\u0161i otru \"Terra nidum\" pl\u0101ksni, ko var izmantot popkorna ligzdas viet\u0101.<\/p>\n<p><strong>Terra nidum pl\u0101ksnes apraksts:<\/strong> Terra nidum (lat\u012b\u0146u valod\u0101 - zemes ligzda) pl\u0101ksne, kas izgatavota no materi\u0101la, kur\u0101 var rakt, ir ide\u0101li piem\u0113rota m\u016bsu skudru ferm\u0101m ANTCUBE. To var izmantot gan saus\u0101, gan mitr\u0101 veid\u0101. T\u0101 ir piem\u0113rota ar\u012b daudz\u0101m skudru sug\u0101m, \u012bpa\u0161i t\u0101m, kas ligzdo smilt\u012bs un (miru\u0161\u0101) kok\u0101. To var izmantot smil\u0161u\/m\u0101la mais\u012bjumu vai kor\u0137a ligzdu ielikt\u0146u viet\u0101. \u0160\u012bs ligzdas priek\u0161roc\u012bba ir t\u0101, ka pl\u0101ksnes mitrin\u0101\u0161anu ir viegl\u0101k kontrol\u0113t, jo skaidri redzama kr\u0101sas mai\u0146a, un pl\u0101ksnes kr\u0101sojums nodro\u0161ina superkontrastu parasti tum\u0161\u0101k\u0101m skudru sug\u0101m. Turkl\u0101t skudru fermas iek\u0161\u0113j\u0101s pl\u0101ksn\u012btes nevar nosm\u0113r\u0113ties ar substr\u0101tu, k\u0101 tas ir, piem\u0113ram, smilts\/m\u0101la mais\u012bjumu gad\u012bjum\u0101, kas \u013cauj lieliski p\u0101rredz\u0113t ligzdu. M\u016bsu ligzdu materi\u0101lam ir ar\u012b daudz ciet\u0101ka strukt\u016bra, t\u0101p\u0113c skudru izraktie tune\u013ci un kambar\u012b\u0161i nesabr\u016bk.<\/p>\n<p><strong>Popkorna ligzdas apraksts:<\/strong> \u0160\u012b popkorna ligzda ar saliekam\u0101m ej\u0101m un kamer\u0101m ir lieliski piem\u0113rota k\u0101 kl\u0113ts, piem\u0113ram, Messor skudr\u0101m, bet ar\u012b cit\u0101m graudus v\u0101co\u0161\u0101m skudru sug\u0101m. Tai ir caurums piek\u013cuvei ligzdai. Popkorna ligzda uzs\u016bc mitrumu un var izplesties, t\u0101p\u0113c t\u0101 vienm\u0113r j\u0101uztur sausa. Messor barbarus \u013coti labi pie\u0146em m\u016bsu ANTCUBE popkorna ligzdu k\u0101 graudu kr\u0101tuvi. Laika gait\u0101 skudras s\u0101k papla\u0161in\u0101t popkorna ligzdu un iz\u0113d ligzdas materi\u0101lu. T\u0101 smar\u017eo p\u0113c karameliz\u0113ta medus, t\u0101p\u0113c ir \u013coti pievilc\u012bga.<\/p>\n<p>Popkorna ligzdu dr\u012bkst izmantot tikai t\u0101d\u0101m skudru sug\u0101m, kur\u0101m ligzdas zon\u0101 nepiecie\u0161ams \u013coti maz vai nemaz mitruma.<\/p>\n<p><strong>Svar\u012bgi:<\/strong> Pirms lieto\u0161anas samitriniet tuksne\u0161a substr\u0101tu, lai mais\u012bjums var\u0113tu savienoties un nostiprin\u0101ties skudru ferm\u0101. Turkl\u0101t, ja substr\u0101ts ir sauss un putek\u013cains, skudr\u0101m var aizsprostoties elpo\u0161anas ce\u013ci un slikt\u0101kaj\u0101 gad\u012bjum\u0101 dz\u012bvnieki var aizdusa.<\/p>\n<p><strong>Ieteikums:<\/strong> M\u0113s iesak\u0101m izmantot 2 mm augstu substr\u0101ta sl\u0101ni, lai dz\u012bvnieki nevar\u0113tu ierakt ar\u0113n\u0101 un t\u0101 viet\u0101 izmantotu \u0161im nol\u016bkam paredz\u0113to fermu. M\u0113s ar\u012b iesak\u0101m, lai ligzdu materi\u0101ls ferm\u0101 (smiltis\/m\u0101ls, Digfix u. c.) b\u016btu viegli uzb\u0113rts vien\u0101 viet\u0101, lai dz\u012bvniekiem b\u016btu viegl\u0101k rakt.<\/p>\n<p><strong>Piez\u012bmes par ra\u017eo\u0161anu<\/strong><br \/>\nStikls tiek griezts saska\u0146\u0101 ar DIN 1249 ar pielaidi +\/;- 1 mm. \u012apa\u0161i maz\u0101m skudru sug\u0101m ir nepiecie\u0161ama papildu aizsardz\u012bba pret skudru izb\u0113g\u0161anu.<\/p>\n<p><strong>Piez\u012bmes par saimniec\u012bbu<\/strong><br \/>\nPievienojot vai atvienojot \u0161\u013c\u016btenes, \u0146emiet v\u0113r\u0101 \u0161\u0101dus nor\u0101d\u012bjumus:<br \/>\nJa caurul\u012bti ir \u013coti gr\u016bti ievietot savienojuma ligzd\u0101, ligzda ir viegli j\u0101noberz\u0113 ar pilienu m\u016bsu e\u013c\u013cas vai pulvera aizsardz\u012bbai pret izlau\u0161anos. P\u0113c tam \u0161\u013c\u016btene j\u0101uzstumj uz savienojuma ligzdas, veicot pagrie\u017eamas vai skr\u016bv\u0113jamas kust\u012bbas, nesasprindzinot ligzdu ar kust\u012bb\u0101m uz aug\u0161u un uz leju. Tas pats attiecas ar\u012b uz \u0161\u013c\u016bte\u0146u no\u0146em\u0161anu no saimniec\u012bbas savienojuma ligzdas. L\u016bdzu, vienk\u0101r\u0161i neno\u0146emiet to!<\/p>\n<p><strong>Piez\u012bme par Terra nidum:<\/strong> Dabisk\u0101 kr\u0101sa var b\u016bt no smil\u0161kr\u0101sas l\u012bdz gai\u0161i br\u016bnai. Kr\u0101sai nav nek\u0101das ietekmes uz kvalit\u0101ti.<br \/>\nRa\u017eo\u0161anas procesa d\u0113\u013c izm\u0113ri var at\u0161\u0137irties +\/- 1 mm.<\/p>\n<p><strong>Piez\u012bme par blan\u0161\u0113tajiem c\u012brul\u012b\u0161iem:<\/strong><br \/>\nM\u016bsu blan\u0161\u0113tie cvingri ir vienk\u0101r\u0161s veids, k\u0101 nodro\u0161in\u0101t skudras ar svaigi konserv\u0113tu prote\u012bnu bar\u012bbu, nebarojot dz\u012bvus kukai\u0146us. Sast\u0101v\u0101 eso\u0161ie c\u012brusi (Acheta domesticus) ir saudz\u012bgi blan\u0161\u0113ti, lai nodro\u0161in\u0101tu uzturv\u0113rt\u012bbas, gar\u0161as un arom\u0101ta saglab\u0101\u0161anu. Turkl\u0101t \u0161\u0101d\u0101 veid\u0101 tiek m\u012bkstin\u0101ts kukai\u0146u hit\u012bna apvalks, lai tas b\u016btu viegl\u0101k sagremojams. Kolag\u0113na olbaltumvielu saites tiek sa\u0161\u0137eltas, lai skudras var\u0113tu t\u0101s lab\u0101k izmantot. Konserv\u0113tu Acheta domesticus konservu uzturv\u0113rt\u012bba ir t\u0101da pati k\u0101 dz\u012bviem c\u012brul\u012b\u0161iem, bet tie ir viegl\u0101k sagremojami.<\/p>\n<p>Blan\u0161\u0113tie cvingri nav piem\u0113roti t\u0101du skudru sugu med\u012bb\u0101m, kur\u0101m nepiecie\u0161ama dz\u012bva bar\u012bba (piem\u0113ram, poner\u012bni (liel\u0101s skudras), piem\u0113ram, Harpegnathos vai Odontomachus).<\/p>\n<p><strong>Papildu priek\u0161roc\u012bbas:<\/strong><br \/>\nGarant\u0113ti bez \u0113rc\u0113m<br \/>\nVar sadal\u012bt porcij\u0101s<br \/>\nSteriliz\u0113ts un vakuum\u0113ts<br \/>\nBez piedev\u0101m<br \/>\nVitikul\u012b\u0161i, kas ieg\u016bti ilgtsp\u0113j\u012bg\u0101, t\u012bri biolo\u0123isk\u0101 audz\u0113\u0161an\u0101 un baroti ar biolo\u0123iskiem atkritumiem.<\/p>\n<p><strong>L\u016bdzu, \u0146emiet v\u0113r\u0101:<\/strong><br \/>\nP\u0113c atv\u0113r\u0161anas var uzglab\u0101t ledusskap\u012b apm\u0113ram \u010detras dienas. Ilg\u0101ks der\u012bguma termi\u0146\u0161, ja sasald\u0113.<\/p>\n<\/div>","protected":false},"excerpt":{"rendered":"<p>Komplekt\u0101 ietilpst Messor arenarius skudru kolonija (karaliene + 5-10 str\u0101dnieces + mazu\u013ci), starta komplekts skudr\u0101m L Popcorn ar 3x formik\u0101rija spilventi\u0146iem un burka ar m\u016bsu \u012bpa\u0161ajiem blan\u0161\u0113tajiem c\u012brul\u012b\u0161iem (mitri prote\u012bni). Tikai l\u012bdz kr\u0101jumu beig\u0101m. Viss, kas nepiecie\u0161ams, lai veiksm\u012bgi audz\u0113tu Messor arenarius \u0160aj\u0101 komplekt\u0101 ir viss, kas nepiecie\u0161ams, lai","protected":false},"featured_media":10873,"comment_status":"open","ping_status":"closed","template":"","meta":{"_acf_changed":false,"content-type":"","_monsterinsights_skip_tracking":false,"_monsterinsights_sitenote_active":false,"_monsterinsights_sitenote_note":"","_monsterinsights_sitenote_category":0},"product_brand":[],"product_cat":[355,344,353,73],"product_tag":[],"class_list":{"0":"post-5935","1":"product","2":"type-product","3":"status-publish","4":"has-post-thumbnail","6":"product_cat-bundle-offers","7":"product_cat-popcorn","8":"product_cat-starter-sets-for-harvester-ants","9":"product_cat-starter-sets","11":"first","12":"outofstock","13":"taxable","14":"shipping-taxable","15":"purchasable","16":"product-type-simple"},"acf":[],"aioseo_notices":[],"jetpack_sharing_enabled":true,"_links":{"self":[{"href":"https:\/\/antcube.shop\/lv\/wp-json\/wp\/v2\/product\/5935","targetHints":{"allow":["GET"]}}],"collection":[{"href":"https:\/\/antcube.shop\/lv\/wp-json\/wp\/v2\/product"}],"about":[{"href":"https:\/\/antcube.shop\/lv\/wp-json\/wp\/v2\/types\/product"}],"replies":[{"embeddable":true,"href":"https:\/\/antcube.shop\/lv\/wp-json\/wp\/v2\/comments?post=5935"}],"wp:featuredmedia":[{"embeddable":true,"href":"https:\/\/antcube.shop\/lv\/wp-json\/wp\/v2\/media\/10873"}],"wp:attachment":[{"href":"https:\/\/antcube.shop\/lv\/wp-json\/wp\/v2\/media?parent=5935"}],"wp:term":[{"taxonomy":"product_brand","embeddable":true,"href":"https:\/\/antcube.shop\/lv\/wp-json\/wp\/v2\/product_brand?post=5935"},{"taxonomy":"product_cat","embeddable":true,"href":"https:\/\/antcube.shop\/lv\/wp-json\/wp\/v2\/product_cat?post=5935"},{"taxonomy":"product_tag","embeddable":true,"href":"https:\/\/antcube.shop\/lv\/wp-json\/wp\/v2\/product_tag?post=5935"}],"curies":[{"name":"wp","href":"https:\/\/api.w.org\/{rel}","templated":true}]}}